{"id":29964,"date":"2025-04-10T12:08:05","date_gmt":"2025-04-10T10:08:05","guid":{"rendered":"https:\/\/myspainfood.com\/producto\/sushi-cecina-i-sir-80-jedinica\/"},"modified":"2025-07-28T13:06:22","modified_gmt":"2025-07-28T11:06:22","slug":"sushi-cecina-i-sir-80-jedinica","status":"publish","type":"product","link":"https:\/\/myspainfood.com\/hr\/producto\/sushi-cecina-i-sir-80-jedinica\/","title":{"rendered":"Sushi Cecina i sir 80 jedinica"},"content":{"rendered":"<p>Ulje (85% suncokretovo, 15% maslinovo), masline punjene <strong>in\u0107unima<\/strong> , prepeli\u010dje <strong>jaje<\/strong> , mije\u0161ani sir i su\u0161ena govedina.<\/p>\n","protected":false},"excerpt":{"rendered":"<p>Ulje (85% suncokretovo, 15% maslinovo), masline punjene in\u0107unima , prepeli\u010dje jaje , mije\u0161ani sir i su\u0161ena govedina.<\/p>\n","protected":false},"featured_media":29968,"template":"","meta":{"_et_pb_use_builder":"","_et_pb_old_content":"","_et_gb_content_width":""},"product_brand":[1277],"product_cat":[1876,1791,1792,1878,2304],"product_tag":[],"class_list":{"0":"post-29964","1":"product","2":"type-product","3":"status-publish","4":"has-post-thumbnail","6":"product_brand-bokeo","7":"product_cat-hladno-hr","8":"product_cat-kiseli-krastavci","9":"product_cat-masline-hr","10":"product_cat-pintxos-hr","11":"product_cat-sir-i-kobasice","12":"product_shipping_class-hladna-dostava","14":"first","15":"outofstock","16":"taxable","17":"shipping-taxable","18":"purchasable","19":"product-type-simple"},"_links":{"self":[{"href":"https:\/\/myspainfood.com\/hr\/wp-json\/wp\/v2\/product\/29964","targetHints":{"allow":["GET"]}}],"collection":[{"href":"https:\/\/myspainfood.com\/hr\/wp-json\/wp\/v2\/product"}],"about":[{"href":"https:\/\/myspainfood.com\/hr\/wp-json\/wp\/v2\/types\/product"}],"wp:featuredmedia":[{"embeddable":true,"href":"https:\/\/myspainfood.com\/hr\/wp-json\/wp\/v2\/media\/29968"}],"wp:attachment":[{"href":"https:\/\/myspainfood.com\/hr\/wp-json\/wp\/v2\/media?parent=29964"}],"wp:term":[{"taxonomy":"product_brand","embeddable":true,"href":"https:\/\/myspainfood.com\/hr\/wp-json\/wp\/v2\/product_brand?post=29964"},{"taxonomy":"product_cat","embeddable":true,"href":"https:\/\/myspainfood.com\/hr\/wp-json\/wp\/v2\/product_cat?post=29964"},{"taxonomy":"product_tag","embeddable":true,"href":"https:\/\/myspainfood.com\/hr\/wp-json\/wp\/v2\/product_tag?post=29964"}],"curies":[{"name":"wp","href":"https:\/\/api.w.org\/{rel}","templated":true}]}}