{"id":30175,"date":"2025-04-10T12:08:03","date_gmt":"2025-04-10T10:08:03","guid":{"rendered":"https:\/\/myspainfood.com\/producto\/sir-gildas-i-incuni-iz-kantabrijskog-mora-5-jedinica\/"},"modified":"2025-06-24T16:14:35","modified_gmt":"2025-06-24T14:14:35","slug":"sir-gildas-i-incuni-iz-kantabrijskog-mora-5-jedinica","status":"publish","type":"product","link":"https:\/\/myspainfood.com\/hr\/producto\/sir-gildas-i-incuni-iz-kantabrijskog-mora-5-jedinica\/","title":{"rendered":"Sir Gildas i in\u0107uni iz Kantabrijskog mora 5 jedinica"},"content":{"rendered":"<p>Ulje (85% suncokretovo, 15% maslinovo), masline punjene <strong>in\u0107unima<\/strong> , <strong>kantabrijski<\/strong> file in\u0107una, polusu\u0161eni sir, piparra i crvena paprika.<\/p>\n","protected":false},"excerpt":{"rendered":"<p>Ulje (85% suncokretovo, 15% maslinovo), masline punjene in\u0107unima , kantabrijski file in\u0107una, polusu\u0161eni sir, piparra i crvena paprika.<\/p>\n","protected":false},"featured_media":30181,"template":"","meta":{"_et_pb_use_builder":"","_et_pb_old_content":"","_et_gb_content_width":""},"product_brand":[1277],"product_cat":[4030,1876,1877,1791,1917,1792,2380,1878,2304],"product_tag":[],"class_list":{"0":"post-30175","1":"product","2":"type-product","3":"status-publish","4":"has-post-thumbnail","6":"product_brand-bokeo","7":"product_cat-cili-papricice","8":"product_cat-hladno-hr","9":"product_cat-incuni","10":"product_cat-kiseli-krastavci","11":"product_cat-konzerve","12":"product_cat-masline-hr","13":"product_cat-paprike-hr","14":"product_cat-pintxos-hr","15":"product_cat-sir-i-kobasice","16":"product_shipping_class-hladna-dostava","18":"first","19":"instock","20":"taxable","21":"shipping-taxable","22":"product-type-variable"},"_links":{"self":[{"href":"https:\/\/myspainfood.com\/hr\/wp-json\/wp\/v2\/product\/30175","targetHints":{"allow":["GET"]}}],"collection":[{"href":"https:\/\/myspainfood.com\/hr\/wp-json\/wp\/v2\/product"}],"about":[{"href":"https:\/\/myspainfood.com\/hr\/wp-json\/wp\/v2\/types\/product"}],"wp:featuredmedia":[{"embeddable":true,"href":"https:\/\/myspainfood.com\/hr\/wp-json\/wp\/v2\/media\/30181"}],"wp:attachment":[{"href":"https:\/\/myspainfood.com\/hr\/wp-json\/wp\/v2\/media?parent=30175"}],"wp:term":[{"taxonomy":"product_brand","embeddable":true,"href":"https:\/\/myspainfood.com\/hr\/wp-json\/wp\/v2\/product_brand?post=30175"},{"taxonomy":"product_cat","embeddable":true,"href":"https:\/\/myspainfood.com\/hr\/wp-json\/wp\/v2\/product_cat?post=30175"},{"taxonomy":"product_tag","embeddable":true,"href":"https:\/\/myspainfood.com\/hr\/wp-json\/wp\/v2\/product_tag?post=30175"}],"curies":[{"name":"wp","href":"https:\/\/api.w.org\/{rel}","templated":true}]}}