{"id":30702,"date":"2025-04-10T12:08:40","date_gmt":"2025-04-10T10:08:40","guid":{"rendered":"https:\/\/myspainfood.com\/producto\/dodatni-nasjeckani-file-500gr\/"},"modified":"2025-07-28T10:34:16","modified_gmt":"2025-07-28T08:34:16","slug":"dodatni-nasjeckani-file-500gr","status":"publish","type":"product","link":"https:\/\/myspainfood.com\/hr\/producto\/dodatni-nasjeckani-file-500gr\/","title":{"rendered":"Dodatni nasjeckani file 500gr"},"content":{"rendered":"<p><a href=\"https:\/\/labarajilla.es\/bacalao\/\" target=\"_blank\" rel=\"noopener noreferrer nofollow\">La Barajilla<\/a> Extra 500g nasjeckani file temelji se na otvorenom rezu usoljenog bakalara, odabirom najso\u010dnijeg dijela i izbjegavanjem kostiju.<\/p>\n<ul>\n<li><strong>VRSTA<\/strong> : Bakalar (Gadus Morhua)<u><\/u><u><\/u><\/li>\n<li><strong>RIBOLOVNO PODRU\u010cJE<\/strong> : Sjeverozapadni Atlantik (FAO 27)<u><\/u><u><\/u><\/li>\n<li><strong>SKLADI\u0160TENJE<\/strong> : izme\u0111u 0\u00baC i 5\u00baC<\/li>\n<\/ul>\n<p>S nutritivnog gledi\u0161ta, bakalar je hrana bogata proteinima visoke biolo\u0161ke vrijednosti i probavljivosti, s niskim udjelom masti i kalorija.<\/p>\n<p>Sadr\u017eaj vode je oko 80% (u svje\u017eem bakalaru).<\/p>\n<p>Ovaj bakalar je dobar izvor vitamina (uglavnom skupine B) i minerala esencijalnih za tijelo.<\/p>\n<p>Svje\u017ei ili odsoljeni bakalar mogu konzumirati osobe s visokim krvnim tlakom jer ima malo natrija, a mnogo kalija.<\/p>\n<p>\u201eBakalar\u201c je uobi\u010dajeni naziv za nekoliko vrsta riba iz roda Gadus, iako neke iz istog roda mogu imati i druga imena.<\/p>\n<p>Naj\u010de\u0161\u0107a vrsta je atlantski bakalar (Gadus morhua ili obi\u010dni bakalar).<\/p>\n<p>Ako \u017eelite kupiti dodatni sjeckani file od 500 g ili bilo koju drugu vrstu <a href=\"https:\/\/latiendadesami.com\/categoria-producto\/frio\/\" rel=\"noopener noreferrer nofollow\" target=\"_blank\">hladnog<\/a> proizvoda, slobodno pogledajte cijeli na\u0161 online katalog kako biste vidjeli \u0161irok izbor bakalara koji imamo.<\/p>\n<p>Pi\u0161ite nam za vi\u0161e informacija.<\/p>\n","protected":false},"excerpt":{"rendered":"<p>La Barajilla Extra 500g nasjeckani file temelji se na otvorenom rezu usoljenog bakalara, odabirom najso\u010dnijeg dijela i izbjegavanjem kostiju. VRSTA : Bakalar (Gadus Morhua) RIBOLOVNO PODRU\u010cJE : Sjeverozapadni Atlantik (FAO 27) SKLADI\u0160TENJE : izme\u0111u 0\u00baC i 5\u00baC S nutritivnog gledi\u0161ta, bakalar je hrana bogata proteinima visoke biolo\u0161ke vrijednosti i probavljivosti, s niskim udjelom masti i [&hellip;]<\/p>\n","protected":false},"featured_media":30703,"template":"","meta":{"_et_pb_use_builder":"","_et_pb_old_content":"","_et_gb_content_width":""},"product_brand":[1290],"product_cat":[3557,1876],"product_tag":[],"class_list":{"0":"post-30702","1":"product","2":"type-product","3":"status-publish","4":"has-post-thumbnail","6":"product_brand-la-barajilla","7":"product_cat-bakalar","8":"product_cat-hladno-hr","9":"product_shipping_class-hladna-dostava","11":"first","12":"outofstock","13":"taxable","14":"shipping-taxable","15":"purchasable","16":"product-type-simple"},"_links":{"self":[{"href":"https:\/\/myspainfood.com\/hr\/wp-json\/wp\/v2\/product\/30702","targetHints":{"allow":["GET"]}}],"collection":[{"href":"https:\/\/myspainfood.com\/hr\/wp-json\/wp\/v2\/product"}],"about":[{"href":"https:\/\/myspainfood.com\/hr\/wp-json\/wp\/v2\/types\/product"}],"wp:featuredmedia":[{"embeddable":true,"href":"https:\/\/myspainfood.com\/hr\/wp-json\/wp\/v2\/media\/30703"}],"wp:attachment":[{"href":"https:\/\/myspainfood.com\/hr\/wp-json\/wp\/v2\/media?parent=30702"}],"wp:term":[{"taxonomy":"product_brand","embeddable":true,"href":"https:\/\/myspainfood.com\/hr\/wp-json\/wp\/v2\/product_brand?post=30702"},{"taxonomy":"product_cat","embeddable":true,"href":"https:\/\/myspainfood.com\/hr\/wp-json\/wp\/v2\/product_cat?post=30702"},{"taxonomy":"product_tag","embeddable":true,"href":"https:\/\/myspainfood.com\/hr\/wp-json\/wp\/v2\/product_tag?post=30702"}],"curies":[{"name":"wp","href":"https:\/\/api.w.org\/{rel}","templated":true}]}}