{"id":31247,"date":"2025-04-10T12:08:39","date_gmt":"2025-04-10T10:08:39","guid":{"rendered":"https:\/\/myspainfood.com\/producto\/prirodne-skoljke-120-gr-25-30-komada\/"},"modified":"2025-04-10T12:08:39","modified_gmt":"2025-04-10T10:08:39","slug":"prirodne-skoljke-120-gr-25-30-komada","status":"publish","type":"product","link":"https:\/\/myspainfood.com\/hr\/producto\/prirodne-skoljke-120-gr-25-30-komada\/","title":{"rendered":"Prirodne \u0161koljke 120 gr 25\/30 komada"},"content":{"rendered":"<p>Prirodne \u0161koljke 120 gr 25\/30 komada iz <a href=\"https:\/\/conservasarlequin.com\/arlequin\/\" target=\"_blank\" rel=\"noopener noreferrer nofollow\">Arlequ\u00edna<\/a> su ru\u010dno izra\u0111eni konzervirani proizvod.<\/p>\n<p>U Conservas <a href=\"https:\/\/latiendadesami.com\/marca\/arlequin\/\" target=\"_blank\" rel=\"noopener noreferrer nofollow\">Arlequ\u00edn,<\/a> na\u0161a je misija ponuditi izvrstan proizvod, najbolju uslugu i \u0161irok asortiman konzervirane ribe po najpovoljnijoj cijeni.<\/p>\n<p>Osim toga, specijalisti su za in\u0107une, bijelu ribu, palamidu, laganu tunu, dagnje, harlequin dagnje 13\/18 u umaku od jakobovih kapica, sku\u0161u, gula\u0161 i sardine.<\/p>\n<p>Na primjer, Comidista novina El Pa\u00eds rekao je o ventresci: &#8220;Tako je nje\u017ena, gotovo kremasta, da vas tjera da se njome o\u017eenite i \u017eivite sretno dok vas Gospodin ne uzme.&#8221;<\/p>\n<h4>Glavne prednosti konzervi<\/h4>\n<ol>\n<li>Zadr\u017eavaju sva nutritivna svojstva same hrane. Hrana zadr\u017eava svoju svje\u017einu. <\/li>\n<li>Kori\u0161tene namirnice su zdrave i stoga prikladne za optimalnu prehranu zahvaljuju\u0107i visokom broju vitamina i proteina.<\/li>\n<li>Ovi proizvodi imaju dulji vijek trajanja (obi\u010dno izme\u0111u 2 i 5 godina).<\/li>\n<li>Konzerve je vrlo lako \u010duvati jer im pakiranje omogu\u0107uje jednostavnu primjenu.<\/li>\n<\/ol>\n<p>Ako \u017eelite kupiti tunu ili bilo koju drugu vrstu <a href=\"https:\/\/latiendadesami.com\/categoria-producto\/conservas\/\" rel=\"noopener noreferrer nofollow\" target=\"_blank\">konzervirane hrane<\/a> , slobodno pogledajte cijeli na\u0161 online katalog kako biste vidjeli \u0161irok izbor <a href=\"https:\/\/latiendadesami.com\/categoria-producto\/conservas\/atun-y-bonito\/\" target=\"_blank\" rel=\"noopener noreferrer nofollow\">tune<\/a> koju imamo.<\/p>\n<p>Pi\u0161ite nam za vi\u0161e informacija.<\/p>\n","protected":false},"excerpt":{"rendered":"<p>Prirodne \u0161koljke 120 gr 25\/30 komada iz Arlequ\u00edna su ru\u010dno izra\u0111eni konzervirani proizvod. U Conservas Arlequ\u00edn, na\u0161a je misija ponuditi izvrstan proizvod, najbolju uslugu i \u0161irok asortiman konzervirane ribe po najpovoljnijoj cijeni. Osim toga, specijalisti su za in\u0107une, bijelu ribu, palamidu, laganu tunu, dagnje, harlequin dagnje 13\/18 u umaku od jakobovih kapica, sku\u0161u, gula\u0161 i [&hellip;]<\/p>\n","protected":false},"featured_media":31255,"template":"","meta":{"_et_pb_use_builder":"","_et_pb_old_content":"","_et_gb_content_width":""},"product_brand":[1162],"product_cat":[4073,1917,1918],"product_tag":[],"class_list":{"0":"post-31247","1":"product","2":"type-product","3":"status-publish","4":"has-post-thumbnail","6":"product_brand-arlequin","7":"product_cat-dagnje-hr","8":"product_cat-konzerve","9":"product_cat-skoljke","11":"first","12":"outofstock","13":"taxable","14":"shipping-taxable","15":"product-type-variable"},"_links":{"self":[{"href":"https:\/\/myspainfood.com\/hr\/wp-json\/wp\/v2\/product\/31247","targetHints":{"allow":["GET"]}}],"collection":[{"href":"https:\/\/myspainfood.com\/hr\/wp-json\/wp\/v2\/product"}],"about":[{"href":"https:\/\/myspainfood.com\/hr\/wp-json\/wp\/v2\/types\/product"}],"wp:featuredmedia":[{"embeddable":true,"href":"https:\/\/myspainfood.com\/hr\/wp-json\/wp\/v2\/media\/31255"}],"wp:attachment":[{"href":"https:\/\/myspainfood.com\/hr\/wp-json\/wp\/v2\/media?parent=31247"}],"wp:term":[{"taxonomy":"product_brand","embeddable":true,"href":"https:\/\/myspainfood.com\/hr\/wp-json\/wp\/v2\/product_brand?post=31247"},{"taxonomy":"product_cat","embeddable":true,"href":"https:\/\/myspainfood.com\/hr\/wp-json\/wp\/v2\/product_cat?post=31247"},{"taxonomy":"product_tag","embeddable":true,"href":"https:\/\/myspainfood.com\/hr\/wp-json\/wp\/v2\/product_tag?post=31247"}],"curies":[{"name":"wp","href":"https:\/\/api.w.org\/{rel}","templated":true}]}}