{"id":31521,"date":"2025-04-10T12:08:39","date_gmt":"2025-04-10T10:08:39","guid":{"rendered":"https:\/\/myspainfood.com\/producto\/ferreiros-albarino-cruceiro\/"},"modified":"2025-04-10T12:08:39","modified_gmt":"2025-04-10T10:08:39","slug":"ferreiros-albarino-cruceiro","status":"publish","type":"product","link":"https:\/\/myspainfood.com\/hr\/producto\/ferreiros-albarino-cruceiro\/","title":{"rendered":"Ferreiros Albari\u00f1o Cruceiro"},"content":{"rendered":"<p>Ovo klasi\u010dno galicijsko vino je \u010disto i svijetlo, gotovo zelene boje. Arome grejpfruta pjevaju na cvjetnoj pozadini s naznakama mineralnosti. Ima tijelo, dobru strukturu i sna\u017ean zavr\u0161etak, odli\u010dno vino za lagana jela od ribe ili svje\u017eeg sira.  <\/p>\n<div>Vino proizvedeno od sorti gro\u017e\u0111a Albari\u00f1o, Godello i Loureiro osvojilo je srebrnu medalju na International Wine Awards 2017. u kategoriji bijelih vina.<\/div>\n<p>Naziv\/Podru\u010dje: Ixp Do Mi\u00f1o<\/p>\n","protected":false},"excerpt":{"rendered":"<p>Ovo klasi\u010dno galicijsko vino je \u010disto i svijetlo, gotovo zelene boje. Arome grejpfruta pjevaju na cvjetnoj pozadini s naznakama mineralnosti. Ima tijelo, dobru strukturu i sna\u017ean zavr\u0161etak, odli\u010dno vino za lagana jela od ribe ili svje\u017eeg sira. Vino proizvedeno od sorti gro\u017e\u0111a Albari\u00f1o, Godello i Loureiro osvojilo je srebrnu medalju na International Wine Awards 2017. [&hellip;]<\/p>\n","protected":false},"featured_media":31526,"template":"","meta":{"_et_pb_use_builder":"","_et_pb_old_content":"","_et_gb_content_width":""},"product_brand":[1302],"product_cat":[6286,4919],"product_tag":[7033],"class_list":{"0":"post-31521","1":"product","2":"type-product","3":"status-publish","4":"has-post-thumbnail","6":"product_brand-galiciano","7":"product_cat-dosao-hr-2","8":"product_cat-pica","9":"product_tag-albarino-hr","11":"first","12":"instock","13":"taxable","14":"shipping-taxable","15":"purchasable","16":"product-type-variable"},"_links":{"self":[{"href":"https:\/\/myspainfood.com\/hr\/wp-json\/wp\/v2\/product\/31521","targetHints":{"allow":["GET"]}}],"collection":[{"href":"https:\/\/myspainfood.com\/hr\/wp-json\/wp\/v2\/product"}],"about":[{"href":"https:\/\/myspainfood.com\/hr\/wp-json\/wp\/v2\/types\/product"}],"wp:featuredmedia":[{"embeddable":true,"href":"https:\/\/myspainfood.com\/hr\/wp-json\/wp\/v2\/media\/31526"}],"wp:attachment":[{"href":"https:\/\/myspainfood.com\/hr\/wp-json\/wp\/v2\/media?parent=31521"}],"wp:term":[{"taxonomy":"product_brand","embeddable":true,"href":"https:\/\/myspainfood.com\/hr\/wp-json\/wp\/v2\/product_brand?post=31521"},{"taxonomy":"product_cat","embeddable":true,"href":"https:\/\/myspainfood.com\/hr\/wp-json\/wp\/v2\/product_cat?post=31521"},{"taxonomy":"product_tag","embeddable":true,"href":"https:\/\/myspainfood.com\/hr\/wp-json\/wp\/v2\/product_tag?post=31521"}],"curies":[{"name":"wp","href":"https:\/\/api.w.org\/{rel}","templated":true}]}}