{"id":31702,"date":"2025-04-10T12:09:08","date_gmt":"2025-04-10T10:09:08","guid":{"rendered":"https:\/\/myspainfood.com\/producto\/ovcji-sir-s-ruzmarinom-el-gran-cardenal\/"},"modified":"2025-06-24T14:13:13","modified_gmt":"2025-06-24T12:13:13","slug":"ovcji-sir-s-ruzmarinom-el-gran-cardenal","status":"publish","type":"product","link":"https:\/\/myspainfood.com\/hr\/producto\/ovcji-sir-s-ruzmarinom-el-gran-cardenal\/","title":{"rendered":"Ov\u010dji sir s ru\u017emarinom El Gran Cardenal"},"content":{"rendered":"<div class=\"et_pb_blurb_container\">\n<div class=\"et_pb_blurb_container\">\n<h4 class=\"et_pb_module_header\">Ovce s ru\u017emarinom<\/h4>\n<div class=\"et_pb_blurb_description\">Ru\u017emarin je aromati\u010dna biljka tipi\u010dna za mediteransko podru\u010dje. Njegova aroma pro\u017eima na\u0161 sir Castellano de Oveja, daju\u0107i mu bogato nijansiranu aromu i okus, a istovremeno poma\u017ee u za\u0161titi sira. <\/p>\n<p>U jeziku cvije\u0107a, ru\u017emarin je simbol dobre vjere i iskrenosti.<\/p><\/div>\n<\/div>\n<\/div>\n","protected":false},"excerpt":{"rendered":"<p>Ovce s ru\u017emarinom Ru\u017emarin je aromati\u010dna biljka tipi\u010dna za mediteransko podru\u010dje. Njegova aroma pro\u017eima na\u0161 sir Castellano de Oveja, daju\u0107i mu bogato nijansiranu aromu i okus, a istovremeno poma\u017ee u za\u0161titi sira. U jeziku cvije\u0107a, ru\u017emarin je simbol dobre vjere i iskrenosti.<\/p>\n","protected":false},"featured_media":31708,"template":"","meta":{"_et_pb_use_builder":"","_et_pb_old_content":"","_et_gb_content_width":""},"product_brand":[1319],"product_cat":[1876,2760,2304],"product_tag":[],"class_list":{"0":"post-31702","1":"product","2":"type-product","3":"status-publish","4":"has-post-thumbnail","6":"product_brand-el-gran-cardenal","7":"product_cat-hladno-hr","8":"product_cat-izlijecen","9":"product_cat-sir-i-kobasice","10":"product_shipping_class-hladna-dostava","12":"first","13":"outofstock","14":"taxable","15":"shipping-taxable","16":"purchasable","17":"product-type-variable"},"_links":{"self":[{"href":"https:\/\/myspainfood.com\/hr\/wp-json\/wp\/v2\/product\/31702","targetHints":{"allow":["GET"]}}],"collection":[{"href":"https:\/\/myspainfood.com\/hr\/wp-json\/wp\/v2\/product"}],"about":[{"href":"https:\/\/myspainfood.com\/hr\/wp-json\/wp\/v2\/types\/product"}],"wp:featuredmedia":[{"embeddable":true,"href":"https:\/\/myspainfood.com\/hr\/wp-json\/wp\/v2\/media\/31708"}],"wp:attachment":[{"href":"https:\/\/myspainfood.com\/hr\/wp-json\/wp\/v2\/media?parent=31702"}],"wp:term":[{"taxonomy":"product_brand","embeddable":true,"href":"https:\/\/myspainfood.com\/hr\/wp-json\/wp\/v2\/product_brand?post=31702"},{"taxonomy":"product_cat","embeddable":true,"href":"https:\/\/myspainfood.com\/hr\/wp-json\/wp\/v2\/product_cat?post=31702"},{"taxonomy":"product_tag","embeddable":true,"href":"https:\/\/myspainfood.com\/hr\/wp-json\/wp\/v2\/product_tag?post=31702"}],"curies":[{"name":"wp","href":"https:\/\/api.w.org\/{rel}","templated":true}]}}