{"id":31812,"date":"2025-04-10T12:09:10","date_gmt":"2025-04-10T10:09:10","guid":{"rendered":"https:\/\/myspainfood.com\/producto\/kozji-i-kravlji-sir-s-crnim-cesnjakom-el-gran-cardenal\/"},"modified":"2025-06-24T16:12:48","modified_gmt":"2025-06-24T14:12:48","slug":"kozji-i-kravlji-sir-s-crnim-cesnjakom-el-gran-cardenal","status":"publish","type":"product","link":"https:\/\/myspainfood.com\/hr\/producto\/kozji-i-kravlji-sir-s-crnim-cesnjakom-el-gran-cardenal\/","title":{"rendered":"Kozji i kravlji sir s crnim \u010de\u0161njakom El Gran Cardenal"},"content":{"rendered":"<div class=\"et_pb_blurb_container\">\n<div class=\"et_pb_blurb_container\">\n<div class=\"et_pb_blurb_container\">\n<h4 class=\"et_pb_module_header\">Kozja s crnim \u010de\u0161njakom<\/h4>\n<div class=\"et_pb_blurb_description\">Kremasti sir napravljen od kozjeg i kravljeg mlijeka, koji sadr\u017ei porcije crnog \u010de\u0161njaka. To mu daje blago sladak okus i pru\u017ea antioksidativna svojstva. <\/p>\n<p>Druga svojstva koja mu se pripisuju uklju\u010duju smanjenje rizika od raka i produljenje \u017eivota. Ono u \u0161to smo sigurni jest da \u0107e rezultat okusa kozjeg mlijeka u kombinaciji s okusom crnog \u010de\u0161njaka biti ugodno iznena\u0111enje. <\/p><\/div>\n<\/div>\n<\/div>\n<\/div>\n","protected":false},"excerpt":{"rendered":"<p>Kozja s crnim \u010de\u0161njakom Kremasti sir napravljen od kozjeg i kravljeg mlijeka, koji sadr\u017ei porcije crnog \u010de\u0161njaka. To mu daje blago sladak okus i pru\u017ea antioksidativna svojstva. Druga svojstva koja mu se pripisuju uklju\u010duju smanjenje rizika od raka i produljenje \u017eivota. Ono u \u0161to smo sigurni jest da \u0107e rezultat okusa kozjeg mlijeka u kombinaciji [&hellip;]<\/p>\n","protected":false},"featured_media":31816,"template":"","meta":{"_et_pb_use_builder":"","_et_pb_old_content":"","_et_gb_content_width":""},"product_brand":[1319],"product_cat":[1876,2760,2304],"product_tag":[],"class_list":{"0":"post-31812","1":"product","2":"type-product","3":"status-publish","4":"has-post-thumbnail","6":"product_brand-el-gran-cardenal","7":"product_cat-hladno-hr","8":"product_cat-izlijecen","9":"product_cat-sir-i-kobasice","10":"product_shipping_class-hladna-dostava","12":"first","13":"outofstock","14":"taxable","15":"shipping-taxable","16":"purchasable","17":"product-type-variable"},"_links":{"self":[{"href":"https:\/\/myspainfood.com\/hr\/wp-json\/wp\/v2\/product\/31812","targetHints":{"allow":["GET"]}}],"collection":[{"href":"https:\/\/myspainfood.com\/hr\/wp-json\/wp\/v2\/product"}],"about":[{"href":"https:\/\/myspainfood.com\/hr\/wp-json\/wp\/v2\/types\/product"}],"wp:featuredmedia":[{"embeddable":true,"href":"https:\/\/myspainfood.com\/hr\/wp-json\/wp\/v2\/media\/31816"}],"wp:attachment":[{"href":"https:\/\/myspainfood.com\/hr\/wp-json\/wp\/v2\/media?parent=31812"}],"wp:term":[{"taxonomy":"product_brand","embeddable":true,"href":"https:\/\/myspainfood.com\/hr\/wp-json\/wp\/v2\/product_brand?post=31812"},{"taxonomy":"product_cat","embeddable":true,"href":"https:\/\/myspainfood.com\/hr\/wp-json\/wp\/v2\/product_cat?post=31812"},{"taxonomy":"product_tag","embeddable":true,"href":"https:\/\/myspainfood.com\/hr\/wp-json\/wp\/v2\/product_tag?post=31812"}],"curies":[{"name":"wp","href":"https:\/\/api.w.org\/{rel}","templated":true}]}}