{"id":32181,"date":"2025-04-10T12:08:59","date_gmt":"2025-04-10T10:08:59","guid":{"rendered":"https:\/\/myspainfood.com\/producto\/m-jesus-de-la-hoz-monsalve-2024-verdejo\/"},"modified":"2025-04-10T12:08:59","modified_gmt":"2025-04-10T10:08:59","slug":"m-jesus-de-la-hoz-monsalve-2024-verdejo","status":"publish","type":"product","link":"https:\/\/myspainfood.com\/hr\/producto\/m-jesus-de-la-hoz-monsalve-2024-verdejo\/","title":{"rendered":"M Jesus de La Hoz Monsalve 2024 Verdejo"},"content":{"rendered":"<div class=\"cs-blog-content\">\n<p>Ovo vino je dobilo ime po obiteljskoj tradiciji koja je ukorijenjena u vinarstvu. Proizvodna oprema koristi najnoviju tehnologiju kako bi se osiguralo da mo\u0161t ne zadr\u017ei ni\u0161ta od svoje sortne prirode. Fermentacija u nehr\u0111aju\u0107em \u010deliku osigurava apsolutnu kontrolu temperature, osiguravaju\u0107i rigorozne kontrole kvalitete za svaki proces. <\/p>\n<p><strong>Boja:<\/strong> svijetlo siva.<\/p>\n<p><strong>Aroma:<\/strong> izra\u017eajna, sortna, svje\u017eeg vo\u0107a.<\/p>\n<p><strong>Okus:<\/strong> ukusan, vo\u0107ni, svje\u017e, mesnat.<\/p>\n<\/div>\n<h1><span class=\"vintage\"> <\/span><\/h1>\n","protected":false},"excerpt":{"rendered":"<p>Ovo vino je dobilo ime po obiteljskoj tradiciji koja je ukorijenjena u vinarstvu. Proizvodna oprema koristi najnoviju tehnologiju kako bi se osiguralo da mo\u0161t ne zadr\u017ei ni\u0161ta od svoje sortne prirode. Fermentacija u nehr\u0111aju\u0107em \u010deliku osigurava apsolutnu kontrolu temperature, osiguravaju\u0107i rigorozne kontrole kvalitete za svaki proces. Boja: svijetlo siva. Aroma: izra\u017eajna, sortna, svje\u017eeg vo\u0107a. Okus: [&hellip;]<\/p>\n","protected":false},"featured_media":32188,"template":"","meta":{"_et_pb_use_builder":"","_et_pb_old_content":"","_et_gb_content_width":""},"product_brand":[1140],"product_cat":[5275,4919],"product_tag":[7122,7123],"class_list":{"0":"post-32181","1":"product","2":"type-product","3":"status-publish","4":"has-post-thumbnail","6":"product_brand-ladera-de-los-obispos","7":"product_cat-dosao-hr","8":"product_cat-pica","9":"product_tag-gotika","10":"product_tag-kotac","12":"first","13":"instock","14":"featured","15":"taxable","16":"shipping-taxable","17":"purchasable","18":"product-type-variable"},"_links":{"self":[{"href":"https:\/\/myspainfood.com\/hr\/wp-json\/wp\/v2\/product\/32181","targetHints":{"allow":["GET"]}}],"collection":[{"href":"https:\/\/myspainfood.com\/hr\/wp-json\/wp\/v2\/product"}],"about":[{"href":"https:\/\/myspainfood.com\/hr\/wp-json\/wp\/v2\/types\/product"}],"wp:featuredmedia":[{"embeddable":true,"href":"https:\/\/myspainfood.com\/hr\/wp-json\/wp\/v2\/media\/32188"}],"wp:attachment":[{"href":"https:\/\/myspainfood.com\/hr\/wp-json\/wp\/v2\/media?parent=32181"}],"wp:term":[{"taxonomy":"product_brand","embeddable":true,"href":"https:\/\/myspainfood.com\/hr\/wp-json\/wp\/v2\/product_brand?post=32181"},{"taxonomy":"product_cat","embeddable":true,"href":"https:\/\/myspainfood.com\/hr\/wp-json\/wp\/v2\/product_cat?post=32181"},{"taxonomy":"product_tag","embeddable":true,"href":"https:\/\/myspainfood.com\/hr\/wp-json\/wp\/v2\/product_tag?post=32181"}],"curies":[{"name":"wp","href":"https:\/\/api.w.org\/{rel}","templated":true}]}}