{"id":32651,"date":"2025-04-10T12:09:05","date_gmt":"2025-04-10T10:09:05","guid":{"rendered":"https:\/\/myspainfood.com\/producto\/valdezarza-ekstra-djevicansko-maslinovo-ulje-5-litara-2\/"},"modified":"2026-01-29T12:25:53","modified_gmt":"2026-01-29T11:25:53","slug":"valdezarza-ekstra-djevicansko-maslinovo-ulje-5-litara-2","status":"publish","type":"product","link":"https:\/\/myspainfood.com\/hr\/producto\/valdezarza-ekstra-djevicansko-maslinovo-ulje-5-litara-2\/","title":{"rendered":"VALDEZARZA ekstra djevi\u010dansko maslinovo ulje 5 litara"},"content":{"rendered":"<p>Valdezarza ekstra djevi\u010dansko maslinovo ulje 5l je vrhunska kategorija ekstra djevi\u010danskog maslinovog ulja, dobivenog izravno iz maslina i isklju\u010divo mehani\u010dkim postupcima.<\/p>\n<p>Valdezarza se nalazi u srcu Montes de Toledo (\u0160panjolska) i ima integrirani ekosustav maslinika i prirode.<\/p>\n<p>Proizvodi se najfiniji sok od maslina: <a href=\"https:\/\/aceitesvaldezarza.com\/quienes-somos\/\" target=\"_blank\" rel=\"noopener noreferrer nofollow\">VALDEZARZA<\/a> ekstra djevi\u010dansko maslinovo ulje.<\/p>\n<p>Imanje Valdezarza nalazi se u op\u0107ini San Mart\u00edn de Montalb\u00e1n, geografski integriranoj u Montes de Toledo.<\/p>\n<p>Prostire se na povr\u0161ini od 700 hektara, a ve\u0107ina ovog zemlji\u0161ta smatra se za\u0161ti\u0107enom mediteranskom \u0161umom i kontroliranim ekosustavom.<\/p>\n<p>Ovo podru\u010dje je dio projekta ponovnog naseljavanja iberijskog risa, a mo\u017eete u\u017eivati \u200b\u200bu spektakularnim slikama nekoliko risova koji se odmaraju pod stablima maslina.<\/p>\n<p>Pakirnica koju imaju daje im ve\u0107u kontrolu nad cijelim procesom, od masline do pakiranja.<\/p>\n<p>Nadalje, ova tvrtka ima stvarne istra\u017eiva\u010dke, razvojne i implementacijske projekte poput Projekta Messor.<\/p>\n<p>Ako \u017eelite kupiti <a href=\"https:\/\/latiendadesami.com\/categoria-producto\/aceite\/\" rel=\"noopener noreferrer nofollow\" target=\"_blank\">ulje<\/a> , slobodno pogledajte cijeli na\u0161 online katalog kako biste vidjeli \u0161irok izbor proizvoda koje imamo, kao \u0161to je Valdezarza ekstra djevi\u010dansko maslinovo ulje 5l.<\/p>\n<p>Pi\u0161ite nam za vi\u0161e informacija o bilo kojoj od na\u0161ih namirnica.<\/p>\n","protected":false},"excerpt":{"rendered":"<p>Valdezarza ekstra djevi\u010dansko maslinovo ulje 5l je vrhunska kategorija ekstra djevi\u010danskog maslinovog ulja, dobivenog izravno iz maslina i isklju\u010divo mehani\u010dkim postupcima. Valdezarza se nalazi u srcu Montes de Toledo (\u0160panjolska) i ima integrirani ekosustav maslinika i prirode. Proizvodi se najfiniji sok od maslina: VALDEZARZA ekstra djevi\u010dansko maslinovo ulje. Imanje Valdezarza nalazi se u op\u0107ini San [&hellip;]<\/p>\n","protected":false},"featured_media":32656,"template":"","meta":{"_et_pb_use_builder":"","_et_pb_old_content":"","_et_gb_content_width":""},"product_brand":[1221],"product_cat":[2637,2636],"product_tag":[2639],"class_list":{"0":"post-32651","1":"product","2":"type-product","3":"status-publish","4":"has-post-thumbnail","6":"product_brand-valdezarza","7":"product_cat-ekstra-djevicansko-maslinovo-ulje","8":"product_cat-ulje","9":"product_tag-ulje","11":"first","12":"outofstock","13":"featured","14":"taxable","15":"shipping-taxable","16":"purchasable","17":"product-type-simple"},"_links":{"self":[{"href":"https:\/\/myspainfood.com\/hr\/wp-json\/wp\/v2\/product\/32651","targetHints":{"allow":["GET"]}}],"collection":[{"href":"https:\/\/myspainfood.com\/hr\/wp-json\/wp\/v2\/product"}],"about":[{"href":"https:\/\/myspainfood.com\/hr\/wp-json\/wp\/v2\/types\/product"}],"wp:featuredmedia":[{"embeddable":true,"href":"https:\/\/myspainfood.com\/hr\/wp-json\/wp\/v2\/media\/32656"}],"wp:attachment":[{"href":"https:\/\/myspainfood.com\/hr\/wp-json\/wp\/v2\/media?parent=32651"}],"wp:term":[{"taxonomy":"product_brand","embeddable":true,"href":"https:\/\/myspainfood.com\/hr\/wp-json\/wp\/v2\/product_brand?post=32651"},{"taxonomy":"product_cat","embeddable":true,"href":"https:\/\/myspainfood.com\/hr\/wp-json\/wp\/v2\/product_cat?post=32651"},{"taxonomy":"product_tag","embeddable":true,"href":"https:\/\/myspainfood.com\/hr\/wp-json\/wp\/v2\/product_tag?post=32651"}],"curies":[{"name":"wp","href":"https:\/\/api.w.org\/{rel}","templated":true}]}}