{"id":32825,"date":"2025-04-10T12:09:07","date_gmt":"2025-04-10T10:09:07","guid":{"rendered":"https:\/\/myspainfood.com\/producto\/ovcji-sir-s-uljem-el-gran-cardenal\/"},"modified":"2025-07-28T10:41:16","modified_gmt":"2025-07-28T08:41:16","slug":"ovcji-sir-s-uljem-el-gran-cardenal","status":"publish","type":"product","link":"https:\/\/myspainfood.com\/hr\/producto\/ovcji-sir-s-uljem-el-gran-cardenal\/","title":{"rendered":"Ov\u010dji sir s uljem El Gran Cardenal"},"content":{"rendered":"<div class=\"et_pb_blurb_container\">\n<div class=\"et_pb_blurb_container\">\n<h4 class=\"et_pb_module_header\">Ovce s uljem<\/h4>\n<div class=\"et_pb_blurb_description\">Na\u0161 kastiljski ov\u010dji sir, dobitnik \u010detiri me\u0111unarodne zlatne medalje, uz jedno od blaga mediteranske prehrane, maslinovo ulje.<\/p>\n<p> Za to koristimo vlastito ulje, s maslina starih stolje\u0107ima koje rastu na zemlji koju su San Isidro i njegova supruga obra\u0111ivali.<\/p><\/div>\n<\/div>\n<\/div>\n","protected":false},"excerpt":{"rendered":"<p>Ovce s uljem Na\u0161 kastiljski ov\u010dji sir, dobitnik \u010detiri me\u0111unarodne zlatne medalje, uz jedno od blaga mediteranske prehrane, maslinovo ulje. Za to koristimo vlastito ulje, s maslina starih stolje\u0107ima koje rastu na zemlji koju su San Isidro i njegova supruga obra\u0111ivali.<\/p>\n","protected":false},"featured_media":32832,"template":"","meta":{"_et_pb_use_builder":"","_et_pb_old_content":"","_et_gb_content_width":""},"product_brand":[1319],"product_cat":[1876,2760,2304],"product_tag":[],"class_list":{"0":"post-32825","1":"product","2":"type-product","3":"status-publish","4":"has-post-thumbnail","6":"product_brand-el-gran-cardenal","7":"product_cat-hladno-hr","8":"product_cat-izlijecen","9":"product_cat-sir-i-kobasice","10":"product_shipping_class-hladna-dostava","12":"first","13":"outofstock","14":"taxable","15":"shipping-taxable","16":"purchasable","17":"product-type-variable"},"_links":{"self":[{"href":"https:\/\/myspainfood.com\/hr\/wp-json\/wp\/v2\/product\/32825","targetHints":{"allow":["GET"]}}],"collection":[{"href":"https:\/\/myspainfood.com\/hr\/wp-json\/wp\/v2\/product"}],"about":[{"href":"https:\/\/myspainfood.com\/hr\/wp-json\/wp\/v2\/types\/product"}],"wp:featuredmedia":[{"embeddable":true,"href":"https:\/\/myspainfood.com\/hr\/wp-json\/wp\/v2\/media\/32832"}],"wp:attachment":[{"href":"https:\/\/myspainfood.com\/hr\/wp-json\/wp\/v2\/media?parent=32825"}],"wp:term":[{"taxonomy":"product_brand","embeddable":true,"href":"https:\/\/myspainfood.com\/hr\/wp-json\/wp\/v2\/product_brand?post=32825"},{"taxonomy":"product_cat","embeddable":true,"href":"https:\/\/myspainfood.com\/hr\/wp-json\/wp\/v2\/product_cat?post=32825"},{"taxonomy":"product_tag","embeddable":true,"href":"https:\/\/myspainfood.com\/hr\/wp-json\/wp\/v2\/product_tag?post=32825"}],"curies":[{"name":"wp","href":"https:\/\/api.w.org\/{rel}","templated":true}]}}