{"id":32876,"date":"2025-04-10T12:09:28","date_gmt":"2025-04-10T10:09:28","guid":{"rendered":"https:\/\/myspainfood.com\/producto\/kastiljski-ovcji-sir-el-gran-cardenal\/"},"modified":"2025-07-28T13:12:53","modified_gmt":"2025-07-28T11:12:53","slug":"kastiljski-ovcji-sir-el-gran-cardenal","status":"publish","type":"product","link":"https:\/\/myspainfood.com\/hr\/producto\/kastiljski-ovcji-sir-el-gran-cardenal\/","title":{"rendered":"Kastiljski ov\u010dji sir El Gran Cardenal"},"content":{"rendered":"<div class=\"et_pb_blurb_container\">\n<div class=\"et_pb_blurb_container\">\n<div class=\"et_pb_blurb_container\">\n<p class=\"et_pb_module_header\">Sirovo ov\u010dje mlijeko<\/p>\n<div class=\"et_pb_blurb_description\">Napravljeno od najfinijeg mlijeka, prikupljenog svakodnevno kako bi se osigurala svje\u017eina i kvaliteta, jam\u010de\u0107i vrhunski okus i aromu.<\/div>\n<\/div>\n<\/div>\n<\/div>\n","protected":false},"excerpt":{"rendered":"<p>Sirovo ov\u010dje mlijeko Napravljeno od najfinijeg mlijeka, prikupljenog svakodnevno kako bi se osigurala svje\u017eina i kvaliteta, jam\u010de\u0107i vrhunski okus i aromu.<\/p>\n","protected":false},"featured_media":32883,"template":"","meta":{"_et_pb_use_builder":"","_et_pb_old_content":"","_et_gb_content_width":""},"product_brand":[1319],"product_cat":[1876,2760,2304],"product_tag":[],"class_list":{"0":"post-32876","1":"product","2":"type-product","3":"status-publish","4":"has-post-thumbnail","6":"product_brand-el-gran-cardenal","7":"product_cat-hladno-hr","8":"product_cat-izlijecen","9":"product_cat-sir-i-kobasice","10":"product_shipping_class-hladna-dostava","12":"first","13":"outofstock","14":"taxable","15":"shipping-taxable","16":"purchasable","17":"product-type-variable"},"_links":{"self":[{"href":"https:\/\/myspainfood.com\/hr\/wp-json\/wp\/v2\/product\/32876","targetHints":{"allow":["GET"]}}],"collection":[{"href":"https:\/\/myspainfood.com\/hr\/wp-json\/wp\/v2\/product"}],"about":[{"href":"https:\/\/myspainfood.com\/hr\/wp-json\/wp\/v2\/types\/product"}],"wp:featuredmedia":[{"embeddable":true,"href":"https:\/\/myspainfood.com\/hr\/wp-json\/wp\/v2\/media\/32883"}],"wp:attachment":[{"href":"https:\/\/myspainfood.com\/hr\/wp-json\/wp\/v2\/media?parent=32876"}],"wp:term":[{"taxonomy":"product_brand","embeddable":true,"href":"https:\/\/myspainfood.com\/hr\/wp-json\/wp\/v2\/product_brand?post=32876"},{"taxonomy":"product_cat","embeddable":true,"href":"https:\/\/myspainfood.com\/hr\/wp-json\/wp\/v2\/product_cat?post=32876"},{"taxonomy":"product_tag","embeddable":true,"href":"https:\/\/myspainfood.com\/hr\/wp-json\/wp\/v2\/product_tag?post=32876"}],"curies":[{"name":"wp","href":"https:\/\/api.w.org\/{rel}","templated":true}]}}