{"id":32985,"date":"2025-04-10T12:09:07","date_gmt":"2025-04-10T10:09:07","guid":{"rendered":"https:\/\/myspainfood.com\/producto\/ovcji-sir-s-tartufima-el-gran-cardenal\/"},"modified":"2025-07-28T10:33:06","modified_gmt":"2025-07-28T08:33:06","slug":"ovcji-sir-s-tartufima-el-gran-cardenal","status":"publish","type":"product","link":"https:\/\/myspainfood.com\/hr\/producto\/ovcji-sir-s-tartufima-el-gran-cardenal\/","title":{"rendered":"Ov\u010dji sir s tartufima El Gran Cardenal"},"content":{"rendered":"<div class=\"et_pb_blurb_container\">\n<h4 class=\"et_pb_module_header\">Ovca s tartufima<\/h4>\n<div class=\"et_pb_blurb_description\">\n<p>Najekskluzivniji od na\u0161ih sireva. Dobitnik Super zlatne medalje na me\u0111unarodnom natjecanju World Cheese Awards 2016.-17. <\/p>\n<p>Koriste\u0107i samo ov\u010dje mlijeko od najboljih stada, dodajemo tartufe od samog po\u010detka procesa proizvodnje sira, omogu\u0107uju\u0107i im da koegzistiraju tijekom cijelog procesa sazrijevanja sira, pru\u017eaju\u0107i nepogre\u0161ivu aromu i okus, a istovremeno po\u0161tuju\u0107i bit kastiljskog ov\u010djeg sira.<\/p>\n<\/div>\n<\/div>\n","protected":false},"excerpt":{"rendered":"<p>Ovca s tartufima Najekskluzivniji od na\u0161ih sireva. Dobitnik Super zlatne medalje na me\u0111unarodnom natjecanju World Cheese Awards 2016.-17. Koriste\u0107i samo ov\u010dje mlijeko od najboljih stada, dodajemo tartufe od samog po\u010detka procesa proizvodnje sira, omogu\u0107uju\u0107i im da koegzistiraju tijekom cijelog procesa sazrijevanja sira, pru\u017eaju\u0107i nepogre\u0161ivu aromu i okus, a istovremeno po\u0161tuju\u0107i bit kastiljskog ov\u010djeg sira.<\/p>\n","protected":false},"featured_media":32991,"template":"","meta":{"_et_pb_use_builder":"","_et_pb_old_content":"","_et_gb_content_width":""},"product_brand":[1319],"product_cat":[1876,2760,2304],"product_tag":[],"class_list":{"0":"post-32985","1":"product","2":"type-product","3":"status-publish","4":"has-post-thumbnail","6":"product_brand-el-gran-cardenal","7":"product_cat-hladno-hr","8":"product_cat-izlijecen","9":"product_cat-sir-i-kobasice","10":"product_shipping_class-hladna-dostava","12":"first","13":"outofstock","14":"taxable","15":"shipping-taxable","16":"purchasable","17":"product-type-variable"},"_links":{"self":[{"href":"https:\/\/myspainfood.com\/hr\/wp-json\/wp\/v2\/product\/32985","targetHints":{"allow":["GET"]}}],"collection":[{"href":"https:\/\/myspainfood.com\/hr\/wp-json\/wp\/v2\/product"}],"about":[{"href":"https:\/\/myspainfood.com\/hr\/wp-json\/wp\/v2\/types\/product"}],"wp:featuredmedia":[{"embeddable":true,"href":"https:\/\/myspainfood.com\/hr\/wp-json\/wp\/v2\/media\/32991"}],"wp:attachment":[{"href":"https:\/\/myspainfood.com\/hr\/wp-json\/wp\/v2\/media?parent=32985"}],"wp:term":[{"taxonomy":"product_brand","embeddable":true,"href":"https:\/\/myspainfood.com\/hr\/wp-json\/wp\/v2\/product_brand?post=32985"},{"taxonomy":"product_cat","embeddable":true,"href":"https:\/\/myspainfood.com\/hr\/wp-json\/wp\/v2\/product_cat?post=32985"},{"taxonomy":"product_tag","embeddable":true,"href":"https:\/\/myspainfood.com\/hr\/wp-json\/wp\/v2\/product_tag?post=32985"}],"curies":[{"name":"wp","href":"https:\/\/api.w.org\/{rel}","templated":true}]}}