{"id":33046,"date":"2025-04-10T12:09:42","date_gmt":"2025-04-10T10:09:42","guid":{"rendered":"https:\/\/myspainfood.com\/producto\/stari-el-gran-cardenal-mijesani-sir\/"},"modified":"2025-07-28T13:13:25","modified_gmt":"2025-07-28T11:13:25","slug":"stari-el-gran-cardenal-mijesani-sir","status":"publish","type":"product","link":"https:\/\/myspainfood.com\/hr\/producto\/stari-el-gran-cardenal-mijesani-sir\/","title":{"rendered":"Stari El Gran Cardenal mije\u0161ani sir"},"content":{"rendered":"<div class=\"et_pb_column et_pb_column_4_4 et_pb_column_1 et_pb_css_mix_blend_mode_passthrough et-last-child\">\n<div class=\"et_pb_module et_pb_text et_pb_text_1 et_pb_text_align_justified et_pb_bg_layout_light\">\n<div class=\"et_pb_text_inner\">\n<p>Napravljeno po obiteljskom receptu s na\u0161om mje\u0161avinom ov\u010djeg i kravljeg mlijeka, koja pru\u017ea izvrsnu ravnote\u017eu u ustima zbog svoje glatko\u0107e i kremastosti. Sirevi s razli\u010ditim vremenom su\u0161enja u drvenoj su\u0161ionici: Meki, polusu\u0161eni (su\u0161eni 2 do 4 mjeseca), su\u0161eni (su\u0161eni 4 do 6 mjeseci) i stari (su\u0161eni 6 do 8 mjeseci). <\/p>\n<\/div>\n<\/div>\n<\/div>\n","protected":false},"excerpt":{"rendered":"<p>Napravljeno po obiteljskom receptu s na\u0161om mje\u0161avinom ov\u010djeg i kravljeg mlijeka, koja pru\u017ea izvrsnu ravnote\u017eu u ustima zbog svoje glatko\u0107e i kremastosti. Sirevi s razli\u010ditim vremenom su\u0161enja u drvenoj su\u0161ionici: Meki, polusu\u0161eni (su\u0161eni 2 do 4 mjeseca), su\u0161eni (su\u0161eni 4 do 6 mjeseci) i stari (su\u0161eni 6 do 8 mjeseci).<\/p>\n","protected":false},"featured_media":33053,"template":"","meta":{"_et_pb_use_builder":"","_et_pb_old_content":"","_et_gb_content_width":""},"product_brand":[1319],"product_cat":[1876,2760,2304],"product_tag":[],"class_list":{"0":"post-33046","1":"product","2":"type-product","3":"status-publish","4":"has-post-thumbnail","6":"product_brand-el-gran-cardenal","7":"product_cat-hladno-hr","8":"product_cat-izlijecen","9":"product_cat-sir-i-kobasice","10":"product_shipping_class-hladna-dostava","12":"first","13":"outofstock","14":"taxable","15":"shipping-taxable","16":"product-type-variable"},"_links":{"self":[{"href":"https:\/\/myspainfood.com\/hr\/wp-json\/wp\/v2\/product\/33046","targetHints":{"allow":["GET"]}}],"collection":[{"href":"https:\/\/myspainfood.com\/hr\/wp-json\/wp\/v2\/product"}],"about":[{"href":"https:\/\/myspainfood.com\/hr\/wp-json\/wp\/v2\/types\/product"}],"wp:featuredmedia":[{"embeddable":true,"href":"https:\/\/myspainfood.com\/hr\/wp-json\/wp\/v2\/media\/33053"}],"wp:attachment":[{"href":"https:\/\/myspainfood.com\/hr\/wp-json\/wp\/v2\/media?parent=33046"}],"wp:term":[{"taxonomy":"product_brand","embeddable":true,"href":"https:\/\/myspainfood.com\/hr\/wp-json\/wp\/v2\/product_brand?post=33046"},{"taxonomy":"product_cat","embeddable":true,"href":"https:\/\/myspainfood.com\/hr\/wp-json\/wp\/v2\/product_cat?post=33046"},{"taxonomy":"product_tag","embeddable":true,"href":"https:\/\/myspainfood.com\/hr\/wp-json\/wp\/v2\/product_tag?post=33046"}],"curies":[{"name":"wp","href":"https:\/\/api.w.org\/{rel}","templated":true}]}}