{"id":33089,"date":"2025-04-10T12:09:23","date_gmt":"2025-04-10T10:09:23","guid":{"rendered":"https:\/\/myspainfood.com\/producto\/mini-sirne-zvijezde-130-komada\/"},"modified":"2025-06-24T13:43:28","modified_gmt":"2025-06-24T11:43:28","slug":"mini-sirne-zvijezde-130-komada","status":"publish","type":"product","link":"https:\/\/myspainfood.com\/hr\/producto\/mini-sirne-zvijezde-130-komada\/","title":{"rendered":"Mini sirne zvijezde 130 komada"},"content":{"rendered":"<p>Ulje (85% suncokretovo, 15% maslinovo), masline punjene in\u0107unima, file in\u0107una, polusu\u0161eni sir i crvena paprika.<\/p>\n","protected":false},"excerpt":{"rendered":"<p>Ulje (85% suncokretovo, 15% maslinovo), masline punjene in\u0107unima, file in\u0107una, polusu\u0161eni sir i crvena paprika.<\/p>\n","protected":false},"featured_media":33094,"template":"","meta":{"_et_pb_use_builder":"","_et_pb_old_content":"","_et_gb_content_width":""},"product_brand":[1277],"product_cat":[1876,1877,1791,1792,1878,2304],"product_tag":[],"class_list":{"0":"post-33089","1":"product","2":"type-product","3":"status-publish","4":"has-post-thumbnail","6":"product_brand-bokeo","7":"product_cat-hladno-hr","8":"product_cat-incuni","9":"product_cat-kiseli-krastavci","10":"product_cat-masline-hr","11":"product_cat-pintxos-hr","12":"product_cat-sir-i-kobasice","13":"product_shipping_class-hladna-dostava","15":"first","16":"outofstock","17":"taxable","18":"shipping-taxable","19":"purchasable","20":"product-type-simple"},"_links":{"self":[{"href":"https:\/\/myspainfood.com\/hr\/wp-json\/wp\/v2\/product\/33089","targetHints":{"allow":["GET"]}}],"collection":[{"href":"https:\/\/myspainfood.com\/hr\/wp-json\/wp\/v2\/product"}],"about":[{"href":"https:\/\/myspainfood.com\/hr\/wp-json\/wp\/v2\/types\/product"}],"wp:featuredmedia":[{"embeddable":true,"href":"https:\/\/myspainfood.com\/hr\/wp-json\/wp\/v2\/media\/33094"}],"wp:attachment":[{"href":"https:\/\/myspainfood.com\/hr\/wp-json\/wp\/v2\/media?parent=33089"}],"wp:term":[{"taxonomy":"product_brand","embeddable":true,"href":"https:\/\/myspainfood.com\/hr\/wp-json\/wp\/v2\/product_brand?post=33089"},{"taxonomy":"product_cat","embeddable":true,"href":"https:\/\/myspainfood.com\/hr\/wp-json\/wp\/v2\/product_cat?post=33089"},{"taxonomy":"product_tag","embeddable":true,"href":"https:\/\/myspainfood.com\/hr\/wp-json\/wp\/v2\/product_tag?post=33089"}],"curies":[{"name":"wp","href":"https:\/\/api.w.org\/{rel}","templated":true}]}}