{"id":33447,"date":"2025-04-10T12:09:51","date_gmt":"2025-04-10T10:09:51","guid":{"rendered":"https:\/\/myspainfood.com\/producto\/vino-cucamonas-verdejo-iz-ruede-2022-vinarije-gotica-120-boca\/"},"modified":"2025-07-31T16:47:32","modified_gmt":"2025-07-31T14:47:32","slug":"vino-cucamonas-verdejo-iz-ruede-2022-vinarije-gotica-120-boca","status":"publish","type":"product","link":"https:\/\/myspainfood.com\/hr\/producto\/vino-cucamonas-verdejo-iz-ruede-2022-vinarije-gotica-120-boca\/","title":{"rendered":"Vino Cucamonas Verdejo iz Ruede 2022., Vinarije G\u00f3tica, 120 boca"},"content":{"rendered":"<p><strong>Verdejo \u00b7 <em>100% Verdejo<\/em><\/strong><\/p>\n<p>Sa 100% gro\u017e\u0111a Verdejo, glavne sorte DO-a. Kota\u010d. Proizvodi visokokvalitetna, svje\u017ea, vrlo vo\u0107na, zelenkasto-\u017euta vina s citrusnim aromama, punog tijela i vrlo gliceridna.  <\/p>\n<p>&nbsp;<\/p>\n","protected":false},"excerpt":{"rendered":"<p>Cucamonas Verdejo Rueda 2022<\/p>\n","protected":false},"featured_media":33450,"template":"","meta":{"_et_pb_use_builder":"","_et_pb_old_content":"","_et_gb_content_width":""},"product_brand":[1140],"product_cat":[4920,4919,2973],"product_tag":[7122,7123],"class_list":{"0":"post-33447","1":"product","2":"type-product","3":"status-publish","4":"has-post-thumbnail","6":"product_brand-ladera-de-los-obispos","7":"product_cat-dosao","8":"product_cat-pica","9":"product_cat-veleprodaja","10":"product_tag-gotika","11":"product_tag-kotac","13":"first","14":"outofstock","15":"featured","16":"taxable","17":"shipping-taxable","18":"purchasable","19":"product-type-simple"},"_links":{"self":[{"href":"https:\/\/myspainfood.com\/hr\/wp-json\/wp\/v2\/product\/33447","targetHints":{"allow":["GET"]}}],"collection":[{"href":"https:\/\/myspainfood.com\/hr\/wp-json\/wp\/v2\/product"}],"about":[{"href":"https:\/\/myspainfood.com\/hr\/wp-json\/wp\/v2\/types\/product"}],"wp:featuredmedia":[{"embeddable":true,"href":"https:\/\/myspainfood.com\/hr\/wp-json\/wp\/v2\/media\/33450"}],"wp:attachment":[{"href":"https:\/\/myspainfood.com\/hr\/wp-json\/wp\/v2\/media?parent=33447"}],"wp:term":[{"taxonomy":"product_brand","embeddable":true,"href":"https:\/\/myspainfood.com\/hr\/wp-json\/wp\/v2\/product_brand?post=33447"},{"taxonomy":"product_cat","embeddable":true,"href":"https:\/\/myspainfood.com\/hr\/wp-json\/wp\/v2\/product_cat?post=33447"},{"taxonomy":"product_tag","embeddable":true,"href":"https:\/\/myspainfood.com\/hr\/wp-json\/wp\/v2\/product_tag?post=33447"}],"curies":[{"name":"wp","href":"https:\/\/api.w.org\/{rel}","templated":true}]}}