{"id":33510,"date":"2025-04-10T12:10:14","date_gmt":"2025-04-10T10:10:14","guid":{"rendered":"https:\/\/myspainfood.com\/producto\/prirodne-skoljke-45-65-areoso\/"},"modified":"2025-04-10T12:10:14","modified_gmt":"2025-04-10T10:10:14","slug":"prirodne-skoljke-45-65-areoso","status":"publish","type":"product","link":"https:\/\/myspainfood.com\/hr\/producto\/prirodne-skoljke-45-65-areoso\/","title":{"rendered":"Prirodne \u0161koljke 45\/65 Areoso"},"content":{"rendered":"<p>Proizvod: Prirodne \u0161koljke 45\/65 komada.<\/p>\n<p>Sastojci: Kukurica, voda i sol<\/p>\n<p>POSTUPAK PRIPREME: Kukla se priprema na sli\u010dan na\u010din kao i \u0161koljka; iako nije tako nje\u017ean proizvod kao ona. Postupak je sljede\u0107i: kuhaju se u vodi, s ispravnim higijenskim i sanitarnim karakteristikama. Cijeli proces guljenja i sortiranja je automatiziran. Zatim se ponovno peru u vru\u0107oj vodi, a zatim pakiraju. Zatim se dodaje pokrivna teku\u0107ina, koja je u ovom slu\u010daju prirodna voda. Zatvoren je i steriliziran s karakteristi\u010dnim i odgovaraju\u0107im parametrima za ovaj proizvod. I sada je spremno za skladi\u0161tenje i kasniju prodaju.      <\/p>\n","protected":false},"excerpt":{"rendered":"<p>Proizvod: Prirodne \u0161koljke 45\/65 komada. Sastojci: Kukurica, voda i sol POSTUPAK PRIPREME: Kukla se priprema na sli\u010dan na\u010din kao i \u0161koljka; iako nije tako nje\u017ean proizvod kao ona. Postupak je sljede\u0107i: kuhaju se u vodi, s ispravnim higijenskim i sanitarnim karakteristikama. Cijeli proces guljenja i sortiranja je automatiziran. Zatim se ponovno peru u vru\u0107oj vodi, [&hellip;]<\/p>\n","protected":false},"featured_media":33513,"template":"","meta":{"_et_pb_use_builder":"","_et_pb_old_content":"","_et_gb_content_width":""},"product_brand":[1358,1075],"product_cat":[1917,5683],"product_tag":[],"class_list":{"0":"post-33510","1":"product","2":"type-product","3":"status-publish","4":"has-post-thumbnail","6":"product_brand-areoso","7":"product_brand-oti","8":"product_cat-konzerve","9":"product_cat-skoljke-hr","11":"first","12":"outofstock","13":"sale","14":"taxable","15":"shipping-taxable","16":"purchasable","17":"product-type-simple"},"_links":{"self":[{"href":"https:\/\/myspainfood.com\/hr\/wp-json\/wp\/v2\/product\/33510","targetHints":{"allow":["GET"]}}],"collection":[{"href":"https:\/\/myspainfood.com\/hr\/wp-json\/wp\/v2\/product"}],"about":[{"href":"https:\/\/myspainfood.com\/hr\/wp-json\/wp\/v2\/types\/product"}],"wp:featuredmedia":[{"embeddable":true,"href":"https:\/\/myspainfood.com\/hr\/wp-json\/wp\/v2\/media\/33513"}],"wp:attachment":[{"href":"https:\/\/myspainfood.com\/hr\/wp-json\/wp\/v2\/media?parent=33510"}],"wp:term":[{"taxonomy":"product_brand","embeddable":true,"href":"https:\/\/myspainfood.com\/hr\/wp-json\/wp\/v2\/product_brand?post=33510"},{"taxonomy":"product_cat","embeddable":true,"href":"https:\/\/myspainfood.com\/hr\/wp-json\/wp\/v2\/product_cat?post=33510"},{"taxonomy":"product_tag","embeddable":true,"href":"https:\/\/myspainfood.com\/hr\/wp-json\/wp\/v2\/product_tag?post=33510"}],"curies":[{"name":"wp","href":"https:\/\/api.w.org\/{rel}","templated":true}]}}