{"id":33745,"date":"2025-04-10T12:09:55","date_gmt":"2025-04-10T10:09:55","guid":{"rendered":"https:\/\/myspainfood.com\/producto\/alsur-piquillo-paprika-salata-410-grama\/"},"modified":"2025-04-10T12:09:55","modified_gmt":"2025-04-10T10:09:55","slug":"alsur-piquillo-paprika-salata-410-grama","status":"publish","type":"product","link":"https:\/\/myspainfood.com\/hr\/producto\/alsur-piquillo-paprika-salata-410-grama\/","title":{"rendered":"Alsur Piquillo paprika salata 410 grama"},"content":{"rendered":"<p><a href=\"https:\/\/www.alsurvegetales.com\/producto\/id\/35\/pimiento-del-piquillo\" target=\"_blank\" rel=\"noopener noreferrer nofollow\">Alsurova<\/a> salata od paprike Piquillo pravi se sa slatkom paprikom za konzerviranje.<\/p>\n<p>Paprika je prepoznata po svojoj visokoj kvaliteti i vrlo posebnom okusu s pikantnim prizvukom.<\/p>\n<p>Tako\u0111er ih karakterizira intenzivna crvena boja, jedinstvena tekstura i veli\u010dina te poseban izdu\u017eeni trokutasti oblik.<\/p>\n<p>Sastojci: paprike Piquillo, luk, voda, \u0161e\u0107er, sol, ocat i limunska kiselina.<\/p>\n<p>Neto te\u017eina limenke je 410 grama.<\/p>\n<p>\u010cuvati na hladnom i suhom mjestu. Nakon otvaranja, prebacite u nemetalnu posudu, \u010duvajte u hladnjaku i konzumirajte unutar 7 dana. <\/p>\n<p>Alsur je obiteljski posao u kojem je su\u0161tina hrane glavni protagonist.<\/p>\n<h4>Glavne prednosti konzervi<\/h4>\n<ol>\n<li>Zadr\u017eavaju sva nutritivna svojstva same hrane. Hrana zadr\u017eava svoju svje\u017einu. <\/li>\n<li>Kori\u0161tene namirnice su zdrave i stoga prikladne za optimalnu prehranu zahvaljuju\u0107i visokom broju vitamina i proteina.<\/li>\n<li>Ovi proizvodi imaju dulji vijek trajanja (obi\u010dno izme\u0111u 2 i 5 godina).<\/li>\n<li>Konzerve je vrlo lako \u010duvati jer im pakiranje omogu\u0107uje jednostavnu primjenu.<\/li>\n<\/ol>\n<p>Ako \u017eelite kupiti salatu od tune i paprike ili bilo koju drugu vrstu <a href=\"https:\/\/latiendadesami.com\/categoria-producto\/conservas\/\" rel=\"noopener noreferrer nofollow\" target=\"_blank\">konzervirane hrane<\/a> , slobodno pogledajte cijeli na\u0161 online katalog kako biste vidjeli \u0161irok izbor <a href=\"https:\/\/latiendadesami.com\/categoria-producto\/conservas\/atun-y-bonito\/\" target=\"_blank\" rel=\"noopener noreferrer nofollow\">tune<\/a> koju imamo.<\/p>\n<p>Pi\u0161ite nam za vi\u0161e informacija.<\/p>\n","protected":false},"excerpt":{"rendered":"<p>Alsurova salata od paprike Piquillo pravi se sa slatkom paprikom za konzerviranje. Paprika je prepoznata po svojoj visokoj kvaliteti i vrlo posebnom okusu s pikantnim prizvukom. Tako\u0111er ih karakterizira intenzivna crvena boja, jedinstvena tekstura i veli\u010dina te poseban izdu\u017eeni trokutasti oblik. Sastojci: paprike Piquillo, luk, voda, \u0161e\u0107er, sol, ocat i limunska kiselina. Neto te\u017eina limenke [&hellip;]<\/p>\n","protected":false},"featured_media":27455,"template":"","meta":{"_et_pb_use_builder":"","_et_pb_old_content":"","_et_gb_content_width":""},"product_brand":[1196],"product_cat":[2974,2973],"product_tag":[],"class_list":{"0":"post-33745","1":"product","2":"type-product","3":"status-publish","4":"has-post-thumbnail","6":"product_brand-alsur","7":"product_cat-konzerve-hr","8":"product_cat-veleprodaja","10":"first","11":"outofstock","12":"taxable","13":"shipping-taxable","14":"purchasable","15":"product-type-simple"},"_links":{"self":[{"href":"https:\/\/myspainfood.com\/hr\/wp-json\/wp\/v2\/product\/33745","targetHints":{"allow":["GET"]}}],"collection":[{"href":"https:\/\/myspainfood.com\/hr\/wp-json\/wp\/v2\/product"}],"about":[{"href":"https:\/\/myspainfood.com\/hr\/wp-json\/wp\/v2\/types\/product"}],"wp:featuredmedia":[{"embeddable":true,"href":"https:\/\/myspainfood.com\/hr\/wp-json\/wp\/v2\/media\/27455"}],"wp:attachment":[{"href":"https:\/\/myspainfood.com\/hr\/wp-json\/wp\/v2\/media?parent=33745"}],"wp:term":[{"taxonomy":"product_brand","embeddable":true,"href":"https:\/\/myspainfood.com\/hr\/wp-json\/wp\/v2\/product_brand?post=33745"},{"taxonomy":"product_cat","embeddable":true,"href":"https:\/\/myspainfood.com\/hr\/wp-json\/wp\/v2\/product_cat?post=33745"},{"taxonomy":"product_tag","embeddable":true,"href":"https:\/\/myspainfood.com\/hr\/wp-json\/wp\/v2\/product_tag?post=33745"}],"curies":[{"name":"wp","href":"https:\/\/api.w.org\/{rel}","templated":true}]}}