{"id":33974,"date":"2025-04-10T12:10:21","date_gmt":"2025-04-10T10:10:21","guid":{"rendered":"https:\/\/myspainfood.com\/producto\/britvice-u-maslinovom-ulju-areoso-115-gr\/"},"modified":"2025-04-10T12:10:21","modified_gmt":"2025-04-10T10:10:21","slug":"britvice-u-maslinovom-ulju-areoso-115-gr","status":"publish","type":"product","link":"https:\/\/myspainfood.com\/hr\/producto\/britvice-u-maslinovom-ulju-areoso-115-gr\/","title":{"rendered":"Britvice u maslinovom ulju Areoso 115 gr"},"content":{"rendered":"<p>Proizvod: \u0160koljke u maslinovom ulju<\/p>\n<p>Specifikacije: \u0160koljke britve (Ensis arcuatus) iz galicijskih estuarija, ujedna\u010dene veli\u010dine u maslinovom ulju. Pro\u010di\u0161\u0107eno i ru\u010dno odabrano u svakoj konzervi. <\/p>\n<p>Sastojci: \u0161koljke britve 56,5%, maslinovo ulje 43,5% i sol.<\/p>\n<p>Proizvodni proces: \u0160koljke britve sakupljene u galicijskim estuarijima, kao i ostali meku\u0161ci, prolaze kroz proces pro\u010di\u0161\u0107avanja \u010dim stignu u tvornicu. Zatim se kuhaju u vodi, s ispravnim higijensko-sanitarnim karakteristikama; Meku\u0161ac se otvara i lju\u0161ti ru\u010dno, paze\u0107i da se ne slomi. Zatim se ponovno operu u toploj slanoj vodi i pakiraju. Nakon toga se dodaje sloj maslinovog ulja, stvaraju\u0107i glatku teksturu i intenzivan okus. Posude su zatvorene i sterilizirane prema karakteristi\u010dnim i odgovaraju\u0107im parametrima za ovaj proizvod, stvaraju\u0107i tako savr\u0161enu atmosferu za njegovo o\u010duvanje dugi niz godina bez ikakvih konzervansa ili umjetnih aditiva. I sada je spremno za skladi\u0161tenje i kasniju prodaju.     <\/p>\n","protected":false},"excerpt":{"rendered":"<p>Proizvod: \u0160koljke u maslinovom ulju Specifikacije: \u0160koljke britve (Ensis arcuatus) iz galicijskih estuarija, ujedna\u010dene veli\u010dine u maslinovom ulju. Pro\u010di\u0161\u0107eno i ru\u010dno odabrano u svakoj konzervi. Sastojci: \u0161koljke britve 56,5%, maslinovo ulje 43,5% i sol. Proizvodni proces: \u0160koljke britve sakupljene u galicijskim estuarijima, kao i ostali meku\u0161ci, prolaze kroz proces pro\u010di\u0161\u0107avanja \u010dim stignu u tvornicu. Zatim [&hellip;]<\/p>\n","protected":false},"featured_media":33979,"template":"","meta":{"_et_pb_use_builder":"","_et_pb_old_content":"","_et_gb_content_width":""},"product_brand":[1358],"product_cat":[1917,7675],"product_tag":[],"class_list":{"0":"post-33974","1":"product","2":"type-product","3":"status-publish","4":"has-post-thumbnail","6":"product_brand-areoso","7":"product_cat-konzerve","8":"product_cat-nozevi","10":"first","11":"outofstock","12":"taxable","13":"shipping-taxable","14":"product-type-variable"},"_links":{"self":[{"href":"https:\/\/myspainfood.com\/hr\/wp-json\/wp\/v2\/product\/33974","targetHints":{"allow":["GET"]}}],"collection":[{"href":"https:\/\/myspainfood.com\/hr\/wp-json\/wp\/v2\/product"}],"about":[{"href":"https:\/\/myspainfood.com\/hr\/wp-json\/wp\/v2\/types\/product"}],"wp:featuredmedia":[{"embeddable":true,"href":"https:\/\/myspainfood.com\/hr\/wp-json\/wp\/v2\/media\/33979"}],"wp:attachment":[{"href":"https:\/\/myspainfood.com\/hr\/wp-json\/wp\/v2\/media?parent=33974"}],"wp:term":[{"taxonomy":"product_brand","embeddable":true,"href":"https:\/\/myspainfood.com\/hr\/wp-json\/wp\/v2\/product_brand?post=33974"},{"taxonomy":"product_cat","embeddable":true,"href":"https:\/\/myspainfood.com\/hr\/wp-json\/wp\/v2\/product_cat?post=33974"},{"taxonomy":"product_tag","embeddable":true,"href":"https:\/\/myspainfood.com\/hr\/wp-json\/wp\/v2\/product_tag?post=33974"}],"curies":[{"name":"wp","href":"https:\/\/api.w.org\/{rel}","templated":true}]}}