{"id":33975,"date":"2025-04-10T12:10:12","date_gmt":"2025-04-10T10:10:12","guid":{"rendered":"https:\/\/myspainfood.com\/producto\/80-kom-svjeza-obalna-tuna-cusumano-18-kg\/"},"modified":"2026-01-13T13:49:37","modified_gmt":"2026-01-13T12:49:37","slug":"80-kom-svjeza-obalna-tuna-cusumano-18-kg","status":"publish","type":"product","link":"https:\/\/myspainfood.com\/hr\/producto\/80-kom-svjeza-obalna-tuna-cusumano-18-kg\/","title":{"rendered":"80 kom. Svje\u017ea obalna tuna Cusumano 1,8 kg"},"content":{"rendered":"<div id=\"product-description-short-5\" class=\"rte-content\">\n<p style=\"text-align: left;\">Bonito fresco costarica Cusumano je sjeverna palamida ulovljena jedna po jedna u Kantabrijskom moru i <a href=\"https:\/\/es.wikipedia.org\/wiki\/Thunnus\" target=\"_blank\" rel=\"noopener noreferrer nofollow\">pripremljena<\/a> SVJE\u017dA.<\/p>\n<p>Ovo jelo ima autenti\u010dan okus i izuzetnu teksturu.<\/p>\n<p>Kona\u010dno, na stolu mo\u017eete imati tradicionalni pekmez.<\/p>\n<p>Svje\u017ee s obale.<\/p>\n<p>Budu\u0107i da se radi o sezonskom ribolovu koji traje od lipnja do listopada, Cusumano jam\u010di da ovaj Bonito del Norte nije pro\u0161ao nikakav proces zamrzavanja od ulova do proizvodnje.<\/p>\n<p>Ovaj bonito zadr\u017eava sva svoja organolepti\u010dka svojstva boje, okusa i teksture netaknutima.<\/p>\n<p>Conservas Cusumano ima nove i moderne objekte povr\u0161ine gotovo 6.000 m\u00b2 smje\u0161tene u Mundaki.<\/p>\n<p>Conservas Cusumano je tvrtka koja vi\u0161e od 60 godina njeguje ljubav prema tradiciji i znanje jednog od najstarijih i najzanatnijih zanata na svijetu: ribolova i konzerviranja svje\u017ee sjeverne plavoperajne tune.<\/p>\n<p>Unutar neusporedivog rezervata biosfere Urdaibai, koji im omogu\u0107uje da imaju najsvje\u017eiju ribu zbog svog polo\u017eaja tako blizu mora koje pro\u017eima na\u0161u bit.<\/p>\n<p>Ako \u017eelite kupiti svje\u017eu obalnu tunu iz Cusumana ili bilo koju drugu vrstu <a href=\"https:\/\/latiendadesami.com\/categoria-producto\/conservas\/\" rel=\"noopener noreferrer nofollow\" target=\"_blank\">konzervirane tune<\/a> , slobodno pogledajte cijeli na\u0161 online katalog kako biste vidjeli \u0161irok izbor <a href=\"https:\/\/latiendadesami.com\/categoria-producto\/conservas\/atun-y-bonito\/\" target=\"_blank\" rel=\"noopener noreferrer nofollow\">tune<\/a> koju imamo.<\/p>\n<p>Pi\u0161ite nam za vi\u0161e informacija.<\/p>\n<p>&nbsp;<\/p>\n<\/div>\n","protected":false},"excerpt":{"rendered":"<p>Bonito fresco costarica Cusumano je sjeverna palamida ulovljena jedna po jedna u Kantabrijskom moru i pripremljena SVJE\u017dA. Ovo jelo ima autenti\u010dan okus i izuzetnu teksturu. Kona\u010dno, na stolu mo\u017eete imati tradicionalni pekmez. Svje\u017ee s obale. Budu\u0107i da se radi o sezonskom ribolovu koji traje od lipnja do listopada, Cusumano jam\u010di da ovaj Bonito del Norte [&hellip;]<\/p>\n","protected":false},"featured_media":33814,"template":"","meta":{"_et_pb_use_builder":"","_et_pb_old_content":"","_et_gb_content_width":""},"product_brand":[1272],"product_cat":[1917,4335],"product_tag":[],"class_list":{"0":"post-33975","1":"product","2":"type-product","3":"status-publish","4":"has-post-thumbnail","6":"product_brand-cusumano","7":"product_cat-konzerve","8":"product_cat-tuna-i-bonito","10":"first","11":"outofstock","12":"taxable","13":"shipping-taxable","14":"purchasable","15":"product-type-simple"},"_links":{"self":[{"href":"https:\/\/myspainfood.com\/hr\/wp-json\/wp\/v2\/product\/33975","targetHints":{"allow":["GET"]}}],"collection":[{"href":"https:\/\/myspainfood.com\/hr\/wp-json\/wp\/v2\/product"}],"about":[{"href":"https:\/\/myspainfood.com\/hr\/wp-json\/wp\/v2\/types\/product"}],"wp:featuredmedia":[{"embeddable":true,"href":"https:\/\/myspainfood.com\/hr\/wp-json\/wp\/v2\/media\/33814"}],"wp:attachment":[{"href":"https:\/\/myspainfood.com\/hr\/wp-json\/wp\/v2\/media?parent=33975"}],"wp:term":[{"taxonomy":"product_brand","embeddable":true,"href":"https:\/\/myspainfood.com\/hr\/wp-json\/wp\/v2\/product_brand?post=33975"},{"taxonomy":"product_cat","embeddable":true,"href":"https:\/\/myspainfood.com\/hr\/wp-json\/wp\/v2\/product_cat?post=33975"},{"taxonomy":"product_tag","embeddable":true,"href":"https:\/\/myspainfood.com\/hr\/wp-json\/wp\/v2\/product_tag?post=33975"}],"curies":[{"name":"wp","href":"https:\/\/api.w.org\/{rel}","templated":true}]}}