{"id":34132,"date":"2025-04-10T12:09:58","date_gmt":"2025-04-10T10:09:58","guid":{"rendered":"https:\/\/myspainfood.com\/producto\/extra-banderillas-ljuti-chicon-900-grama-pakiranje-od-6-komada\/"},"modified":"2025-04-10T12:09:58","modified_gmt":"2025-04-10T10:09:58","slug":"extra-banderillas-ljuti-chicon-900-grama-pakiranje-od-6-komada","status":"publish","type":"product","link":"https:\/\/myspainfood.com\/hr\/producto\/extra-banderillas-ljuti-chicon-900-grama-pakiranje-od-6-komada\/","title":{"rendered":"Extra Banderillas (ljuti) Chic\u00f3n 900 grama pakiranje od 6 komada"},"content":{"rendered":"<p>Ekstra ljute banderile su <a href=\"https:\/\/aceitunaschiconlebron.com\/catalogo\/banderillas-picantes\/\" target=\"_blank\" rel=\"noopener noreferrer nofollow\">kiseli krastavci<\/a> koji se jedu kao svakodnevno predjelo i poslu\u017euju se kao glavno jelo u mnogim dijelovima na\u0161e zemlje.<\/p>\n<p>Mje\u0161avina okusa koju pru\u017eaju njegovi sastojci, u kombinaciji s da\u0161kom octa i ljutinom \u010dilija, daje poseban okus na\u0161im ljutim banderillama.<\/p>\n<p>Ljutkaste banderile obi\u010dno se rade s kiselim krastavcima, \u010dili papri\u010dicama, lukom, maslinama i paprikama. Stoga je mje\u0161avina ovih okusa tako izvrsna. <\/p>\n<h3><strong>Prednosti ekstra ljutih banderilla<\/strong><\/h3>\n<p>Jeste li znali koje su prednosti ljutih banderilla i kiselih krastavaca op\u0107enito? U nastavku navodimo najzna\u010dajnije: <\/p>\n<ul>\n<li>Bogato probioticima.<\/li>\n<li>Poma\u017eu probavi.<\/li>\n<li>Oni ja\u010daju imunolo\u0161ki sustav.<\/li>\n<li>Smanjuju \u017eelju za konzumiranjem \u0161e\u0107era.<\/li>\n<li>Povoljno za \u017eu\u010dni mjehur.<\/li>\n<\/ul>\n<p>&nbsp;<\/p>\n<p>Ako \u017eelite kupiti masline ili bilo koju drugu vrstu <a href=\"https:\/\/latiendadesami.com\/categoria-producto\/encurtidos\/\" rel=\"noopener noreferrer nofollow\" target=\"_blank\">ukiseljenog proizvoda<\/a> , slobodno pregledajte cijeli na\u0161 online katalog kako biste vidjeli \u0161irok izbor <a href=\"https:\/\/latiendadesami.com\/categoria-producto\/encurtidos\/aceitunas\/\" target=\"_blank\" rel=\"noopener noreferrer nofollow\">maslina<\/a> koje imamo.<\/p>\n","protected":false},"excerpt":{"rendered":"<p>ljute banderile<\/p>\n<p> Ovisi o koli\u010dini<\/p>\n","protected":false},"featured_media":34142,"template":"","meta":{"_et_pb_use_builder":"","_et_pb_old_content":"","_et_gb_content_width":""},"product_brand":[1036],"product_cat":[3147,2973],"product_tag":[4120,2060],"class_list":{"0":"post-34132","1":"product","2":"type-product","3":"status-publish","4":"has-post-thumbnail","6":"product_brand-chicon","7":"product_cat-kiseli-krastavci-hr-2","8":"product_cat-veleprodaja","9":"product_tag-ekstra-hr","10":"product_tag-ljutkasto","12":"first","13":"instock","14":"taxable","15":"shipping-taxable","16":"purchasable","17":"product-type-variable"},"_links":{"self":[{"href":"https:\/\/myspainfood.com\/hr\/wp-json\/wp\/v2\/product\/34132","targetHints":{"allow":["GET"]}}],"collection":[{"href":"https:\/\/myspainfood.com\/hr\/wp-json\/wp\/v2\/product"}],"about":[{"href":"https:\/\/myspainfood.com\/hr\/wp-json\/wp\/v2\/types\/product"}],"wp:featuredmedia":[{"embeddable":true,"href":"https:\/\/myspainfood.com\/hr\/wp-json\/wp\/v2\/media\/34142"}],"wp:attachment":[{"href":"https:\/\/myspainfood.com\/hr\/wp-json\/wp\/v2\/media?parent=34132"}],"wp:term":[{"taxonomy":"product_brand","embeddable":true,"href":"https:\/\/myspainfood.com\/hr\/wp-json\/wp\/v2\/product_brand?post=34132"},{"taxonomy":"product_cat","embeddable":true,"href":"https:\/\/myspainfood.com\/hr\/wp-json\/wp\/v2\/product_cat?post=34132"},{"taxonomy":"product_tag","embeddable":true,"href":"https:\/\/myspainfood.com\/hr\/wp-json\/wp\/v2\/product_tag?post=34132"}],"curies":[{"name":"wp","href":"https:\/\/api.w.org\/{rel}","templated":true}]}}