{"id":34221,"date":"2025-04-10T12:09:58","date_gmt":"2025-04-10T10:09:58","guid":{"rendered":"https:\/\/myspainfood.com\/producto\/extra-chicon-kiseli-masline-pakiranje-od-900-grama-6-komada\/"},"modified":"2025-04-10T12:09:58","modified_gmt":"2025-04-10T10:09:58","slug":"extra-chicon-kiseli-masline-pakiranje-od-900-grama-6-komada","status":"publish","type":"product","link":"https:\/\/myspainfood.com\/hr\/producto\/extra-chicon-kiseli-masline-pakiranje-od-900-grama-6-komada\/","title":{"rendered":"Extra Chic\u00f3n kiseli masline, pakiranje od 900 grama, 6 komada"},"content":{"rendered":"<p><a href=\"https:\/\/aceitunaschiconlebron.com\/\" target=\"_blank\" rel=\"noopener noreferrer nofollow\">Chic\u00f3n<\/a> Extra Pickles proizvodi se u Antequeri, M\u00e1laga.<\/p>\n<p>Izra\u0111uju se po tradicionalnom receptu i na zanatski na\u010din.<\/p>\n<p>To su ekstra mali, nje\u017eni kiseli krastavci s laganim, ukusnim dodirom octa.<\/p>\n<p>Mje\u0161avina okusa koju pru\u017eaju sastojci u kombinaciji s da\u0161kom octa daje mu poseban okus koji je vrlo ugodan nepcu.<\/p>\n<p>Kiseli krastavci su me\u0111uobrok koji ja\u010da imunolo\u0161ki sustav, \u0161to zna\u010di da poma\u017eu va\u0161oj obrani i pobolj\u0161avaju va\u0161e cjelokupno zdravlje.<\/p>\n<h3><strong>Prednosti dodatnih kiselih krastavaca<\/strong><\/h3>\n<p>Jeste li znali op\u0107enito koje su prednosti kiselih krastavaca? U nastavku navodimo najzna\u010dajnije: <\/p>\n<ul>\n<li>Bogato probioticima.<\/li>\n<li>Poma\u017eu probavi.<\/li>\n<li>Oni ja\u010daju imunolo\u0161ki sustav.<\/li>\n<li>Smanjuju \u017eelju za konzumiranjem \u0161e\u0107era.<\/li>\n<li>Povoljno za \u017eu\u010dni mjehur.<\/li>\n<\/ul>\n<p>Ako \u017eelite kupiti masline ili bilo koju drugu vrstu <a href=\"https:\/\/latiendadesami.com\/categoria-producto\/encurtidos\/\" rel=\"noopener noreferrer nofollow\" target=\"_blank\">ukiseljenog proizvoda<\/a> , slobodno pregledajte cijeli na\u0161 online katalog kako biste vidjeli \u0161irok izbor <a href=\"https:\/\/latiendadesami.com\/categoria-producto\/encurtidos\/pepinillos\/\" target=\"_blank\" rel=\"noopener noreferrer nofollow\">maslina<\/a> koje imamo.<\/p>\n","protected":false},"excerpt":{"rendered":"<p>Chic\u00f3n Extra Pickles proizvodi se u Antequeri, M\u00e1laga. Izra\u0111uju se po tradicionalnom receptu i na zanatski na\u010din. To su ekstra mali, nje\u017eni kiseli krastavci s laganim, ukusnim dodirom octa. Mje\u0161avina okusa koju pru\u017eaju sastojci u kombinaciji s da\u0161kom octa daje mu poseban okus koji je vrlo ugodan nepcu. Kiseli krastavci su me\u0111uobrok koji ja\u010da imunolo\u0161ki [&hellip;]<\/p>\n","protected":false},"featured_media":34227,"template":"","meta":{"_et_pb_use_builder":"","_et_pb_old_content":"","_et_gb_content_width":""},"product_brand":[1036],"product_cat":[3147,2973],"product_tag":[4120],"class_list":{"0":"post-34221","1":"product","2":"type-product","3":"status-publish","4":"has-post-thumbnail","6":"product_brand-chicon","7":"product_cat-kiseli-krastavci-hr-2","8":"product_cat-veleprodaja","9":"product_tag-ekstra-hr","11":"first","12":"outofstock","13":"taxable","14":"shipping-taxable","15":"purchasable","16":"product-type-variable"},"_links":{"self":[{"href":"https:\/\/myspainfood.com\/hr\/wp-json\/wp\/v2\/product\/34221","targetHints":{"allow":["GET"]}}],"collection":[{"href":"https:\/\/myspainfood.com\/hr\/wp-json\/wp\/v2\/product"}],"about":[{"href":"https:\/\/myspainfood.com\/hr\/wp-json\/wp\/v2\/types\/product"}],"wp:featuredmedia":[{"embeddable":true,"href":"https:\/\/myspainfood.com\/hr\/wp-json\/wp\/v2\/media\/34227"}],"wp:attachment":[{"href":"https:\/\/myspainfood.com\/hr\/wp-json\/wp\/v2\/media?parent=34221"}],"wp:term":[{"taxonomy":"product_brand","embeddable":true,"href":"https:\/\/myspainfood.com\/hr\/wp-json\/wp\/v2\/product_brand?post=34221"},{"taxonomy":"product_cat","embeddable":true,"href":"https:\/\/myspainfood.com\/hr\/wp-json\/wp\/v2\/product_cat?post=34221"},{"taxonomy":"product_tag","embeddable":true,"href":"https:\/\/myspainfood.com\/hr\/wp-json\/wp\/v2\/product_tag?post=34221"}],"curies":[{"name":"wp","href":"https:\/\/api.w.org\/{rel}","templated":true}]}}