{"id":34796,"date":"2025-04-10T12:10:13","date_gmt":"2025-04-10T10:10:13","guid":{"rendered":"https:\/\/myspainfood.com\/producto\/stari-flor-de-esgueva-sir-32-kg\/"},"modified":"2025-06-24T13:46:03","modified_gmt":"2025-06-24T11:46:03","slug":"stari-flor-de-esgueva-sir-32-kg","status":"publish","type":"product","link":"https:\/\/myspainfood.com\/hr\/producto\/stari-flor-de-esgueva-sir-32-kg\/","title":{"rendered":"Stari Flor de Esgueva sir 3,2 kg"},"content":{"rendered":"<div class=\"et_pb_blurb_container\">\n<div class=\"et_pb_blurb_container\">\n<h1 class=\"vc_custom_heading\">Cvijet Esgueva Viejo<\/h1>\n<p class=\"vc_custom_heading us_custom_c587e30b\">Napravljeno samo od sirovog ov\u010djeg mlijeka i odle\u017eano u prirodnoj kori najmanje 7 mjeseci.<\/p>\n<div class=\"wpb_text_column us_custom_afe9a513\">\n<div class=\"wpb_wrapper\">\n<p>Suo\u010davamo se sa savr\u0161enstvom, u smislu intenziteta i teksture. To je sir vrlo pogodan za ljubitelje sira koji vole proljetnu, gotovo otopljenu teksturu, ali bez gubitka okusa i intenziteta \u010distog ov\u010djeg mlijeka u ustima. Ima dug i trajan okus, koji ostavlja ugodan osje\u0107aj nekoliko minuta.  <\/p>\n<\/div>\n<\/div>\n<\/div>\n<\/div>\n","protected":false},"excerpt":{"rendered":"<p>Cvijet Esgueva Viejo Napravljeno samo od sirovog ov\u010djeg mlijeka i odle\u017eano u prirodnoj kori najmanje 7 mjeseci. Suo\u010davamo se sa savr\u0161enstvom, u smislu intenziteta i teksture. To je sir vrlo pogodan za ljubitelje sira koji vole proljetnu, gotovo otopljenu teksturu, ali bez gubitka okusa i intenziteta \u010distog ov\u010djeg mlijeka u ustima. Ima dug i trajan [&hellip;]<\/p>\n","protected":false},"featured_media":34804,"template":"","meta":{"_et_pb_use_builder":"","_et_pb_old_content":"","_et_gb_content_width":""},"product_brand":[1367],"product_cat":[1876,2760,2304],"product_tag":[],"class_list":{"0":"post-34796","1":"product","2":"type-product","3":"status-publish","4":"has-post-thumbnail","6":"product_brand-flor-de-esgueva","7":"product_cat-hladno-hr","8":"product_cat-izlijecen","9":"product_cat-sir-i-kobasice","10":"product_shipping_class-hladna-dostava","12":"first","13":"outofstock","14":"taxable","15":"shipping-taxable","16":"purchasable","17":"product-type-variable"},"_links":{"self":[{"href":"https:\/\/myspainfood.com\/hr\/wp-json\/wp\/v2\/product\/34796","targetHints":{"allow":["GET"]}}],"collection":[{"href":"https:\/\/myspainfood.com\/hr\/wp-json\/wp\/v2\/product"}],"about":[{"href":"https:\/\/myspainfood.com\/hr\/wp-json\/wp\/v2\/types\/product"}],"wp:featuredmedia":[{"embeddable":true,"href":"https:\/\/myspainfood.com\/hr\/wp-json\/wp\/v2\/media\/34804"}],"wp:attachment":[{"href":"https:\/\/myspainfood.com\/hr\/wp-json\/wp\/v2\/media?parent=34796"}],"wp:term":[{"taxonomy":"product_brand","embeddable":true,"href":"https:\/\/myspainfood.com\/hr\/wp-json\/wp\/v2\/product_brand?post=34796"},{"taxonomy":"product_cat","embeddable":true,"href":"https:\/\/myspainfood.com\/hr\/wp-json\/wp\/v2\/product_cat?post=34796"},{"taxonomy":"product_tag","embeddable":true,"href":"https:\/\/myspainfood.com\/hr\/wp-json\/wp\/v2\/product_tag?post=34796"}],"curies":[{"name":"wp","href":"https:\/\/api.w.org\/{rel}","templated":true}]}}