{"id":34829,"date":"2025-04-10T12:16:30","date_gmt":"2025-04-10T10:16:30","guid":{"rendered":"https:\/\/myspainfood.com\/producto\/100-iberijski-file-hranjen-zirom-fili-500-gr\/"},"modified":"2026-01-29T13:12:51","modified_gmt":"2026-01-29T12:12:51","slug":"100-iberijski-file-hranjen-zirom-fili-500-gr","status":"publish","type":"product","link":"https:\/\/myspainfood.com\/hr\/producto\/100-iberijski-file-hranjen-zirom-fili-500-gr\/","title":{"rendered":"100% iberijski svinjski kare hranjen \u017eirom \u2013 FILI \u2013 500 gr"},"content":{"rendered":"<h3>100% iberijski svinjski kare hranjen \u017eirom \u2013 FILI \u2013 800 gr<\/h3>\n<p><strong>FILI-jeva 800-gramska svinjska kare od 100% iberijskog mesa hranjena \u017eirom<\/strong> gurmanska je delicija napravljena od \u010distokrvnih iberijskih svinja, uzgojenih na slobodnom uzgoju i hranjenih \u017eirom. Ovaj zanatski proces, u kombinaciji s pa\u017eljivim su\u0161enjem, rezultira neusporedivim okusom i so\u010dnom teksturom. Savr\u0161ena za ljubitelje iberijskih proizvoda i bogata zdravim masnim kiselinama.  <\/p>\n<p>Za vi\u0161e informacija o prednostima konzumiranja iberijskih proizvoda posjetite <a href=\"https:\/\/www.jamonlovers.es\" target=\"_new\" rel=\"noopener noreferrer nofollow\" target=\"_blank\">Jam\u00f3n Lovers<\/a> .<\/p>\n<p>Otkrijte vi\u0161e opcija u na\u0161im kategorijama <a href=\"https:\/\/latiendadesami.com\/categoria-producto\/queso-embutido\/\" target=\"_blank\" rel=\"noopener noreferrer nofollow\"><span style=\"color: #2ea3f2;\">narezaka<\/span><\/a><\/p>\n","protected":false},"excerpt":{"rendered":"<p>100% iberijski svinjski kare hranjen \u017eirom \u2013 FILI \u2013 800 gr FILI-jeva 800-gramska svinjska kare od 100% iberijskog mesa hranjena \u017eirom gurmanska je delicija napravljena od \u010distokrvnih iberijskih svinja, uzgojenih na slobodnom uzgoju i hranjenih \u017eirom. Ovaj zanatski proces, u kombinaciji s pa\u017eljivim su\u0161enjem, rezultira neusporedivim okusom i so\u010dnom teksturom. Savr\u0161ena za ljubitelje iberijskih proizvoda [&hellip;]<\/p>\n","protected":false},"featured_media":34830,"template":"","meta":{"_et_pb_use_builder":"","_et_pb_old_content":"","_et_gb_content_width":""},"product_brand":[1388],"product_cat":[2305,2304],"product_tag":[],"class_list":{"0":"post-34829","1":"product","2":"type-product","3":"status-publish","4":"has-post-thumbnail","6":"product_brand-fili","7":"product_cat-kobasica","8":"product_cat-sir-i-kobasice","10":"first","11":"outofstock","12":"taxable","13":"shipping-taxable","14":"purchasable","15":"product-type-simple"},"_links":{"self":[{"href":"https:\/\/myspainfood.com\/hr\/wp-json\/wp\/v2\/product\/34829","targetHints":{"allow":["GET"]}}],"collection":[{"href":"https:\/\/myspainfood.com\/hr\/wp-json\/wp\/v2\/product"}],"about":[{"href":"https:\/\/myspainfood.com\/hr\/wp-json\/wp\/v2\/types\/product"}],"wp:featuredmedia":[{"embeddable":true,"href":"https:\/\/myspainfood.com\/hr\/wp-json\/wp\/v2\/media\/34830"}],"wp:attachment":[{"href":"https:\/\/myspainfood.com\/hr\/wp-json\/wp\/v2\/media?parent=34829"}],"wp:term":[{"taxonomy":"product_brand","embeddable":true,"href":"https:\/\/myspainfood.com\/hr\/wp-json\/wp\/v2\/product_brand?post=34829"},{"taxonomy":"product_cat","embeddable":true,"href":"https:\/\/myspainfood.com\/hr\/wp-json\/wp\/v2\/product_cat?post=34829"},{"taxonomy":"product_tag","embeddable":true,"href":"https:\/\/myspainfood.com\/hr\/wp-json\/wp\/v2\/product_tag?post=34829"}],"curies":[{"name":"wp","href":"https:\/\/api.w.org\/{rel}","templated":true}]}}