{"id":36814,"date":"2025-04-10T12:11:40","date_gmt":"2025-04-10T10:11:40","guid":{"rendered":"https:\/\/myspainfood.com\/producto\/andaluzijski-gazpacho-s-ekstra-djevicanskim-maslinovim-uljem-arteoliva-1-litra\/"},"modified":"2026-01-29T12:34:47","modified_gmt":"2026-01-29T11:34:47","slug":"andaluzijski-gazpacho-s-ekstra-djevicanskim-maslinovim-uljem-arteoliva-1-litra","status":"publish","type":"product","link":"https:\/\/myspainfood.com\/hr\/producto\/andaluzijski-gazpacho-s-ekstra-djevicanskim-maslinovim-uljem-arteoliva-1-litra\/","title":{"rendered":"Andaluzijski Gazpacho s ekstra djevi\u010danskim maslinovim uljem ARTEOLIVA 1 litra"},"content":{"rendered":"<p>Ovaj proizvod vjerno slijedi tradicionalni recept za autenti\u010dni andaluzijski gazpacho. Sadr\u017ei vrhunsko svje\u017ee povr\u0107e poput raj\u010dice, krastavca, paprike i \u010de\u0161njaka, zajedno s ekstra djevi\u010danskim maslinovim uljem, kruhom, sherry octom, vodom i morskom soli. Za razliku od drugih proizvoda na tr\u017ei\u0161tu, gazpacho &#8220;ArteOliva&#8221; sadr\u017ei ve\u0107u koli\u010dinu ekstra djevi\u010danskog maslinovog ulja i kruha, \u0161to se smatra bitnim sastojkom u tradicionalnom receptu.  <\/p>\n","protected":false},"excerpt":{"rendered":"<p>Ovaj proizvod vjerno slijedi tradicionalni recept za autenti\u010dni andaluzijski gazpacho. Sadr\u017ei vrhunsko svje\u017ee povr\u0107e poput raj\u010dice, krastavca, paprike i \u010de\u0161njaka, zajedno s ekstra djevi\u010danskim maslinovim uljem, kruhom, sherry octom, vodom i morskom soli. Za razliku od drugih proizvoda na tr\u017ei\u0161tu, gazpacho &#8220;ArteOliva&#8221; sadr\u017ei ve\u0107u koli\u010dinu ekstra djevi\u010danskog maslinovog ulja i kruha, \u0161to se smatra bitnim [&hellip;]<\/p>\n","protected":false},"featured_media":36815,"template":"","meta":{"_et_pb_use_builder":"","_et_pb_old_content":"","_et_gb_content_width":""},"product_brand":[1457],"product_cat":[2637,1917,4919],"product_tag":[],"class_list":{"0":"post-36814","1":"product","2":"type-product","3":"status-publish","4":"has-post-thumbnail","6":"product_brand-arteoliva","7":"product_cat-ekstra-djevicansko-maslinovo-ulje","8":"product_cat-konzerve","9":"product_cat-pica","11":"first","12":"outofstock","13":"taxable","14":"shipping-taxable","15":"product-type-variable"},"_links":{"self":[{"href":"https:\/\/myspainfood.com\/hr\/wp-json\/wp\/v2\/product\/36814","targetHints":{"allow":["GET"]}}],"collection":[{"href":"https:\/\/myspainfood.com\/hr\/wp-json\/wp\/v2\/product"}],"about":[{"href":"https:\/\/myspainfood.com\/hr\/wp-json\/wp\/v2\/types\/product"}],"wp:featuredmedia":[{"embeddable":true,"href":"https:\/\/myspainfood.com\/hr\/wp-json\/wp\/v2\/media\/36815"}],"wp:attachment":[{"href":"https:\/\/myspainfood.com\/hr\/wp-json\/wp\/v2\/media?parent=36814"}],"wp:term":[{"taxonomy":"product_brand","embeddable":true,"href":"https:\/\/myspainfood.com\/hr\/wp-json\/wp\/v2\/product_brand?post=36814"},{"taxonomy":"product_cat","embeddable":true,"href":"https:\/\/myspainfood.com\/hr\/wp-json\/wp\/v2\/product_cat?post=36814"},{"taxonomy":"product_tag","embeddable":true,"href":"https:\/\/myspainfood.com\/hr\/wp-json\/wp\/v2\/product_tag?post=36814"}],"curies":[{"name":"wp","href":"https:\/\/api.w.org\/{rel}","templated":true}]}}