{"id":37674,"date":"2025-04-10T12:05:45","date_gmt":"2025-04-10T10:05:45","guid":{"rendered":"https:\/\/myspainfood.com\/producto\/kajgana-45-kg\/"},"modified":"2025-04-10T12:05:45","modified_gmt":"2025-04-10T10:05:45","slug":"kajgana-45-kg","status":"publish","type":"product","link":"https:\/\/myspainfood.com\/hr\/producto\/kajgana-45-kg\/","title":{"rendered":"Kajgana 4,5 kg"},"content":{"rendered":"<p>Ovaj ukiseljeni revuelto od 4,5 kg u vodi, soli i octu uklju\u010duje masline, luk i kisele krastavce<\/p>\n<p>Ova <a href=\"https:\/\/www.google.com\/search?q=revuelto+aceitunas+s%C3%A1ngar&amp;sxsrf=APq-WBt1wkTZta0IAEDoueZPBxEuaY8Dtw:1644308614563&amp;source=lnms&amp;tbm=isch&amp;sa=X&amp;ved=2ahUKEwjouvz21u_1AhVV_rsIHacjBd0Q_AUoAXoECAEQAw&amp;biw=1577&amp;bih=780&amp;dpr=1\" target=\"_blank\" rel=\"noopener noreferrer nofollow\">kombinacija<\/a> maslina i kiselih krastavaca omogu\u0107uje vam da u\u017eivate u neusporedivom okusu u svojim tapasima ili predjelima.<\/p>\n<p>To je vrlo zdrav dodatak na\u0161oj tradicionalnoj hranjivoj mediteranskoj prehrani.<\/p>\n<p>U \u0160panjolskoj mo\u017eete prona\u0107i masline, kisele krastavce, patlid\u017ean Almagro, mrkvu i luk, dok su kapari, \u010de\u0161njak ili \u010dak mje\u0161avina navedenog vrlo tradicionalni.<\/p>\n<p>\u010cesto se poslu\u017euju kao tapas uz pivo (ne vino zbog sadr\u017eaja octa).<\/p>\n<p>Kiseljenje se razvilo od drevne tehnike koja se koristila diljem svijeta za konzerviranje hrane do jednog od najcjenjenijih tapasa ili predjela u \u0161panjolskoj kuhinji.<\/p>\n<h3><strong>Prednosti kajgane 4,5 kg<\/strong><\/h3>\n<p>Jeste li znali koje su prednosti kajgane od 4,5 kg i kiselih krastavaca op\u0107enito? U nastavku navodimo najzna\u010dajnije: <\/p>\n<ul>\n<li>Bogato probioticima.<\/li>\n<li>Poma\u017eu probavi.<\/li>\n<li>Oni ja\u010daju imunolo\u0161ki sustav.<\/li>\n<li>Smanjuju \u017eelju za konzumiranjem \u0161e\u0107era.<\/li>\n<li>Povoljno za \u017eu\u010dni mjehur.<\/li>\n<\/ul>\n<p>&nbsp;<\/p>\n<p>Ako \u017eelite kupiti masline ili bilo koju drugu vrstu <a href=\"https:\/\/latiendadesami.com\/categoria-producto\/encurtidos\/\" rel=\"noopener noreferrer nofollow\" target=\"_blank\">ukiseljenog jela<\/a> , slobodno pregledajte cijeli na\u0161 online katalog kako biste vidjeli \u0161irok izbor <a href=\"https:\/\/latiendadesami.com\/categoria-producto\/encurtidos\/aceitunas\/\" target=\"_blank\" rel=\"noopener noreferrer nofollow\">maslina<\/a> ili kajgane od 4,5 kg koje imamo.<\/p>\n<p>Pi\u0161ite nam za vi\u0161e informacija.<\/p>\n","protected":false},"excerpt":{"rendered":"<p>Ovaj ukiseljeni revuelto od 4,5 kg u vodi, soli i octu uklju\u010duje masline, luk i kisele krastavce Ova kombinacija maslina i kiselih krastavaca omogu\u0107uje vam da u\u017eivate u neusporedivom okusu u svojim tapasima ili predjelima. To je vrlo zdrav dodatak na\u0161oj tradicionalnoj hranjivoj mediteranskoj prehrani. U \u0160panjolskoj mo\u017eete prona\u0107i masline, kisele krastavce, patlid\u017ean Almagro, mrkvu [&hellip;]<\/p>\n","protected":false},"featured_media":37676,"template":"","meta":{"_et_pb_use_builder":"","_et_pb_old_content":"","_et_gb_content_width":""},"product_brand":[1069],"product_cat":[1988,1791,1792],"product_tag":[8172],"class_list":{"0":"post-37674","1":"product","2":"type-product","3":"status-publish","4":"has-post-thumbnail","6":"product_brand-sangar","7":"product_cat-kiseli-krastavci-hr","8":"product_cat-kiseli-krastavci","9":"product_cat-masline-hr","10":"product_tag-mijesano","12":"first","13":"outofstock","14":"taxable","15":"shipping-taxable","16":"purchasable","17":"product-type-simple"},"_links":{"self":[{"href":"https:\/\/myspainfood.com\/hr\/wp-json\/wp\/v2\/product\/37674","targetHints":{"allow":["GET"]}}],"collection":[{"href":"https:\/\/myspainfood.com\/hr\/wp-json\/wp\/v2\/product"}],"about":[{"href":"https:\/\/myspainfood.com\/hr\/wp-json\/wp\/v2\/types\/product"}],"wp:featuredmedia":[{"embeddable":true,"href":"https:\/\/myspainfood.com\/hr\/wp-json\/wp\/v2\/media\/37676"}],"wp:attachment":[{"href":"https:\/\/myspainfood.com\/hr\/wp-json\/wp\/v2\/media?parent=37674"}],"wp:term":[{"taxonomy":"product_brand","embeddable":true,"href":"https:\/\/myspainfood.com\/hr\/wp-json\/wp\/v2\/product_brand?post=37674"},{"taxonomy":"product_cat","embeddable":true,"href":"https:\/\/myspainfood.com\/hr\/wp-json\/wp\/v2\/product_cat?post=37674"},{"taxonomy":"product_tag","embeddable":true,"href":"https:\/\/myspainfood.com\/hr\/wp-json\/wp\/v2\/product_tag?post=37674"}],"curies":[{"name":"wp","href":"https:\/\/api.w.org\/{rel}","templated":true}]}}