{"id":37703,"date":"2025-04-10T12:05:09","date_gmt":"2025-04-10T10:05:09","guid":{"rendered":"https:\/\/myspainfood.com\/producto\/bijeli-cesnjak-900-gr-chicon\/"},"modified":"2025-04-10T12:05:09","modified_gmt":"2025-04-10T10:05:09","slug":"bijeli-cesnjak-900-gr-chicon","status":"publish","type":"product","link":"https:\/\/myspainfood.com\/hr\/producto\/bijeli-cesnjak-900-gr-chicon\/","title":{"rendered":"Bijeli \u010de\u0161njak 900 gr Chic\u00f3n"},"content":{"rendered":"<p><strong>Bijeli \u010de\u0161njak u ulju<\/strong> , oguljen, obra\u0111en i su\u0161en kako bi se ubla\u017eio njegov prirodni okus, a istovremeno sa\u010duvala njegova po\u010detna svojstva.<\/p>\n<p>\u010ce\u0161njak u ulju je delicija za nepce, bilo kao predjelo ili kao prilog va\u0161im omiljenim jelima.<\/p>\n<h3><strong>Prednosti bijelog \u010de\u0161njaka u <a href=\"https:\/\/aceitunaschiconlebron.com\/catalogo\/ajos-en-aceite\/\" target=\"_blank\" rel=\"noopener noreferrer nofollow\">ulju<\/a><\/strong><\/h3>\n<p>Znate li glavne prednosti \u010de\u0161njaka u ulju kao kiselog povr\u0107a? Pa, me\u0111u mnogim drugim svojstvima, bogati su probioticima, ja\u010daju imunolo\u0161ki sustav, pa \u010dak i poma\u017eu probavi. <\/p>\n<p>Kiseljenje se razvilo od drevne tehnike koja se koristila diljem svijeta za konzerviranje hrane do jednog od najcjenjenijih tapasa ili predjela u \u0161panjolskoj kuhinji. Osim na\u0161eg ukusnog <strong>\u010de\u0161njaka u ulju<\/strong> , u na\u0161em online katalogu mo\u017eete prona\u0107i i druge vrste ukiseljenog povr\u0107a poput kapara, slatkih banderila ili ljutih banderila. <\/p>\n<h3><strong>Svojstva ukiseljenog \u010de\u0161njaka<\/strong><\/h3>\n<p>Ima <strong>antibiotska svojstva<\/strong> . \u010ce\u0161njak u ulju ubija \u0161irok raspon mikroba, uklju\u010duju\u0107i viruse, bakterije, gljivice i parazite. <\/p>\n<p>Pru\u017ea <strong>dekongestivni u\u010dinak<\/strong> , izvor je vitamina C te enzima i minerala koji poma\u017eu u pove\u0107anju obrane i imuniteta tijela.<\/p>\n<p><strong>\u010ce\u0161njak u ulju \u0161titi na\u0161e srce<\/strong> od kardiovaskularnih problema poput sr\u010danog udara i ateroskleroze.<\/p>\n<p>Jo\u0161 jedno <strong>svojstvo ukiseljenog \u010de\u0161njaka<\/strong> je da sni\u017eava kolesterol, jer umjereno smanjuje trigliceride u krvi i ukupni kolesterol, \u0161to mo\u017ee pomo\u0107i u smanjenju arterijskog plaka.<\/p>\n<p>Ukratko, \u010de\u0161njak u ulju ili <a href=\"https:\/\/latiendadesami.com\/categoria-producto\/encurtidos\/\" target=\"_blank\" rel=\"noopener noreferrer nofollow\">ukiseljeni<\/a> \u010de\u0161njak ima vi\u0161estruka svojstva i koristi za ljudsko zdravlje.<\/p>\n","protected":false},"excerpt":{"rendered":"<p>Bijeli \u010de\u0161njak u ulju , oguljen, obra\u0111en i su\u0161en kako bi se ubla\u017eio njegov prirodni okus, a istovremeno sa\u010duvala njegova po\u010detna svojstva. \u010ce\u0161njak u ulju je delicija za nepce, bilo kao predjelo ili kao prilog va\u0161im omiljenim jelima. Prednosti bijelog \u010de\u0161njaka u ulju Znate li glavne prednosti \u010de\u0161njaka u ulju kao kiselog povr\u0107a? Pa, me\u0111u [&hellip;]<\/p>\n","protected":false},"featured_media":37705,"template":"","meta":{"_et_pb_use_builder":"","_et_pb_old_content":"","_et_gb_content_width":""},"product_brand":[1036],"product_cat":[3944,1791],"product_tag":[4196,3945],"class_list":{"0":"post-37703","1":"product","2":"type-product","3":"status-publish","4":"has-post-thumbnail","6":"product_brand-chicon","7":"product_cat-cesnjak","8":"product_cat-kiseli-krastavci","9":"product_tag-bijela","10":"product_tag-cesnjak","12":"first","13":"instock","14":"taxable","15":"shipping-taxable","16":"purchasable","17":"product-type-variable"},"_links":{"self":[{"href":"https:\/\/myspainfood.com\/hr\/wp-json\/wp\/v2\/product\/37703","targetHints":{"allow":["GET"]}}],"collection":[{"href":"https:\/\/myspainfood.com\/hr\/wp-json\/wp\/v2\/product"}],"about":[{"href":"https:\/\/myspainfood.com\/hr\/wp-json\/wp\/v2\/types\/product"}],"wp:featuredmedia":[{"embeddable":true,"href":"https:\/\/myspainfood.com\/hr\/wp-json\/wp\/v2\/media\/37705"}],"wp:attachment":[{"href":"https:\/\/myspainfood.com\/hr\/wp-json\/wp\/v2\/media?parent=37703"}],"wp:term":[{"taxonomy":"product_brand","embeddable":true,"href":"https:\/\/myspainfood.com\/hr\/wp-json\/wp\/v2\/product_brand?post=37703"},{"taxonomy":"product_cat","embeddable":true,"href":"https:\/\/myspainfood.com\/hr\/wp-json\/wp\/v2\/product_cat?post=37703"},{"taxonomy":"product_tag","embeddable":true,"href":"https:\/\/myspainfood.com\/hr\/wp-json\/wp\/v2\/product_tag?post=37703"}],"curies":[{"name":"wp","href":"https:\/\/api.w.org\/{rel}","templated":true}]}}