{"id":37836,"date":"2025-04-10T12:08:30","date_gmt":"2025-04-10T10:08:30","guid":{"rendered":"https:\/\/myspainfood.com\/producto\/usitnjeni-engleski-bakalar-5-kg\/"},"modified":"2025-06-24T14:11:42","modified_gmt":"2025-06-24T12:11:42","slug":"usitnjeni-engleski-bakalar-5-kg","status":"publish","type":"product","link":"https:\/\/myspainfood.com\/hr\/producto\/usitnjeni-engleski-bakalar-5-kg\/","title":{"rendered":"Usitnjeni engleski bakalar 5 kg"},"content":{"rendered":"<p>Usitnjeni engleski bakalar 5 kg iz <a href=\"https:\/\/labarajilla.es\/bacalao\/\" target=\"_blank\" rel=\"noopener noreferrer nofollow\">La Barajille<\/a> temelji se na vrhunskim komadima bez ko\u017ee i kostiju, idealnim za omlete, krokete i umak od \u010de\u0161njaka.<\/p>\n<ul>\n<li><strong>VRSTA<\/strong> : Bakalar (Gadus Morhua)<\/li>\n<li><strong>RIBOLOVNO PODRU\u010cJE<\/strong> : Sjeverozapadni Atlantik (FAO 27)<\/li>\n<li><strong>SKLADI\u0160TENJE<\/strong> : izme\u0111u 0\u00baC i 5\u00baC<\/li>\n<\/ul>\n<p>S nutritivnog gledi\u0161ta, bakalar je hrana bogata proteinima visoke biolo\u0161ke vrijednosti i probavljivosti, s niskim udjelom masti i kalorija.<\/p>\n<p>Sadr\u017eaj vode je oko 80% (u svje\u017eem bakalaru).<\/p>\n<p>Ovaj bakalar je dobar izvor vitamina (uglavnom skupine B) i minerala esencijalnih za tijelo.<\/p>\n<p>Svje\u017ei ili odsoljeni bakalar mogu konzumirati osobe s visokim krvnim tlakom jer ima malo natrija, a mnogo kalija.<\/p>\n<p>\u201eBakalar\u201c je uobi\u010dajeni naziv za nekoliko vrsta riba iz roda Gadus, iako neke iz istog roda mogu imati i druga imena.<\/p>\n<p>Naj\u010de\u0161\u0107a vrsta je atlantski bakalar (Gadus morhua ili obi\u010dni bakalar).<\/p>\n<p>Ako \u017eelite kupiti usitnjeni engleski bakalar 5 kg ili bilo koju drugu vrstu <a href=\"https:\/\/latiendadesami.com\/categoria-producto\/frio\/\" rel=\"noopener noreferrer nofollow\" target=\"_blank\">hladnog<\/a> proizvoda, slobodno pogledajte cijeli na\u0161 online katalog kako biste vidjeli \u0161irok izbor bakalara koji imamo.<\/p>\n<p>Pi\u0161ite nam za vi\u0161e informacija.<\/p>\n","protected":false},"excerpt":{"rendered":"<p>Usitnjeni engleski bakalar 5 kg iz La Barajille temelji se na vrhunskim komadima bez ko\u017ee i kostiju, idealnim za omlete, krokete i umak od \u010de\u0161njaka. VRSTA : Bakalar (Gadus Morhua) RIBOLOVNO PODRU\u010cJE : Sjeverozapadni Atlantik (FAO 27) SKLADI\u0160TENJE : izme\u0111u 0\u00baC i 5\u00baC S nutritivnog gledi\u0161ta, bakalar je hrana bogata proteinima visoke biolo\u0161ke vrijednosti i [&hellip;]<\/p>\n","protected":false},"featured_media":37838,"template":"","meta":{"_et_pb_use_builder":"","_et_pb_old_content":"","_et_gb_content_width":""},"product_brand":[1290],"product_cat":[3557,1876],"product_tag":[],"class_list":{"0":"post-37836","1":"product","2":"type-product","3":"status-publish","4":"has-post-thumbnail","6":"product_brand-la-barajilla","7":"product_cat-bakalar","8":"product_cat-hladno-hr","9":"product_shipping_class-hladna-dostava","11":"first","12":"outofstock","13":"taxable","14":"shipping-taxable","15":"purchasable","16":"product-type-simple"},"_links":{"self":[{"href":"https:\/\/myspainfood.com\/hr\/wp-json\/wp\/v2\/product\/37836","targetHints":{"allow":["GET"]}}],"collection":[{"href":"https:\/\/myspainfood.com\/hr\/wp-json\/wp\/v2\/product"}],"about":[{"href":"https:\/\/myspainfood.com\/hr\/wp-json\/wp\/v2\/types\/product"}],"wp:featuredmedia":[{"embeddable":true,"href":"https:\/\/myspainfood.com\/hr\/wp-json\/wp\/v2\/media\/37838"}],"wp:attachment":[{"href":"https:\/\/myspainfood.com\/hr\/wp-json\/wp\/v2\/media?parent=37836"}],"wp:term":[{"taxonomy":"product_brand","embeddable":true,"href":"https:\/\/myspainfood.com\/hr\/wp-json\/wp\/v2\/product_brand?post=37836"},{"taxonomy":"product_cat","embeddable":true,"href":"https:\/\/myspainfood.com\/hr\/wp-json\/wp\/v2\/product_cat?post=37836"},{"taxonomy":"product_tag","embeddable":true,"href":"https:\/\/myspainfood.com\/hr\/wp-json\/wp\/v2\/product_tag?post=37836"}],"curies":[{"name":"wp","href":"https:\/\/api.w.org\/{rel}","templated":true}]}}