{"id":37986,"date":"2025-04-10T12:10:09","date_gmt":"2025-04-10T10:10:09","guid":{"rendered":"https:\/\/myspainfood.com\/producto\/asortiman-tradicionalnih-gurmanskih-cazorla-pasteta\/"},"modified":"2025-04-10T12:10:09","modified_gmt":"2025-04-10T10:10:09","slug":"asortiman-tradicionalnih-gurmanskih-cazorla-pasteta","status":"publish","type":"product","link":"https:\/\/myspainfood.com\/hr\/producto\/asortiman-tradicionalnih-gurmanskih-cazorla-pasteta\/","title":{"rendered":"Asortiman tradicionalnih gurmanskih Cazorla pa\u0161teta"},"content":{"rendered":"<p>Ova kutija sadr\u017ei 6 na\u0161ih pa\u0161teta iz tradicionalne Gourmet Cazorla linije.<\/p>\n<p> Savr\u0161en poklon za va\u0161e najmilije..<\/p>\n","protected":false},"excerpt":{"rendered":"<p>Ova kutija sadr\u017ei 6 na\u0161ih pa\u0161teta iz tradicionalne Gourmet Cazorla linije. Savr\u0161en poklon za va\u0161e najmilije..<\/p>\n","protected":false},"featured_media":37990,"template":"","meta":{"_et_pb_use_builder":"","_et_pb_old_content":"","_et_gb_content_width":""},"product_brand":[],"product_cat":[1917,8199],"product_tag":[],"class_list":{"0":"post-37986","1":"product","2":"type-product","3":"status-publish","4":"has-post-thumbnail","6":"product_cat-konzerve","7":"product_cat-pasteta-hr","9":"first","10":"instock","11":"taxable","12":"shipping-taxable","13":"purchasable","14":"product-type-simple"},"_links":{"self":[{"href":"https:\/\/myspainfood.com\/hr\/wp-json\/wp\/v2\/product\/37986","targetHints":{"allow":["GET"]}}],"collection":[{"href":"https:\/\/myspainfood.com\/hr\/wp-json\/wp\/v2\/product"}],"about":[{"href":"https:\/\/myspainfood.com\/hr\/wp-json\/wp\/v2\/types\/product"}],"wp:featuredmedia":[{"embeddable":true,"href":"https:\/\/myspainfood.com\/hr\/wp-json\/wp\/v2\/media\/37990"}],"wp:attachment":[{"href":"https:\/\/myspainfood.com\/hr\/wp-json\/wp\/v2\/media?parent=37986"}],"wp:term":[{"taxonomy":"product_brand","embeddable":true,"href":"https:\/\/myspainfood.com\/hr\/wp-json\/wp\/v2\/product_brand?post=37986"},{"taxonomy":"product_cat","embeddable":true,"href":"https:\/\/myspainfood.com\/hr\/wp-json\/wp\/v2\/product_cat?post=37986"},{"taxonomy":"product_tag","embeddable":true,"href":"https:\/\/myspainfood.com\/hr\/wp-json\/wp\/v2\/product_tag?post=37986"}],"curies":[{"name":"wp","href":"https:\/\/api.w.org\/{rel}","templated":true}]}}