{"id":37987,"date":"2025-04-10T12:10:39","date_gmt":"2025-04-10T10:10:39","guid":{"rendered":"https:\/\/myspainfood.com\/producto\/almagro-sjeckani-patlidzan-45-kg-sirovi\/"},"modified":"2025-04-10T12:10:39","modified_gmt":"2025-04-10T10:10:39","slug":"almagro-sjeckani-patlidzan-45-kg-sirovi","status":"publish","type":"product","link":"https:\/\/myspainfood.com\/hr\/producto\/almagro-sjeckani-patlidzan-45-kg-sirovi\/","title":{"rendered":"Almagro sjeckani patlid\u017ean 4,5 kg sirovi"},"content":{"rendered":"<p>Almagro sjeckani patlid\u017ean tradicionalni je proizvod iz regije Campo de Calatrava, u srcu La <a href=\"https:\/\/www.laencajera.es\/berenjenas-de-almagro\" target=\"_blank\" rel=\"noopener noreferrer nofollow\">Manche<\/a> .<\/p>\n<p>Proizvod sa za\u0161ti\u0107enom oznakom zemljopisnog podrijetla, koji je postao gastronomska referenca, bilo kao predjelo ili u toplim ili hladnim jelima.<\/p>\n<p>Sastojci: patlid\u017ean &#8220;De Almagro&#8221;, voda, sol, vinski ocat, papar, komora\u010d, prirodni za\u010dini (\u010de\u0161njak, kumin, paprika, maslinovo ulje), poja\u010diva\u010d okusa (E-621), sredstva za zakiseljavanje (E-330), konzervansi (E-270, E-211, E-202, E-223), antioksidans (E-300) i prirodne arome.<\/p>\n<p>\u010cuvati na hladnom i suhom mjestu, izme\u0111u 3\u00baC i 10\u00baC.<\/p>\n<p>Dr\u017eati dalje od sun\u010deve svjetlosti i jakih mirisa.<\/p>\n<p>Almagro punjeni patlid\u017ean. Nakon otvaranja, \u010duvati u hladnjaku i potro\u0161iti unutar 30 dana.<\/p>\n<p>Ako \u017eelite kupiti masline ili bilo koju drugu vrstu <a href=\"https:\/\/latiendadesami.com\/categoria-producto\/encurtidos\/\" rel=\"noopener noreferrer nofollow\" target=\"_blank\">ukiseljenog proizvoda<\/a> , slobodno pogledajte cijeli na\u0161 online katalog kako biste vidjeli \u0161irok izbor <a href=\"https:\/\/latiendadesami.com\/categoria-producto\/encurtidos\/berenjenas\/\" target=\"_blank\" rel=\"noopener noreferrer nofollow\">patlid\u017eana<\/a> koje imamo.<\/p>\n<p>Brend je La Encajonera, obiteljski posao osnovan 1990. godine, smje\u0161ten u srcu La Manche, u gradu ALMAGRO, u pokrajini Ciudad Real.<\/p>\n<p>Proizvodni proces njihovih proizvoda zapo\u010dinje u istom podru\u010dju uzgoja, odabiru\u0107i proizvode najvi\u0161e kvalitete.<\/p>\n<p>Tvornica je opremljena najnaprednijom tehnologijom, a istovremeno odr\u017eava tradiciju i stru\u010dnost svojih obrtnika.<\/p>\n","protected":false},"excerpt":{"rendered":"<p>Almagro sjeckani patlid\u017ean tradicionalni je proizvod iz regije Campo de Calatrava, u srcu La Manche . Proizvod sa za\u0161ti\u0107enom oznakom zemljopisnog podrijetla, koji je postao gastronomska referenca, bilo kao predjelo ili u toplim ili hladnim jelima. Sastojci: patlid\u017ean &#8220;De Almagro&#8221;, voda, sol, vinski ocat, papar, komora\u010d, prirodni za\u010dini (\u010de\u0161njak, kumin, paprika, maslinovo ulje), poja\u010diva\u010d okusa [&hellip;]<\/p>\n","protected":false},"featured_media":37988,"template":"","meta":{"_et_pb_use_builder":"","_et_pb_old_content":"","_et_gb_content_width":""},"product_brand":[],"product_cat":[1791,2102],"product_tag":[2103],"class_list":{"0":"post-37987","1":"product","2":"type-product","3":"status-publish","4":"has-post-thumbnail","6":"product_cat-kiseli-krastavci","7":"product_cat-patlidzani","8":"product_tag-odjeven-a","10":"first","11":"instock","12":"taxable","13":"shipping-taxable","14":"purchasable","15":"product-type-simple"},"_links":{"self":[{"href":"https:\/\/myspainfood.com\/hr\/wp-json\/wp\/v2\/product\/37987","targetHints":{"allow":["GET"]}}],"collection":[{"href":"https:\/\/myspainfood.com\/hr\/wp-json\/wp\/v2\/product"}],"about":[{"href":"https:\/\/myspainfood.com\/hr\/wp-json\/wp\/v2\/types\/product"}],"wp:featuredmedia":[{"embeddable":true,"href":"https:\/\/myspainfood.com\/hr\/wp-json\/wp\/v2\/media\/37988"}],"wp:attachment":[{"href":"https:\/\/myspainfood.com\/hr\/wp-json\/wp\/v2\/media?parent=37987"}],"wp:term":[{"taxonomy":"product_brand","embeddable":true,"href":"https:\/\/myspainfood.com\/hr\/wp-json\/wp\/v2\/product_brand?post=37987"},{"taxonomy":"product_cat","embeddable":true,"href":"https:\/\/myspainfood.com\/hr\/wp-json\/wp\/v2\/product_cat?post=37987"},{"taxonomy":"product_tag","embeddable":true,"href":"https:\/\/myspainfood.com\/hr\/wp-json\/wp\/v2\/product_tag?post=37987"}],"curies":[{"name":"wp","href":"https:\/\/api.w.org\/{rel}","templated":true}]}}