{"id":38048,"date":"2025-04-10T12:10:07","date_gmt":"2025-04-10T10:10:07","guid":{"rendered":"https:\/\/myspainfood.com\/producto\/asortiman-gurmanskih-iberskih-pasteta-cazorla\/"},"modified":"2025-04-10T12:10:07","modified_gmt":"2025-04-10T10:10:07","slug":"asortiman-gurmanskih-iberskih-pasteta-cazorla","status":"publish","type":"product","link":"https:\/\/myspainfood.com\/hr\/producto\/asortiman-gurmanskih-iberskih-pasteta-cazorla\/","title":{"rendered":"Asortiman gurmanskih iberskih pa\u0161teta Cazorla"},"content":{"rendered":"<p>Ova kutija sadr\u017ei 6 na\u0161ih pa\u0161teta iz tradicionalne Gourmet Cazorla linije.<\/p>\n<p> Savr\u0161en poklon za va\u0161e voljene&#8230; za ro\u0111endan, za Bo\u017ei\u0107, kao zahvala za trud ili jednostavno tako, a i za vas jer to zaslu\u017eujete.<\/p>\n","protected":false},"excerpt":{"rendered":"<p>Ova kutija sadr\u017ei 6 na\u0161ih pa\u0161teta iz tradicionalne Gourmet Cazorla linije. Savr\u0161en poklon za va\u0161e voljene&#8230; za ro\u0111endan, za Bo\u017ei\u0107, kao zahvala za trud ili jednostavno tako, a i za vas jer to zaslu\u017eujete.<\/p>\n","protected":false},"featured_media":38049,"template":"","meta":{"_et_pb_use_builder":"","_et_pb_old_content":"","_et_gb_content_width":""},"product_brand":[],"product_cat":[1917,8199],"product_tag":[],"class_list":{"0":"post-38048","1":"product","2":"type-product","3":"status-publish","4":"has-post-thumbnail","6":"product_cat-konzerve","7":"product_cat-pasteta-hr","9":"first","10":"instock","11":"taxable","12":"shipping-taxable","13":"purchasable","14":"product-type-simple"},"_links":{"self":[{"href":"https:\/\/myspainfood.com\/hr\/wp-json\/wp\/v2\/product\/38048","targetHints":{"allow":["GET"]}}],"collection":[{"href":"https:\/\/myspainfood.com\/hr\/wp-json\/wp\/v2\/product"}],"about":[{"href":"https:\/\/myspainfood.com\/hr\/wp-json\/wp\/v2\/types\/product"}],"wp:featuredmedia":[{"embeddable":true,"href":"https:\/\/myspainfood.com\/hr\/wp-json\/wp\/v2\/media\/38049"}],"wp:attachment":[{"href":"https:\/\/myspainfood.com\/hr\/wp-json\/wp\/v2\/media?parent=38048"}],"wp:term":[{"taxonomy":"product_brand","embeddable":true,"href":"https:\/\/myspainfood.com\/hr\/wp-json\/wp\/v2\/product_brand?post=38048"},{"taxonomy":"product_cat","embeddable":true,"href":"https:\/\/myspainfood.com\/hr\/wp-json\/wp\/v2\/product_cat?post=38048"},{"taxonomy":"product_tag","embeddable":true,"href":"https:\/\/myspainfood.com\/hr\/wp-json\/wp\/v2\/product_tag?post=38048"}],"curies":[{"name":"wp","href":"https:\/\/api.w.org\/{rel}","templated":true}]}}