{"id":38371,"date":"2025-04-10T12:14:40","date_gmt":"2025-04-10T10:14:40","guid":{"rendered":"https:\/\/myspainfood.com\/producto\/marinirane-cileanske-dagnje-10-15-komada-marevento\/"},"modified":"2026-01-30T14:31:37","modified_gmt":"2026-01-30T13:31:37","slug":"marinirane-cileanske-dagnje-10-15-komada-marevento","status":"publish","type":"product","link":"https:\/\/myspainfood.com\/hr\/producto\/marinirane-cileanske-dagnje-10-15-komada-marevento\/","title":{"rendered":"Marinirane \u010dileanske dagnje 10-15 komada Marevento"},"content":{"rendered":"<p>Kuhano i pr\u017eeno u suncokretovom ulju. Bisus se ru\u010dno uklanja i pakira se jedan po jedan. Uz to slijedi jedinstveni escabeche napravljen od potpuno prirodnih sastojaka. Sastojci: \u010dileanske dagnje, konzervans (suncokretovo ulje, crveni vinski ocat, voda, prirodne arome, za\u010dini i sol).<\/p>\n","protected":false},"excerpt":{"rendered":"<p>Kuhano i pr\u017eeno u suncokretovom ulju. Bisus se ru\u010dno uklanja i pakira se jedan po jedan. Uz to slijedi jedinstveni escabeche napravljen od potpuno prirodnih sastojaka. Sastojci: \u010dileanske dagnje, konzervans (suncokretovo ulje, crveni vinski ocat, voda, prirodne arome, za\u010dini i sol).<\/p>\n","protected":false},"featured_media":38372,"template":"","meta":{"_et_pb_use_builder":"","_et_pb_old_content":"","_et_gb_content_width":""},"product_brand":[1428],"product_cat":[4073,1917],"product_tag":[],"class_list":{"0":"post-38371","1":"product","2":"type-product","3":"status-publish","4":"has-post-thumbnail","6":"product_brand-portonovo","7":"product_cat-dagnje-hr","8":"product_cat-konzerve","10":"first","11":"instock","12":"taxable","13":"shipping-taxable","14":"purchasable","15":"product-type-variable"},"_links":{"self":[{"href":"https:\/\/myspainfood.com\/hr\/wp-json\/wp\/v2\/product\/38371","targetHints":{"allow":["GET"]}}],"collection":[{"href":"https:\/\/myspainfood.com\/hr\/wp-json\/wp\/v2\/product"}],"about":[{"href":"https:\/\/myspainfood.com\/hr\/wp-json\/wp\/v2\/types\/product"}],"wp:featuredmedia":[{"embeddable":true,"href":"https:\/\/myspainfood.com\/hr\/wp-json\/wp\/v2\/media\/38372"}],"wp:attachment":[{"href":"https:\/\/myspainfood.com\/hr\/wp-json\/wp\/v2\/media?parent=38371"}],"wp:term":[{"taxonomy":"product_brand","embeddable":true,"href":"https:\/\/myspainfood.com\/hr\/wp-json\/wp\/v2\/product_brand?post=38371"},{"taxonomy":"product_cat","embeddable":true,"href":"https:\/\/myspainfood.com\/hr\/wp-json\/wp\/v2\/product_cat?post=38371"},{"taxonomy":"product_tag","embeddable":true,"href":"https:\/\/myspainfood.com\/hr\/wp-json\/wp\/v2\/product_tag?post=38371"}],"curies":[{"name":"wp","href":"https:\/\/api.w.org\/{rel}","templated":true}]}}