{"id":38376,"date":"2025-04-10T12:14:40","date_gmt":"2025-04-10T10:14:40","guid":{"rendered":"https:\/\/myspainfood.com\/producto\/fileti-juzne-skuse-u-oti-suncokretovom-ulju-90-g\/"},"modified":"2026-01-30T14:29:51","modified_gmt":"2026-01-30T13:29:51","slug":"fileti-juzne-skuse-u-oti-suncokretovom-ulju-90-g","status":"publish","type":"product","link":"https:\/\/myspainfood.com\/hr\/producto\/fileti-juzne-skuse-u-oti-suncokretovom-ulju-90-g\/","title":{"rendered":"Fileti ju\u017ene sku\u0161e u suncokretovom ulju Oti 90 g"},"content":{"rendered":"<p>Oti Tuna Sku\u0161a 90gr je prirodni proizvod napravljen na <a href=\"http:\/\/www.conservasoti.es\/paginas\/historia.html\" target=\"_blank\" rel=\"noopener noreferrer nofollow\">zanatski<\/a> na\u010din.<\/p>\n<p>Sastojci: fileti ju\u017ene sku\u0161e, suncokretovo ulje i sol<\/p>\n<p>Oti Preserves je obiteljski posao \u010dija se stru\u010dnost prenosi s generacije na generaciju.<\/p>\n<p>Naporan rad i trud obitelji uvelike su omogu\u0107ili rast i \u0161irenje tvrtke <span class=\"negrita\">Conservas Oti.<\/span><\/p>\n<p>Glavna poslovna podru\u010dja su more, kopno i poljoprivreda.<\/p>\n<p>Iz mora se isti\u010du: Dagnje, Tuna u trbuhu, Srdele, Palamida&#8230; Oti Tuna Sku\u0161a 125g <\/p>\n<p>Lokalno uzgojene sorte uklju\u010duju: mlije\u010dni slanutak, bijeli crveni grah, pinto grah, sme\u0111u le\u0107u&#8230;<\/p>\n<p>S farme: \u010cisti ov\u010dji sir, iberijska \u0161unka hranjena \u017eirom, iberijski salchich\u00f3n hranjen \u017eirom, iberijska chorizo \u200b\u200bhranjena \u017eirom&#8230;<\/p>\n<h4>Glavne prednosti konzervi<\/h4>\n<ol>\n<li>Zadr\u017eavaju sva nutritivna svojstva same hrane. Hrana zadr\u017eava svoju svje\u017einu. <\/li>\n<li>Kori\u0161tene namirnice su zdrave i stoga prikladne za optimalnu prehranu zahvaljuju\u0107i visokom broju vitamina i proteina.<\/li>\n<li>Ovi proizvodi imaju dulji vijek trajanja (obi\u010dno izme\u0111u 2 i 5 godina).<\/li>\n<li>Konzerve je vrlo lako \u010duvati jer im pakiranje omogu\u0107uje jednostavnu primjenu.<\/li>\n<\/ol>\n<p>Ako \u017eelite kupiti tunu ili bilo koju drugu vrstu <a href=\"https:\/\/latiendadesami.com\/categoria-producto\/conservas\/\" rel=\"noopener noreferrer nofollow\" target=\"_blank\">konzervirane hrane<\/a> , slobodno pogledajte cijeli na\u0161 online katalog kako biste vidjeli \u0161irok izbor <a href=\"https:\/\/latiendadesami.com\/categoria-producto\/conservas\/atun-y-bonito\/\" target=\"_blank\" rel=\"noopener noreferrer nofollow\">tune<\/a> koju imamo.<\/p>\n<p>Pi\u0161ite nam za vi\u0161e informacija.<\/p>\n","protected":false},"excerpt":{"rendered":"<p>Oti Tuna Sku\u0161a 90gr je prirodni proizvod napravljen na zanatski na\u010din. Sastojci: fileti ju\u017ene sku\u0161e, suncokretovo ulje i sol Oti Preserves je obiteljski posao \u010dija se stru\u010dnost prenosi s generacije na generaciju. Naporan rad i trud obitelji uvelike su omogu\u0107ili rast i \u0161irenje tvrtke Conservas Oti. Glavna poslovna podru\u010dja su more, kopno i poljoprivreda. Iz [&hellip;]<\/p>\n","protected":false},"featured_media":38379,"template":"","meta":{"_et_pb_use_builder":"","_et_pb_old_content":"","_et_gb_content_width":""},"product_brand":[1075],"product_cat":[1917,2689,3505],"product_tag":[],"class_list":{"0":"post-38376","1":"product","2":"type-product","3":"status-publish","4":"has-post-thumbnail","6":"product_brand-oti","7":"product_cat-konzerve","8":"product_cat-skusa","9":"product_cat-ventresca-hr","11":"first","12":"instock","13":"taxable","14":"shipping-taxable","15":"purchasable","16":"product-type-variable"},"_links":{"self":[{"href":"https:\/\/myspainfood.com\/hr\/wp-json\/wp\/v2\/product\/38376","targetHints":{"allow":["GET"]}}],"collection":[{"href":"https:\/\/myspainfood.com\/hr\/wp-json\/wp\/v2\/product"}],"about":[{"href":"https:\/\/myspainfood.com\/hr\/wp-json\/wp\/v2\/types\/product"}],"wp:featuredmedia":[{"embeddable":true,"href":"https:\/\/myspainfood.com\/hr\/wp-json\/wp\/v2\/media\/38379"}],"wp:attachment":[{"href":"https:\/\/myspainfood.com\/hr\/wp-json\/wp\/v2\/media?parent=38376"}],"wp:term":[{"taxonomy":"product_brand","embeddable":true,"href":"https:\/\/myspainfood.com\/hr\/wp-json\/wp\/v2\/product_brand?post=38376"},{"taxonomy":"product_cat","embeddable":true,"href":"https:\/\/myspainfood.com\/hr\/wp-json\/wp\/v2\/product_cat?post=38376"},{"taxonomy":"product_tag","embeddable":true,"href":"https:\/\/myspainfood.com\/hr\/wp-json\/wp\/v2\/product_tag?post=38376"}],"curies":[{"name":"wp","href":"https:\/\/api.w.org\/{rel}","templated":true}]}}