{"id":38413,"date":"2025-04-10T12:14:40","date_gmt":"2025-04-10T10:14:40","guid":{"rendered":"https:\/\/myspainfood.com\/producto\/novozelandske-marinirane-dagnje-4-6-komada-giant-portonovo-115-gr\/"},"modified":"2026-01-30T14:32:55","modified_gmt":"2026-01-30T13:32:55","slug":"novozelandske-marinirane-dagnje-4-6-komada-giant-portonovo-115-gr","status":"publish","type":"product","link":"https:\/\/myspainfood.com\/hr\/producto\/novozelandske-marinirane-dagnje-4-6-komada-giant-portonovo-115-gr\/","title":{"rendered":"Novozelandske dagnje u escabecheu, 4-6 komada, Gigante Portonovo \u2013 115g"},"content":{"rendered":"<p>Otkrijte intenzivan okus i kvalitetu <strong>mariniranih novozelandskih dagnji<\/strong> <strong>Gigante Portonovo<\/strong> . Ovaj vrhunski proizvod sadr\u017ei izme\u0111u 4 i 6 odabranih velikih dagnji u pakiranju od 115 grama, idealnih za u\u017eivanje u tapasima, salatama ili kao gurmanski predjelo. <\/p>\n<p>Uzgojene u kristalno \u010distim vodama Novog Zelanda, ove dagnje su cijenjene zbog svoje mesnate teksture i neusporedivog okusa, poja\u010danog nje\u017enom marinadom koja isti\u010de njihovu svje\u017einu i kvalitetu. Tako\u0111er su bogate proteinima, omega-3 masnim kiselinama i esencijalnim mineralima, \u0161to ih \u010dini zdravim i ukusnim izborom za svaku dijetu. <\/p>\n<p>Za vi\u0161e morskih plodova posjetite na\u0161 <a href=\"https:\/\/latiendadesami.com\/categoria-producto\/conservas\/\" target=\"_new\" rel=\"noopener noreferrer nofollow\" target=\"_blank\">odjel konzervirane hrane<\/a> i otkrijte prednosti <strong>ukiseljenih novozelandskih dagnji<\/strong> u uravnote\u017eenoj prehrani. Do\u017eivite kvalitetu i autenti\u010dnost koju samo Portonovo mo\u017ee ponuditi!<\/p>\n","protected":false},"excerpt":{"rendered":"<p>Otkrijte intenzivan okus i kvalitetu mariniranih novozelandskih dagnji Gigante Portonovo . Ovaj vrhunski proizvod sadr\u017ei izme\u0111u 4 i 6 odabranih velikih dagnji u pakiranju od 115 grama, idealnih za u\u017eivanje u tapasima, salatama ili kao gurmanski predjelo. Uzgojene u kristalno \u010distim vodama Novog Zelanda, ove dagnje su cijenjene zbog svoje mesnate teksture i neusporedivog okusa, [&hellip;]<\/p>\n","protected":false},"featured_media":38414,"template":"","meta":{"_et_pb_use_builder":"","_et_pb_old_content":"","_et_gb_content_width":""},"product_brand":[1428],"product_cat":[4073,1917],"product_tag":[],"class_list":{"0":"post-38413","1":"product","2":"type-product","3":"status-publish","4":"has-post-thumbnail","6":"product_brand-portonovo","7":"product_cat-dagnje-hr","8":"product_cat-konzerve","10":"first","11":"outofstock","12":"taxable","13":"shipping-taxable","14":"product-type-variable"},"_links":{"self":[{"href":"https:\/\/myspainfood.com\/hr\/wp-json\/wp\/v2\/product\/38413","targetHints":{"allow":["GET"]}}],"collection":[{"href":"https:\/\/myspainfood.com\/hr\/wp-json\/wp\/v2\/product"}],"about":[{"href":"https:\/\/myspainfood.com\/hr\/wp-json\/wp\/v2\/types\/product"}],"wp:featuredmedia":[{"embeddable":true,"href":"https:\/\/myspainfood.com\/hr\/wp-json\/wp\/v2\/media\/38414"}],"wp:attachment":[{"href":"https:\/\/myspainfood.com\/hr\/wp-json\/wp\/v2\/media?parent=38413"}],"wp:term":[{"taxonomy":"product_brand","embeddable":true,"href":"https:\/\/myspainfood.com\/hr\/wp-json\/wp\/v2\/product_brand?post=38413"},{"taxonomy":"product_cat","embeddable":true,"href":"https:\/\/myspainfood.com\/hr\/wp-json\/wp\/v2\/product_cat?post=38413"},{"taxonomy":"product_tag","embeddable":true,"href":"https:\/\/myspainfood.com\/hr\/wp-json\/wp\/v2\/product_tag?post=38413"}],"curies":[{"name":"wp","href":"https:\/\/api.w.org\/{rel}","templated":true}]}}