{"id":38878,"date":"2025-04-10T12:09:22","date_gmt":"2025-04-10T10:09:22","guid":{"rendered":"https:\/\/myspainfood.com\/producto\/oti-marinirane-dagnje-40-60-komada-proizvedeno-u-galiciji\/"},"modified":"2025-04-10T12:09:22","modified_gmt":"2025-04-10T10:09:22","slug":"oti-marinirane-dagnje-40-60-komada-proizvedeno-u-galiciji","status":"publish","type":"product","link":"https:\/\/myspainfood.com\/hr\/producto\/oti-marinirane-dagnje-40-60-komada-proizvedeno-u-galiciji\/","title":{"rendered":"Oti marinirane dagnje, 40\/60 komada, proizvedeno u Galiciji"},"content":{"rendered":"<p>Izva\u0111eno u optimalnom vremenu iz najboljih splavi, najkvalitetnijih i najve\u0107ih primjeraka. Izvrsnog izgleda, ujedna\u010dene boje, \u010distih bradica i vrlo ukusne, rezultat su pa\u017eljivog odabira i obrade. Kori\u0161tenjem vrhunskih sastojaka priprema se ukusan ukiseljeni umak, koji je idealan premaz za ovog meku\u0161ca.  <\/p>\n","protected":false},"excerpt":{"rendered":"<p>Izva\u0111eno u optimalnom vremenu iz najboljih splavi, najkvalitetnijih i najve\u0107ih primjeraka. Izvrsnog izgleda, ujedna\u010dene boje, \u010distih bradica i vrlo ukusne, rezultat su pa\u017eljivog odabira i obrade. Kori\u0161tenjem vrhunskih sastojaka priprema se ukusan ukiseljeni umak, koji je idealan premaz za ovog meku\u0161ca.<\/p>\n","protected":false},"featured_media":24441,"template":"","meta":{"_et_pb_use_builder":"","_et_pb_old_content":"","_et_gb_content_width":""},"product_brand":[1075],"product_cat":[4073,1917,2973],"product_tag":[],"class_list":{"0":"post-38878","1":"product","2":"type-product","3":"status-publish","4":"has-post-thumbnail","6":"product_brand-oti","7":"product_cat-dagnje-hr","8":"product_cat-konzerve","9":"product_cat-veleprodaja","11":"first","12":"outofstock","13":"taxable","14":"shipping-taxable","15":"purchasable","16":"product-type-simple"},"_links":{"self":[{"href":"https:\/\/myspainfood.com\/hr\/wp-json\/wp\/v2\/product\/38878","targetHints":{"allow":["GET"]}}],"collection":[{"href":"https:\/\/myspainfood.com\/hr\/wp-json\/wp\/v2\/product"}],"about":[{"href":"https:\/\/myspainfood.com\/hr\/wp-json\/wp\/v2\/types\/product"}],"wp:featuredmedia":[{"embeddable":true,"href":"https:\/\/myspainfood.com\/hr\/wp-json\/wp\/v2\/media\/24441"}],"wp:attachment":[{"href":"https:\/\/myspainfood.com\/hr\/wp-json\/wp\/v2\/media?parent=38878"}],"wp:term":[{"taxonomy":"product_brand","embeddable":true,"href":"https:\/\/myspainfood.com\/hr\/wp-json\/wp\/v2\/product_brand?post=38878"},{"taxonomy":"product_cat","embeddable":true,"href":"https:\/\/myspainfood.com\/hr\/wp-json\/wp\/v2\/product_cat?post=38878"},{"taxonomy":"product_tag","embeddable":true,"href":"https:\/\/myspainfood.com\/hr\/wp-json\/wp\/v2\/product_tag?post=38878"}],"curies":[{"name":"wp","href":"https:\/\/api.w.org\/{rel}","templated":true}]}}