{"id":38887,"date":"2025-04-10T12:09:21","date_gmt":"2025-04-10T10:09:21","guid":{"rendered":"https:\/\/myspainfood.com\/producto\/240-kom-marinirane-dagnje-oti-7-10-komada\/"},"modified":"2025-04-10T12:09:21","modified_gmt":"2025-04-10T10:09:21","slug":"240-kom-marinirane-dagnje-oti-7-10-komada","status":"publish","type":"product","link":"https:\/\/myspainfood.com\/hr\/producto\/240-kom-marinirane-dagnje-oti-7-10-komada\/","title":{"rendered":"240 kom. Marinirane dagnje Oti 7\/10 komada"},"content":{"rendered":"<p>10 kutija od 24 jedinice \u2013 240 jedinica po cijeni od 5,98 eura<\/p>\n<p>Oti dagnje 7\/10 komada su prirodni proizvod napravljen na <a href=\"http:\/\/www.conservasoti.es\/paginas\/historia.html\" target=\"_blank\" rel=\"noopener noreferrer nofollow\">tradicionalan<\/a> na\u010din.<\/p>\n<p>Oti Preserves je obiteljski posao \u010dija se stru\u010dnost prenosi s generacije na generaciju.<\/p>\n<p>Naporan rad i trud obitelji uvelike su omogu\u0107ili rast i \u0161irenje tvrtke <span class=\"negrita\">Conservas Oti.<\/span><\/p>\n<p>Glavna poslovna podru\u010dja su more, kopno i poljoprivreda.<\/p>\n<p>Iz mora se isti\u010du: Dagnje, Trbuh, Srdele, \u0160u\u0161&#8230; Oti dagnje 7\/10 komada <\/p>\n<p>Iz zemlje se isti\u010du: mlije\u010dni slanutak, bijeli crveni grah, pinto grah, pardina le\u0107a&#8230;<\/p>\n<p>S farme: \u010cisti ov\u010dji sir, iberijska \u0161unka hranjena \u017eirom, iberijski salchich\u00f3n hranjen \u017eirom, iberijska chorizo \u200b\u200bhranjena \u017eirom&#8230;<\/p>\n<h4>Glavne prednosti konzervi<\/h4>\n<ol>\n<li>Zadr\u017eavaju sva nutritivna svojstva same hrane. Hrana zadr\u017eava svoju svje\u017einu. <\/li>\n<li>Kori\u0161tene namirnice su zdrave i stoga prikladne za optimalnu prehranu zahvaljuju\u0107i visokom broju vitamina i proteina.<\/li>\n<li>Ovi proizvodi imaju dulji vijek trajanja (obi\u010dno izme\u0111u 2 i 5 godina).<\/li>\n<li>Konzerve je vrlo lako \u010duvati jer im pakiranje omogu\u0107uje jednostavnu primjenu.<\/li>\n<\/ol>\n<p>Ako \u017eelite kupiti tunu ili bilo koju drugu vrstu <a href=\"https:\/\/latiendadesami.com\/categoria-producto\/conservas\/\" rel=\"noopener noreferrer nofollow\" target=\"_blank\">konzervirane hrane<\/a> , slobodno pogledajte cijeli na\u0161 online katalog kako biste vidjeli \u0161irok izbor <a href=\"https:\/\/latiendadesami.com\/categoria-producto\/conservas\/atun-y-bonito\/\" target=\"_blank\" rel=\"noopener noreferrer nofollow\">tune<\/a> koju imamo.<\/p>\n<p>Pi\u0161ite nam za vi\u0161e informacija.<\/p>\n","protected":false},"excerpt":{"rendered":"<p>10 kutija od 24 jedinice \u2013 240 jedinica po cijeni od 5,98 eura Oti dagnje 7\/10 komada su prirodni proizvod napravljen na tradicionalan na\u010din. Oti Preserves je obiteljski posao \u010dija se stru\u010dnost prenosi s generacije na generaciju. Naporan rad i trud obitelji uvelike su omogu\u0107ili rast i \u0161irenje tvrtke Conservas Oti. Glavna poslovna podru\u010dja su [&hellip;]<\/p>\n","protected":false},"featured_media":24928,"template":"","meta":{"_et_pb_use_builder":"","_et_pb_old_content":"","_et_gb_content_width":""},"product_brand":[1075],"product_cat":[4073,1917,2973],"product_tag":[],"class_list":{"0":"post-38887","1":"product","2":"type-product","3":"status-publish","4":"has-post-thumbnail","6":"product_brand-oti","7":"product_cat-dagnje-hr","8":"product_cat-konzerve","9":"product_cat-veleprodaja","11":"first","12":"outofstock","13":"taxable","14":"shipping-taxable","15":"purchasable","16":"product-type-simple"},"_links":{"self":[{"href":"https:\/\/myspainfood.com\/hr\/wp-json\/wp\/v2\/product\/38887","targetHints":{"allow":["GET"]}}],"collection":[{"href":"https:\/\/myspainfood.com\/hr\/wp-json\/wp\/v2\/product"}],"about":[{"href":"https:\/\/myspainfood.com\/hr\/wp-json\/wp\/v2\/types\/product"}],"wp:featuredmedia":[{"embeddable":true,"href":"https:\/\/myspainfood.com\/hr\/wp-json\/wp\/v2\/media\/24928"}],"wp:attachment":[{"href":"https:\/\/myspainfood.com\/hr\/wp-json\/wp\/v2\/media?parent=38887"}],"wp:term":[{"taxonomy":"product_brand","embeddable":true,"href":"https:\/\/myspainfood.com\/hr\/wp-json\/wp\/v2\/product_brand?post=38887"},{"taxonomy":"product_cat","embeddable":true,"href":"https:\/\/myspainfood.com\/hr\/wp-json\/wp\/v2\/product_cat?post=38887"},{"taxonomy":"product_tag","embeddable":true,"href":"https:\/\/myspainfood.com\/hr\/wp-json\/wp\/v2\/product_tag?post=38887"}],"curies":[{"name":"wp","href":"https:\/\/api.w.org\/{rel}","templated":true}]}}