{"id":39296,"date":"2025-04-10T12:09:43","date_gmt":"2025-04-10T10:09:43","guid":{"rendered":"https:\/\/myspainfood.com\/producto\/san-isidro-polususeni-sir-el-gran-cardenal\/"},"modified":"2025-07-28T13:14:04","modified_gmt":"2025-07-28T11:14:04","slug":"san-isidro-polususeni-sir-el-gran-cardenal","status":"publish","type":"product","link":"https:\/\/myspainfood.com\/hr\/producto\/san-isidro-polususeni-sir-el-gran-cardenal\/","title":{"rendered":"San Isidro polusu\u0161eni sir El Gran Cardenal"},"content":{"rendered":"<p>Najbla\u017ei od sireva, zbog ve\u0107eg udjela kravljeg mlijeka i najmanje 10% ov\u010djeg mlijeka.<\/p>\n<p> Mo\u017ee se na\u0107i u dvije vrste ovisno o vremenu su\u0161enja: polusu\u0161eni (2 do 4 mjeseca su\u0161enja) i su\u0161eni (4 do 6 mjeseci su\u0161enja).<\/p>\n","protected":false},"excerpt":{"rendered":"<p>Najbla\u017ei od sireva, zbog ve\u0107eg udjela kravljeg mlijeka i najmanje 10% ov\u010djeg mlijeka. Mo\u017ee se na\u0107i u dvije vrste ovisno o vremenu su\u0161enja: polusu\u0161eni (2 do 4 mjeseca su\u0161enja) i su\u0161eni (4 do 6 mjeseci su\u0161enja).<\/p>\n","protected":false},"featured_media":39305,"template":"","meta":{"_et_pb_use_builder":"","_et_pb_old_content":"","_et_gb_content_width":""},"product_brand":[1319],"product_cat":[1876,2760,2304],"product_tag":[],"class_list":{"0":"post-39296","1":"product","2":"type-product","3":"status-publish","4":"has-post-thumbnail","6":"product_brand-el-gran-cardenal","7":"product_cat-hladno-hr","8":"product_cat-izlijecen","9":"product_cat-sir-i-kobasice","10":"product_shipping_class-hladna-dostava","12":"first","13":"outofstock","14":"taxable","15":"shipping-taxable","16":"product-type-variable"},"_links":{"self":[{"href":"https:\/\/myspainfood.com\/hr\/wp-json\/wp\/v2\/product\/39296","targetHints":{"allow":["GET"]}}],"collection":[{"href":"https:\/\/myspainfood.com\/hr\/wp-json\/wp\/v2\/product"}],"about":[{"href":"https:\/\/myspainfood.com\/hr\/wp-json\/wp\/v2\/types\/product"}],"wp:featuredmedia":[{"embeddable":true,"href":"https:\/\/myspainfood.com\/hr\/wp-json\/wp\/v2\/media\/39305"}],"wp:attachment":[{"href":"https:\/\/myspainfood.com\/hr\/wp-json\/wp\/v2\/media?parent=39296"}],"wp:term":[{"taxonomy":"product_brand","embeddable":true,"href":"https:\/\/myspainfood.com\/hr\/wp-json\/wp\/v2\/product_brand?post=39296"},{"taxonomy":"product_cat","embeddable":true,"href":"https:\/\/myspainfood.com\/hr\/wp-json\/wp\/v2\/product_cat?post=39296"},{"taxonomy":"product_tag","embeddable":true,"href":"https:\/\/myspainfood.com\/hr\/wp-json\/wp\/v2\/product_tag?post=39296"}],"curies":[{"name":"wp","href":"https:\/\/api.w.org\/{rel}","templated":true}]}}