{"id":39739,"date":"2025-04-10T12:12:57","date_gmt":"2025-04-10T10:12:57","guid":{"rendered":"https:\/\/myspainfood.com\/producto\/dzem-od-jagoda-old-factory-diet-280-g\/"},"modified":"2025-04-10T12:12:57","modified_gmt":"2025-04-10T10:12:57","slug":"dzem-od-jagoda-old-factory-diet-280-g","status":"publish","type":"product","link":"https:\/\/myspainfood.com\/hr\/producto\/dzem-od-jagoda-old-factory-diet-280-g\/","title":{"rendered":"D\u017eem od jagoda Old Factory DIET 280 g"},"content":{"rendered":"<p>D\u017eem od jagoda Diet marke La Vieja F\u00e1brica ukusan je i zdrav izbor za one koji \u017eele u\u017eivati \u200b\u200bu autenti\u010dnom okusu jagoda bez dodavanja rafiniranih \u0161e\u0107era. Ovaj dijetalni d\u017eem napravljen je od prirodnih sastojaka i niskokalori\u010dnih sladila, nude\u0107i savr\u0161enu alternativu za one koji paze na unos kalorija i glikemijski indeks. <\/p>\n<p><span class=\"info-key \"><strong>Naziv hrane<\/strong> :<\/span> Dijetalni d\u017eem od jagoda<\/p>\n<p><span class=\"info-key \"><strong>Naziv operatera<\/strong> :<\/span> \u00c1ngel Camacho Alimentaci\u00f3n, SL<\/p>\n<p><span class=\"info-key \"><strong>Adresa operatera<\/strong> :<\/span> Avda. del Pilar, 6 \u2013 41530 Mor\u00f3n de la Frontera (Sevilla)<\/p>\n<p><strong><span class=\"info-key \">Mjesto podrijetla hrane:<\/span><\/strong> Proizvod \u0160panjolske<\/p>\n<p><strong><span class=\"info-key \">Neto koli\u010dina:<\/span><\/strong> 280 g<\/p>\n<p><strong><span class=\"info-key \">Ostalo obavezno ozna\u010davanje:<\/span><\/strong> Pogodno za dijabeti\u010dare. Napravljeno s 55 g jagoda na 100 g. <\/p>\n<p><strong>Ukupni sadr\u017eaj \u0161e\u0107era<\/strong> 42 g na 100 g.<\/p>\n","protected":false},"excerpt":{"rendered":"<p>D\u017eem od jagoda Diet marke La Vieja F\u00e1brica ukusan je i zdrav izbor za one koji \u017eele u\u017eivati \u200b\u200bu autenti\u010dnom okusu jagoda bez dodavanja rafiniranih \u0161e\u0107era. Ovaj dijetalni d\u017eem napravljen je od prirodnih sastojaka i niskokalori\u010dnih sladila, nude\u0107i savr\u0161enu alternativu za one koji paze na unos kalorija i glikemijski indeks. Naziv hrane : Dijetalni d\u017eem [&hellip;]<\/p>\n","protected":false},"featured_media":39745,"template":"","meta":{"_et_pb_use_builder":"","_et_pb_old_content":"","_et_gb_content_width":""},"product_brand":[1460],"product_cat":[1917],"product_tag":[],"class_list":{"0":"post-39739","1":"product","2":"type-product","3":"status-publish","4":"has-post-thumbnail","6":"product_brand-la-vieja-fabrica","7":"product_cat-konzerve","9":"first","10":"outofstock","11":"taxable","12":"shipping-taxable","13":"product-type-variable"},"_links":{"self":[{"href":"https:\/\/myspainfood.com\/hr\/wp-json\/wp\/v2\/product\/39739","targetHints":{"allow":["GET"]}}],"collection":[{"href":"https:\/\/myspainfood.com\/hr\/wp-json\/wp\/v2\/product"}],"about":[{"href":"https:\/\/myspainfood.com\/hr\/wp-json\/wp\/v2\/types\/product"}],"wp:featuredmedia":[{"embeddable":true,"href":"https:\/\/myspainfood.com\/hr\/wp-json\/wp\/v2\/media\/39745"}],"wp:attachment":[{"href":"https:\/\/myspainfood.com\/hr\/wp-json\/wp\/v2\/media?parent=39739"}],"wp:term":[{"taxonomy":"product_brand","embeddable":true,"href":"https:\/\/myspainfood.com\/hr\/wp-json\/wp\/v2\/product_brand?post=39739"},{"taxonomy":"product_cat","embeddable":true,"href":"https:\/\/myspainfood.com\/hr\/wp-json\/wp\/v2\/product_cat?post=39739"},{"taxonomy":"product_tag","embeddable":true,"href":"https:\/\/myspainfood.com\/hr\/wp-json\/wp\/v2\/product_tag?post=39739"}],"curies":[{"name":"wp","href":"https:\/\/api.w.org\/{rel}","templated":true}]}}