{"id":39892,"date":"2025-04-10T12:13:20","date_gmt":"2025-04-10T10:13:20","guid":{"rendered":"https:\/\/myspainfood.com\/producto\/vino-mataromera-ribera-del-duero-crianza-2019-oznaka-izvornosti-75-cl\/"},"modified":"2026-01-29T12:53:53","modified_gmt":"2026-01-29T11:53:53","slug":"vino-mataromera-ribera-del-duero-crianza-2019-oznaka-izvornosti-75-cl","status":"publish","type":"product","link":"https:\/\/myspainfood.com\/hr\/producto\/vino-mataromera-ribera-del-duero-crianza-2019-oznaka-izvornosti-75-cl\/","title":{"rendered":"Oznaka izvornosti vina Mataromera Ribera del Duero Crianza 2019. 75 cl"},"content":{"rendered":"<p>Mataromera je renomirana vinarija u regiji Ribera del Duero, poznata po svojoj posve\u0107enosti izvrsnosti i kori\u0161tenju vinogradarskih i vinarskih tehnika koje po\u0161tuju tradiciju i inovacije. Ovo vino odra\u017eava jedinstveni karakter vinograda smje\u0161tenih na obroncima doline Duero, gdje ekstremna kontinentalna klima i glinovitost i vapnena\u010dko tlo pru\u017eaju idealne uvjete za uzgoj Tempranilla. <\/p>\n<p>&nbsp;<\/p>\n<p>Ovo vino je autenti\u010dan izraz regije Ribera del Duero, nude\u0107i bogato i nezaboravno senzorno iskustvo. Savr\u0161eno za posebne proslave ili za u\u017eivanje uz sofisticiranu ve\u010deru. <\/p>\n<p>&nbsp;<\/p>\n<p>Odle\u017eava u francuskim i ameri\u010dkim hrastovim ba\u010dvama otprilike 14 mjeseci, nakon \u010dega slijedi dodatno razdoblje odle\u017eavanja u boci.<\/p>\n","protected":false},"excerpt":{"rendered":"<p>Mataromera je renomirana vinarija u regiji Ribera del Duero, poznata po svojoj posve\u0107enosti izvrsnosti i kori\u0161tenju vinogradarskih i vinarskih tehnika koje po\u0161tuju tradiciju i inovacije. Ovo vino odra\u017eava jedinstveni karakter vinograda smje\u0161tenih na obroncima doline Duero, gdje ekstremna kontinentalna klima i glinovitost i vapnena\u010dko tlo pru\u017eaju idealne uvjete za uzgoj Tempranilla. &nbsp; Ovo vino je [&hellip;]<\/p>\n","protected":false},"featured_media":39898,"template":"","meta":{"_et_pb_use_builder":"","_et_pb_old_content":"","_et_gb_content_width":""},"product_brand":[1462],"product_cat":[6286,4919],"product_tag":[],"class_list":{"0":"post-39892","1":"product","2":"type-product","3":"status-publish","4":"has-post-thumbnail","6":"product_brand-matarromera","7":"product_cat-dosao-hr-2","8":"product_cat-pica","10":"first","11":"outofstock","12":"taxable","13":"shipping-taxable","14":"product-type-variable"},"_links":{"self":[{"href":"https:\/\/myspainfood.com\/hr\/wp-json\/wp\/v2\/product\/39892","targetHints":{"allow":["GET"]}}],"collection":[{"href":"https:\/\/myspainfood.com\/hr\/wp-json\/wp\/v2\/product"}],"about":[{"href":"https:\/\/myspainfood.com\/hr\/wp-json\/wp\/v2\/types\/product"}],"wp:featuredmedia":[{"embeddable":true,"href":"https:\/\/myspainfood.com\/hr\/wp-json\/wp\/v2\/media\/39898"}],"wp:attachment":[{"href":"https:\/\/myspainfood.com\/hr\/wp-json\/wp\/v2\/media?parent=39892"}],"wp:term":[{"taxonomy":"product_brand","embeddable":true,"href":"https:\/\/myspainfood.com\/hr\/wp-json\/wp\/v2\/product_brand?post=39892"},{"taxonomy":"product_cat","embeddable":true,"href":"https:\/\/myspainfood.com\/hr\/wp-json\/wp\/v2\/product_cat?post=39892"},{"taxonomy":"product_tag","embeddable":true,"href":"https:\/\/myspainfood.com\/hr\/wp-json\/wp\/v2\/product_tag?post=39892"}],"curies":[{"name":"wp","href":"https:\/\/api.w.org\/{rel}","templated":true}]}}