{"id":39928,"date":"2025-04-10T12:13:45","date_gmt":"2025-04-10T10:13:45","guid":{"rendered":"https:\/\/myspainfood.com\/producto\/sierra-zarza-gurmanski-kozji-sir-750-grama\/"},"modified":"2025-04-10T12:13:45","modified_gmt":"2025-04-10T10:13:45","slug":"sierra-zarza-gurmanski-kozji-sir-750-grama","status":"publish","type":"product","link":"https:\/\/myspainfood.com\/hr\/producto\/sierra-zarza-gurmanski-kozji-sir-750-grama\/","title":{"rendered":"Sierra Zarza gurmanski kozji sir 750 grama"},"content":{"rendered":"<p>Otkrijte autenti\u010dnu esenciju sela s na\u0161im izvrsnim kozjim sirom Sierra Zarza, zanatskim u\u017eitkom koji utjelovljuje tradiciju i kvalitetu naj\u010di\u0161\u0107eg kozjeg mlijeka. Dolaze\u0107i od odabranih stada koja slobodno pasu na obroncima Sierra Zarze, ovaj sir nudi neusporedivo gastronomsko iskustvo. <\/p>\n<p>Kozji sir Sierra Zarza dolazi u elegantnoj prezentaciji, idealnoj za posebne prigode i svakodnevnu upotrebu. Savr\u0161eno se sla\u017ee s bijelim i ros\u00e9 vinima, a tako\u0111er je izvrstan dodatak salatama, tapasima i gurmanskim desertima. Njegova svestranost u kuhinji \u010dini ga neizostavnim sastojkom za ljubitelje dobre hrane.  <\/p>\n<p>Otkrijte autenti\u010dnu esenciju sela s na\u0161im izvrsnim kozjim sirom Sierra Zarza, zanatskim u\u017eitkom koji utjelovljuje tradiciju i kvalitetu naj\u010di\u0161\u0107eg kozjeg mlijeka. Dolaze\u0107i od odabranih stada koja slobodno pasu na obroncima Sierra Zarze, ovaj sir nudi neusporedivo gastronomsko iskustvo. <\/p>\n<p>&nbsp;<\/p>\n<p>Kozji sir Sierra Zarza dolazi u elegantnoj prezentaciji, idealnoj za posebne prigode i svakodnevnu upotrebu. Savr\u0161eno se sla\u017ee s bijelim i ros\u00e9 vinima, a tako\u0111er je izvrstan dodatak salatama, tapasima i gurmanskim desertima. Njegova svestranost u kuhinji \u010dini ga neizostavnim sastojkom za ljubitelje dobre hrane.  <\/p>\n","protected":false},"excerpt":{"rendered":"<p>Otkrijte autenti\u010dnu esenciju sela s na\u0161im izvrsnim kozjim sirom Sierra Zarza, zanatskim u\u017eitkom koji utjelovljuje tradiciju i kvalitetu naj\u010di\u0161\u0107eg kozjeg mlijeka. Dolaze\u0107i od odabranih stada koja slobodno pasu na obroncima Sierra Zarze, ovaj sir nudi neusporedivo gastronomsko iskustvo. Kozji sir Sierra Zarza dolazi u elegantnoj prezentaciji, idealnoj za posebne prigode i svakodnevnu upotrebu. Savr\u0161eno se [&hellip;]<\/p>\n","protected":false},"featured_media":39933,"template":"","meta":{"_et_pb_use_builder":"","_et_pb_old_content":"","_et_gb_content_width":""},"product_brand":[1465],"product_cat":[2760,2304],"product_tag":[],"class_list":{"0":"post-39928","1":"product","2":"type-product","3":"status-publish","4":"has-post-thumbnail","6":"product_brand-sierra-zarza","7":"product_cat-izlijecen","8":"product_cat-sir-i-kobasice","10":"first","11":"outofstock","12":"taxable","13":"shipping-taxable","14":"purchasable","15":"product-type-variable"},"_links":{"self":[{"href":"https:\/\/myspainfood.com\/hr\/wp-json\/wp\/v2\/product\/39928","targetHints":{"allow":["GET"]}}],"collection":[{"href":"https:\/\/myspainfood.com\/hr\/wp-json\/wp\/v2\/product"}],"about":[{"href":"https:\/\/myspainfood.com\/hr\/wp-json\/wp\/v2\/types\/product"}],"wp:featuredmedia":[{"embeddable":true,"href":"https:\/\/myspainfood.com\/hr\/wp-json\/wp\/v2\/media\/39933"}],"wp:attachment":[{"href":"https:\/\/myspainfood.com\/hr\/wp-json\/wp\/v2\/media?parent=39928"}],"wp:term":[{"taxonomy":"product_brand","embeddable":true,"href":"https:\/\/myspainfood.com\/hr\/wp-json\/wp\/v2\/product_brand?post=39928"},{"taxonomy":"product_cat","embeddable":true,"href":"https:\/\/myspainfood.com\/hr\/wp-json\/wp\/v2\/product_cat?post=39928"},{"taxonomy":"product_tag","embeddable":true,"href":"https:\/\/myspainfood.com\/hr\/wp-json\/wp\/v2\/product_tag?post=39928"}],"curies":[{"name":"wp","href":"https:\/\/api.w.org\/{rel}","templated":true}]}}