{"id":40024,"date":"2025-04-10T12:13:45","date_gmt":"2025-04-10T10:13:45","guid":{"rendered":"https:\/\/myspainfood.com\/producto\/ramon-bilbao-rioja-crianza-2020-oznaka-izvornosti-75-cl\/"},"modified":"2026-01-29T13:02:02","modified_gmt":"2026-01-29T12:02:02","slug":"ramon-bilbao-rioja-crianza-2020-oznaka-izvornosti-75-cl","status":"publish","type":"product","link":"https:\/\/myspainfood.com\/hr\/producto\/ramon-bilbao-rioja-crianza-2020-oznaka-izvornosti-75-cl\/","title":{"rendered":"Ramon Bilbao Rioja Crianza 2020. Denominacija podrijetla 75 cl"},"content":{"rendered":"<p>Otkrijte izvrsnost Rioje s Ram\u00f3n Bilbao Crianza 2020, crnim vinom koje odra\u017eava tradiciju i inovativni duh jedne od najpresti\u017enijih \u0161panjolskih vinarija. Izra\u0111eno s pedantno posve\u0107enom detaljima, ovo vino pravi je prikaz kvalitete i karaktera regije Rioja. <\/p>\n<p>&nbsp;<\/p>\n<p>Osnovana 1924. godine, Bodega Ram\u00f3n Bilbao spaja tradiciju vinarstva Rioje s inovativnom vizijom, stvaraju\u0107i vina koja su istovremeno po\u010dast ba\u0161tini regije i izraz modernosti. Ram\u00f3n Bilbao Crianza 2020 je vino koje vas poziva da istra\u017eite bogatstvo i raznolikost Rioje, idealno za svaku prigodu, od formalnih ve\u010dera do neformalnih dru\u017eenja. <\/p>\n","protected":false},"excerpt":{"rendered":"<p>Otkrijte izvrsnost Rioje s Ram\u00f3n Bilbao Crianza 2020, crnim vinom koje odra\u017eava tradiciju i inovativni duh jedne od najpresti\u017enijih \u0161panjolskih vinarija. Izra\u0111eno s pedantno posve\u0107enom detaljima, ovo vino pravi je prikaz kvalitete i karaktera regije Rioja. &nbsp; Osnovana 1924. godine, Bodega Ram\u00f3n Bilbao spaja tradiciju vinarstva Rioje s inovativnom vizijom, stvaraju\u0107i vina koja su istovremeno [&hellip;]<\/p>\n","protected":false},"featured_media":40031,"template":"","meta":{"_et_pb_use_builder":"","_et_pb_old_content":"","_et_gb_content_width":""},"product_brand":[1463],"product_cat":[6286,4919],"product_tag":[],"class_list":{"0":"post-40024","1":"product","2":"type-product","3":"status-publish","4":"has-post-thumbnail","6":"product_brand-ramon-bilbao","7":"product_cat-dosao-hr-2","8":"product_cat-pica","10":"first","11":"outofstock","12":"taxable","13":"shipping-taxable","14":"product-type-variable"},"_links":{"self":[{"href":"https:\/\/myspainfood.com\/hr\/wp-json\/wp\/v2\/product\/40024","targetHints":{"allow":["GET"]}}],"collection":[{"href":"https:\/\/myspainfood.com\/hr\/wp-json\/wp\/v2\/product"}],"about":[{"href":"https:\/\/myspainfood.com\/hr\/wp-json\/wp\/v2\/types\/product"}],"wp:featuredmedia":[{"embeddable":true,"href":"https:\/\/myspainfood.com\/hr\/wp-json\/wp\/v2\/media\/40031"}],"wp:attachment":[{"href":"https:\/\/myspainfood.com\/hr\/wp-json\/wp\/v2\/media?parent=40024"}],"wp:term":[{"taxonomy":"product_brand","embeddable":true,"href":"https:\/\/myspainfood.com\/hr\/wp-json\/wp\/v2\/product_brand?post=40024"},{"taxonomy":"product_cat","embeddable":true,"href":"https:\/\/myspainfood.com\/hr\/wp-json\/wp\/v2\/product_cat?post=40024"},{"taxonomy":"product_tag","embeddable":true,"href":"https:\/\/myspainfood.com\/hr\/wp-json\/wp\/v2\/product_tag?post=40024"}],"curies":[{"name":"wp","href":"https:\/\/api.w.org\/{rel}","templated":true}]}}