{"id":40072,"date":"2025-04-10T12:14:06","date_gmt":"2025-04-10T10:14:06","guid":{"rendered":"https:\/\/myspainfood.com\/producto\/a-inigo-slanutak-prve-klase-3-kg\/"},"modified":"2025-04-10T12:14:06","modified_gmt":"2025-04-10T10:14:06","slug":"a-inigo-slanutak-prve-klase-3-kg","status":"publish","type":"product","link":"https:\/\/myspainfood.com\/hr\/producto\/a-inigo-slanutak-prve-klase-3-kg\/","title":{"rendered":"A. I\u00f1igo slanutak prve klase 3 kg"},"content":{"rendered":"<p>Otkrijte <strong>A. I\u00f1igo&#8217;s prvoklasni slanutak<\/strong> , pomno odabran kako bi vam ponudio najbolju kvalitetu i okus u svakom zrnu. Ovaj vrhunski slanutak savr\u0161en je sastojak za pobolj\u0161anje va\u0161ih jela, pru\u017eaju\u0107i glatku, kremastu teksturu koja se prilago\u0111ava \u0161irokom rasponu recepata. <\/p>\n<p><strong>Prednosti:<\/strong><\/p>\n<ul>\n<li><strong>Hranjivo:<\/strong> Bogato vlaknima i proteinima, neophodno za zdravu i uravnote\u017eenu prehranu.<\/li>\n<li><strong>Energiziraju\u0107i:<\/strong> Pru\u017eaju energiju i osje\u0107aj sitosti, \u0161to ih \u010dini idealnim za bilo koji obrok u danu.<\/li>\n<li><strong>Zdravo:<\/strong> Bez aditiva ili konzervansa, prirodna su i zdrava opcija za cijelu obitelj.<\/li>\n<li><strong>Svestranost u kuhinji:<\/strong> Prilago\u0111avaju se \u0161irokom rasponu recepata, tradicionalnih i modernih, omogu\u0107uju\u0107i vam stvaranje ukusnih i hranjivih jela.<\/li>\n<\/ul>\n<p><strong>Preporuke za upotrebu:<\/strong><\/p>\n<ul>\n<li><strong>Salate:<\/strong> Dodajte ih u svoje salate za da\u0161ak teksture i hranjivih tvari.<\/li>\n<li><strong>Variva i juhe:<\/strong> Savr\u0161eno za oboga\u0107ivanje mesnih, pile\u0107ih ili povrtnih variva, kao i za utje\u0161ne juhe.<\/li>\n<li><strong>Humus:<\/strong> Koristite ih za pripremu doma\u0107eg humusa, dodaju\u0107i tahini, limun, \u010de\u0161njak i maslinovo ulje.<\/li>\n<li><strong>Tradicionalna jela:<\/strong> Idealno za variva, slo\u017eence i druge tradicionalne \u0161panjolske recepte.<\/li>\n<\/ul>\n<p><strong>O\u010duvanje:<\/strong><\/p>\n<ul>\n<li>\u010cuvati na hladnom i suhom mjestu.<\/li>\n<li>Posudu dr\u017eite \u010dvrsto zatvorenu kako biste sa\u010duvali svje\u017einu.<\/li>\n<\/ul>\n","protected":false},"excerpt":{"rendered":"<p>Otkrijte A. I\u00f1igo&#8217;s prvoklasni slanutak , pomno odabran kako bi vam ponudio najbolju kvalitetu i okus u svakom zrnu. Ovaj vrhunski slanutak savr\u0161en je sastojak za pobolj\u0161anje va\u0161ih jela, pru\u017eaju\u0107i glatku, kremastu teksturu koja se prilago\u0111ava \u0161irokom rasponu recepata. Prednosti: Hranjivo: Bogato vlaknima i proteinima, neophodno za zdravu i uravnote\u017eenu prehranu. Energiziraju\u0107i: Pru\u017eaju energiju i [&hellip;]<\/p>\n","protected":false},"featured_media":40078,"template":"","meta":{"_et_pb_use_builder":"","_et_pb_old_content":"","_et_gb_content_width":""},"product_brand":[1461],"product_cat":[7993],"product_tag":[],"class_list":{"0":"post-40072","1":"product","2":"type-product","3":"status-publish","4":"has-post-thumbnail","6":"product_brand-a-inigo","7":"product_cat-kategorija-testiranja","9":"first","10":"outofstock","11":"taxable","12":"shipping-taxable","13":"product-type-variable"},"_links":{"self":[{"href":"https:\/\/myspainfood.com\/hr\/wp-json\/wp\/v2\/product\/40072","targetHints":{"allow":["GET"]}}],"collection":[{"href":"https:\/\/myspainfood.com\/hr\/wp-json\/wp\/v2\/product"}],"about":[{"href":"https:\/\/myspainfood.com\/hr\/wp-json\/wp\/v2\/types\/product"}],"wp:featuredmedia":[{"embeddable":true,"href":"https:\/\/myspainfood.com\/hr\/wp-json\/wp\/v2\/media\/40078"}],"wp:attachment":[{"href":"https:\/\/myspainfood.com\/hr\/wp-json\/wp\/v2\/media?parent=40072"}],"wp:term":[{"taxonomy":"product_brand","embeddable":true,"href":"https:\/\/myspainfood.com\/hr\/wp-json\/wp\/v2\/product_brand?post=40072"},{"taxonomy":"product_cat","embeddable":true,"href":"https:\/\/myspainfood.com\/hr\/wp-json\/wp\/v2\/product_cat?post=40072"},{"taxonomy":"product_tag","embeddable":true,"href":"https:\/\/myspainfood.com\/hr\/wp-json\/wp\/v2\/product_tag?post=40072"}],"curies":[{"name":"wp","href":"https:\/\/api.w.org\/{rel}","templated":true}]}}