{"id":40161,"date":"2025-04-10T12:14:06","date_gmt":"2025-04-10T10:14:06","guid":{"rendered":"https:\/\/myspainfood.com\/producto\/olympos-light-tuna-u-marinadi-18-kg\/"},"modified":"2025-04-10T12:14:06","modified_gmt":"2025-04-10T10:14:06","slug":"olympos-light-tuna-u-marinadi-18-kg","status":"publish","type":"product","link":"https:\/\/myspainfood.com\/hr\/producto\/olympos-light-tuna-u-marinadi-18-kg\/","title":{"rendered":"Olympos Light Tuna u marinadi 1,8 kg"},"content":{"rendered":"<article class=\"4ever-article\" data-clipboard-cangjie=\"[\"root\",{\"copyFrom\":33891801},[\"p\",{\"jc\":\"left\",\"ind\":{},\"spacing\":{}},[\"span\",{\"data-type\":\"text\"},[\"span\",{\"data-type\":\"leaf\"},\"Descubre la excelencia del \"],[\"span\",{\"bold\":true,\"data-type\":\"leaf\"},\"At\u00fan Claro en Escabeche Olympos\"],[\"span\",{\"data-type\":\"leaf\"},\", una delicia gourmet que eleva tus comidas cotidianas. Seleccionado cuidadosamente y preparado con los m\u00e1s altos est\u00e1ndares de calidad, este at\u00fan claro ofrece un sabor aut\u00e9ntico y una textura suave que deleitar\u00e1 a tu paladar.\"]]],[\"p\",{\"jc\":\"left\",\"ind\":{},\"spacing\":{}},[\"span\",{\"data-type\":\"text\"},[\"span\",{\"data-type\":\"leaf\"},\"\"]]],[\"p\",{\"jc\":\"left\",\"ind\":{},\"spacing\":{}},[\"span\",{\"data-type\":\"text\"},[\"span\",{\"bold\":true,\"data-type\":\"leaf\"},\"Beneficios:\"]]],[\"p\",{\"list\":{\"listId\":\"ca7ejz8ee1c\",\"isOrdered\":false,\"level\":0},\"jc\":\"left\",\"spacing\":{}},[\"span\",{\"data-type\":\"text\"},[\"span\",{\"bold\":true,\"data-type\":\"leaf\"},\"F\u00e1cil de Usar:\"],[\"span\",{\"data-type\":\"leaf\"},\" Abre la lata y disfruta de su delicioso sabor directamente o como ingrediente principal en tus recetas favoritas.\"]]],[\"p\",{\"list\":{\"listId\":\"ca7ejz8ee1c\",\"isOrdered\":false,\"level\":0},\"jc\":\"left\",\"spacing\":{}},[\"span\",{\"data-type\":\"text\"},[\"span\",{\"bold\":true,\"data-type\":\"leaf\"},\"Saludable:\"],[\"span\",{\"data-type\":\"leaf\"},\" Bajo en grasas saturadas y libre de conservantes artificiales, es una opci\u00f3n nutritiva para toda la familia.\"]]],[\"p\",{\"list\":{\"listId\":\"ca7ejz8ee1c\",\"isOrdered\":false,\"level\":0},\"jc\":\"left\",\"spacing\":{}},[\"span\",{\"data-type\":\"text\"},[\"span\",{\"bold\":true,\"data-type\":\"leaf\"},\"Sabor Aut\u00e9ntico:\"],[\"span\",{\"data-type\":\"leaf\"},\" La preparaci\u00f3n en escabeche realza el sabor natural del at\u00fan, ofreci\u00e9ndote una experiencia gastron\u00f3mica \u00fanica.\"]]],[\"p\",{\"jc\":\"left\",\"ind\":{},\"spacing\":{}},[\"span\",{\"data-type\":\"text\"},[\"span\",{\"data-type\":\"leaf\"},\"\"]]],[\"p\",{\"jc\":\"left\",\"ind\":{},\"spacing\":{}},[\"span\",{\"data-type\":\"text\"},[\"span\",{\"bold\":true,\"data-type\":\"leaf\"},\"Recomendaciones de Uso:\"]]],[\"p\",{\"list\":{\"listId\":\"wuep2lhyiif\",\"isOrdered\":false,\"level\":0},\"jc\":\"left\",\"spacing\":{}},[\"span\",{\"data-type\":\"text\"},[\"span\",{\"bold\":true,\"data-type\":\"leaf\"},\"Ensaladas:\"],[\"span\",{\"data-type\":\"leaf\"},\" Comb\u00ednalo con vegetales frescos y un aderezo ligero para una ensalada nutritiva.\"]]],[\"p\",{\"list\":{\"listId\":\"wuep2lhyiif\",\"isOrdered\":false,\"level\":0},\"jc\":\"left\",\"spacing\":{}},[\"span\",{\"data-type\":\"text\"},[\"span\",{\"bold\":true,\"data-type\":\"leaf\"},\"Tapas:\"],[\"span\",{\"data-type\":\"leaf\"},\" \u00dasalo como ingrediente principal en tapas espa\u00f1olas, junto con pimientos, aceitunas y pan crujiente.\"]]],[\"p\",{\"list\":{\"listId\":\"wuep2lhyiif\",\"isOrdered\":false,\"level\":0},\"jc\":\"left\",\"spacing\":{}},[\"span\",{\"data-type\":\"text\"},[\"span\",{\"bold\":true,\"data-type\":\"leaf\"},\"Platos Principales:\"],[\"span\",{\"data-type\":\"leaf\"},\" A\u00f1\u00e1delo a pastas, arroces o guisos para un plato principal lleno de sabor y nutrientes.\"]]],[\"p\",{\"jc\":\"left\",\"ind\":{},\"spacing\":{}},[\"span\",{\"data-type\":\"text\"},[\"span\",{\"data-type\":\"leaf\"},\"\"]]],[\"p\",{\"jc\":\"left\",\"ind\":{},\"spacing\":{}},[\"span\",{\"data-type\":\"text\"},[\"span\",{\"bold\":true,\"data-type\":\"leaf\"},\"Conservaci\u00f3n:\"]]],[\"p\",{\"list\":{\"listId\":\"x5ptcu8sy7j\",\"isOrdered\":false,\"level\":0},\"jc\":\"left\",\"spacing\":{}},[\"span\",{\"data-type\":\"text\"},[\"span\",{\"data-type\":\"leaf\"},\"Almacenar en un lugar fresco y seco.\"]]],[\"p\",{\"list\":{\"listId\":\"x5ptcu8sy7j\",\"isOrdered\":false,\"level\":0},\"jc\":\"left\",\"spacing\":{}},[\"span\",{\"data-type\":\"text\"},[\"span\",{\"data-type\":\"leaf\"},\"Una vez abierto, mantener refrigerado y consumir en los pr\u00f3ximos 2 d\u00edas.\"]]]]\">Otkrijte izvrsnost marinirane \u017eutorepne tune Olympos, gurmanskog u\u017eitka koji \u0107e podi\u0107i va\u0161e svakodnevne obroke na vi\u0161i nivo. Pa\u017eljivo odabrana i pripremljena prema najvi\u0161im standardima kvalitete, ova lagana tuna nudi autenti\u010dan okus i glatku teksturu koja \u0107e odu\u0161eviti va\u0161e nepce. Prednosti: <\/p>\n<ul>\n<li>\n<div>Jednostavno za kori\u0161tenje: Otvorite limenku i u\u017eivajte u njegovom ukusnom okusu izravno ili kao glavni sastojak u va\u0161im omiljenim receptima.<\/div>\n<\/li>\n<li>\n<div>Zdravo: S niskim udjelom zasi\u0107enih masti i bez umjetnih konzervansa, hranjiva je opcija za cijelu obitelj.<\/div>\n<\/li>\n<li>\n<div>Autenti\u010dan okus: Marinirani pripravak poja\u010dava prirodni okus tune, nude\u0107i vam jedinstveno gastronomsko iskustvo.<\/div>\n<\/li>\n<\/ul>\n<p>&nbsp;<\/p>\n<p>Preporuke za upotrebu:<\/p>\n<ul>\n<li>\n<div>Salate: Kombinirajte sa svje\u017eim povr\u0107em i laganim preljevom za hranjivu salatu.<\/div>\n<\/li>\n<li>\n<div>Tapas: Koristite ga kao glavni sastojak u \u0161panjolskim tapasima, zajedno s paprikama, maslinama i hrskavim kruhom.<\/div>\n<\/li>\n<li>\n<div>Glavna jela: Dodajte ga tjestenini, ri\u017ei ili varivima za glavno jelo puno okusa i hranjivih tvari.<\/div>\n<\/li>\n<\/ul>\n<p>&nbsp;<\/p>\n<p>O\u010duvanje:<\/p>\n<ul>\n<li>\n<div>\u010cuvati na hladnom i suhom mjestu.<\/div>\n<\/li>\n<li>\n<div>Nakon otvaranja, \u010duvati u hladnjaku i konzumirati unutar sljede\u0107a 2 dana.<\/div>\n<\/li>\n<\/ul>\n<\/article>\n","protected":false},"excerpt":{"rendered":"<p>Otkrijte izvrsnost marinirane \u017eutorepne tune Olympos, gurmanskog u\u017eitka koji \u0107e podi\u0107i va\u0161e svakodnevne obroke na vi\u0161i nivo. Pa\u017eljivo odabrana i pripremljena prema najvi\u0161im standardima kvalitete, ova lagana tuna nudi autenti\u010dan okus i glatku teksturu koja \u0107e odu\u0161eviti va\u0161e nepce. Prednosti: Jednostavno za kori\u0161tenje: Otvorite limenku i u\u017eivajte u njegovom ukusnom okusu izravno ili kao glavni [&hellip;]<\/p>\n","protected":false},"featured_media":40164,"template":"","meta":{"_et_pb_use_builder":"","_et_pb_old_content":"","_et_gb_content_width":""},"product_brand":[1248],"product_cat":[1917,4335],"product_tag":[],"class_list":{"0":"post-40161","1":"product","2":"type-product","3":"status-publish","4":"has-post-thumbnail","6":"product_brand-olympos","7":"product_cat-konzerve","8":"product_cat-tuna-i-bonito","10":"first","11":"outofstock","12":"taxable","13":"shipping-taxable","14":"product-type-variable"},"_links":{"self":[{"href":"https:\/\/myspainfood.com\/hr\/wp-json\/wp\/v2\/product\/40161","targetHints":{"allow":["GET"]}}],"collection":[{"href":"https:\/\/myspainfood.com\/hr\/wp-json\/wp\/v2\/product"}],"about":[{"href":"https:\/\/myspainfood.com\/hr\/wp-json\/wp\/v2\/types\/product"}],"wp:featuredmedia":[{"embeddable":true,"href":"https:\/\/myspainfood.com\/hr\/wp-json\/wp\/v2\/media\/40164"}],"wp:attachment":[{"href":"https:\/\/myspainfood.com\/hr\/wp-json\/wp\/v2\/media?parent=40161"}],"wp:term":[{"taxonomy":"product_brand","embeddable":true,"href":"https:\/\/myspainfood.com\/hr\/wp-json\/wp\/v2\/product_brand?post=40161"},{"taxonomy":"product_cat","embeddable":true,"href":"https:\/\/myspainfood.com\/hr\/wp-json\/wp\/v2\/product_cat?post=40161"},{"taxonomy":"product_tag","embeddable":true,"href":"https:\/\/myspainfood.com\/hr\/wp-json\/wp\/v2\/product_tag?post=40161"}],"curies":[{"name":"wp","href":"https:\/\/api.w.org\/{rel}","templated":true}]}}