{"id":40195,"date":"2025-04-10T12:14:06","date_gmt":"2025-04-10T10:14:06","guid":{"rendered":"https:\/\/myspainfood.com\/producto\/bijeli-grah-iz-navarre-a-inigo-autentican-tradicionalni-okus-660-gr\/"},"modified":"2025-09-02T10:53:48","modified_gmt":"2025-09-02T08:53:48","slug":"bijeli-grah-iz-navarre-a-inigo-autentican-tradicionalni-okus-660-gr","status":"publish","type":"product","link":"https:\/\/myspainfood.com\/hr\/producto\/bijeli-grah-iz-navarre-a-inigo-autentican-tradicionalni-okus-660-gr\/","title":{"rendered":"Bijeli grah iz Navarre A. I\u00f1igo \u2013 autenti\u010dan tradicionalni okus 660 gr"},"content":{"rendered":"<p>A. I\u00f1igo&#8217;s Pochas Blancas su tradicionalna delicija iz regije Navarra, poznata po svojoj iznimnoj kvaliteti i okusu. Ova svje\u017ea zrna beru se u trenutku najve\u0107e zrelosti i pa\u017eljivo pakiraju kako bi se sa\u010duvala sva njihova svje\u017eina i hranjive tvari. <\/p>\n<ul>\n<li><strong>Podrijetlo:<\/strong> Navarra, \u0160panjolska<\/li>\n<li><strong>Vrsta graha:<\/strong> Bijeli Pochas<\/li>\n<li><strong>Prezentacija:<\/strong> Staklena posuda<\/li>\n<li><strong>Sastojci:<\/strong> bijeli pochas grah, voda, sol<\/li>\n<li><strong>Upute za \u010duvanje:<\/strong> \u010cuvati na hladnom i suhom mjestu.<\/li>\n<li><strong>Preporu\u010dena upotreba:<\/strong> Idealno za variva, salate i tradicionalna jela navarske i mediteranske kuhinje.<\/li>\n<\/ul>\n<p>Bijeli grah A. I\u00f1igo odlikuje se meko\u0107om i nje\u017enim okusom, koji savr\u0161eno nadopunjuje ostale sastojke u juhama, varivima i salatama. Njihova nje\u017ena tekstura i tanka ko\u017eica \u010dine ih posebno cijenjenima me\u0111u gurmanima i ljubiteljima tradicionalne kuhinje. <\/p>\n","protected":false},"excerpt":{"rendered":"<p>A. I\u00f1igo&#8217;s Pochas Blancas su tradicionalna delicija iz regije Navarra, poznata po svojoj iznimnoj kvaliteti i okusu. Ova svje\u017ea zrna beru se u trenutku najve\u0107e zrelosti i pa\u017eljivo pakiraju kako bi se sa\u010duvala sva njihova svje\u017eina i hranjive tvari. Podrijetlo: Navarra, \u0160panjolska Vrsta graha: Bijeli Pochas Prezentacija: Staklena posuda Sastojci: bijeli pochas grah, voda, sol [&hellip;]<\/p>\n","protected":false},"featured_media":40201,"template":"","meta":{"_et_pb_use_builder":"","_et_pb_old_content":"","_et_gb_content_width":""},"product_brand":[1461],"product_cat":[3753],"product_tag":[],"class_list":{"0":"post-40195","1":"product","2":"type-product","3":"status-publish","4":"has-post-thumbnail","6":"product_brand-a-inigo","7":"product_cat-konzerve-hr-3","9":"first","10":"outofstock","11":"taxable","12":"shipping-taxable","13":"purchasable","14":"product-type-variable"},"_links":{"self":[{"href":"https:\/\/myspainfood.com\/hr\/wp-json\/wp\/v2\/product\/40195","targetHints":{"allow":["GET"]}}],"collection":[{"href":"https:\/\/myspainfood.com\/hr\/wp-json\/wp\/v2\/product"}],"about":[{"href":"https:\/\/myspainfood.com\/hr\/wp-json\/wp\/v2\/types\/product"}],"wp:featuredmedia":[{"embeddable":true,"href":"https:\/\/myspainfood.com\/hr\/wp-json\/wp\/v2\/media\/40201"}],"wp:attachment":[{"href":"https:\/\/myspainfood.com\/hr\/wp-json\/wp\/v2\/media?parent=40195"}],"wp:term":[{"taxonomy":"product_brand","embeddable":true,"href":"https:\/\/myspainfood.com\/hr\/wp-json\/wp\/v2\/product_brand?post=40195"},{"taxonomy":"product_cat","embeddable":true,"href":"https:\/\/myspainfood.com\/hr\/wp-json\/wp\/v2\/product_cat?post=40195"},{"taxonomy":"product_tag","embeddable":true,"href":"https:\/\/myspainfood.com\/hr\/wp-json\/wp\/v2\/product_tag?post=40195"}],"curies":[{"name":"wp","href":"https:\/\/api.w.org\/{rel}","templated":true}]}}