{"id":40244,"date":"2025-04-10T12:14:28","date_gmt":"2025-04-10T10:14:28","guid":{"rendered":"https:\/\/myspainfood.com\/producto\/la-encajera-cijeli-zacinjeni-patlidzan-560-grama\/"},"modified":"2025-04-10T12:14:28","modified_gmt":"2025-04-10T10:14:28","slug":"la-encajera-cijeli-zacinjeni-patlidzan-560-grama","status":"publish","type":"product","link":"https:\/\/myspainfood.com\/hr\/producto\/la-encajera-cijeli-zacinjeni-patlidzan-560-grama\/","title":{"rendered":"La Encajera cijeli za\u010dinjeni patlid\u017ean 560 grama"},"content":{"rendered":"<p>Cijeli za\u010dinjeni patlid\u017ean idealno je <a href=\"https:\/\/www.laencajera.es\/berenjenas-de-almagro\" target=\"_blank\" rel=\"noopener noreferrer nofollow\">predjelo<\/a> .<\/p>\n<p>Tako\u0111er se koristi kao prilog salatama.<\/p>\n<p>Isti\u010du se po svom preljevu: voda, vinski ocat, maslinovo ulje, paprika iz La Vere, sol, kumin i \u010de\u0161njak.<\/p>\n<p>Cijeli za\u010dinjeni patlid\u017eani izvorno potje\u010du iz Kastilje la Manche u \u0160panjolskoj.<\/p>\n<p>Sastojci: Patlid\u017ean &#8220;De Almagro&#8221;, voda, sol, vinski ocat, prirodni za\u010dini (\u010de\u0161njak, kumin, paprika, maslinovo ulje), poja\u010diva\u010d okusa (E-621), sredstva za zakiseljavanje (E-330), konzervansi (E-270, E-211, E-202, E-223), antioksidans (E-300) i prirodne arome.<\/p>\n<p>\u010cuvati na hladnom i suhom mjestu, izme\u0111u 3\u00baC i 10\u00baC. Dr\u017eati dalje od sun\u010deve svjetlosti i jakih mirisa. <\/p>\n<p>Nakon otvaranja, posudu \u010duvajte u hladnjaku i konzumirajte unutar 30 dana.<\/p>\n<p>Ako \u017eelite kupiti masline ili bilo koju drugu vrstu <a href=\"https:\/\/latiendadesami.com\/categoria-producto\/encurtidos\/\" rel=\"noopener noreferrer nofollow\" target=\"_blank\">ukiseljenog proizvoda<\/a> , slobodno pogledajte cijeli na\u0161 online katalog kako biste vidjeli \u0161irok izbor <a href=\"https:\/\/latiendadesami.com\/categoria-producto\/encurtidos\/berenjenas\/\" target=\"_blank\" rel=\"noopener noreferrer nofollow\">patlid\u017eana<\/a> koje imamo.<\/p>\n<p>Brend je La Encajonera, obiteljski posao osnovan 1990. godine, smje\u0161ten u srcu La Manche, u gradu ALMAGRO, u pokrajini Ciudad Real.<\/p>\n<p>Proizvodni proces njihovih proizvoda zapo\u010dinje u istom podru\u010dju uzgoja, odabiru\u0107i proizvode najvi\u0161e kvalitete.<\/p>\n<p>Tvornica je opremljena najnaprednijom tehnologijom, a istovremeno odr\u017eava tradiciju i stru\u010dnost svojih obrtnika.<\/p>\n","protected":false},"excerpt":{"rendered":"<p>Cijeli za\u010dinjeni patlid\u017ean idealno je predjelo . Tako\u0111er se koristi kao prilog salatama. Isti\u010du se po svom preljevu: voda, vinski ocat, maslinovo ulje, paprika iz La Vere, sol, kumin i \u010de\u0161njak. Cijeli za\u010dinjeni patlid\u017eani izvorno potje\u010du iz Kastilje la Manche u \u0160panjolskoj. Sastojci: Patlid\u017ean &#8220;De Almagro&#8221;, voda, sol, vinski ocat, prirodni za\u010dini (\u010de\u0161njak, kumin, paprika, [&hellip;]<\/p>\n","protected":false},"featured_media":23012,"template":"","meta":{"_et_pb_use_builder":"","_et_pb_old_content":"","_et_gb_content_width":""},"product_brand":[1057],"product_cat":[1791,2102],"product_tag":[2103],"class_list":{"0":"post-40244","1":"product","2":"type-product","3":"status-publish","4":"has-post-thumbnail","6":"product_brand-la-encajera","7":"product_cat-kiseli-krastavci","8":"product_cat-patlidzani","9":"product_tag-odjeven-a","11":"first","12":"outofstock","13":"taxable","14":"shipping-taxable","15":"product-type-variable"},"_links":{"self":[{"href":"https:\/\/myspainfood.com\/hr\/wp-json\/wp\/v2\/product\/40244","targetHints":{"allow":["GET"]}}],"collection":[{"href":"https:\/\/myspainfood.com\/hr\/wp-json\/wp\/v2\/product"}],"about":[{"href":"https:\/\/myspainfood.com\/hr\/wp-json\/wp\/v2\/types\/product"}],"wp:featuredmedia":[{"embeddable":true,"href":"https:\/\/myspainfood.com\/hr\/wp-json\/wp\/v2\/media\/23012"}],"wp:attachment":[{"href":"https:\/\/myspainfood.com\/hr\/wp-json\/wp\/v2\/media?parent=40244"}],"wp:term":[{"taxonomy":"product_brand","embeddable":true,"href":"https:\/\/myspainfood.com\/hr\/wp-json\/wp\/v2\/product_brand?post=40244"},{"taxonomy":"product_cat","embeddable":true,"href":"https:\/\/myspainfood.com\/hr\/wp-json\/wp\/v2\/product_cat?post=40244"},{"taxonomy":"product_tag","embeddable":true,"href":"https:\/\/myspainfood.com\/hr\/wp-json\/wp\/v2\/product_tag?post=40244"}],"curies":[{"name":"wp","href":"https:\/\/api.w.org\/{rel}","templated":true}]}}