{"id":41234,"date":"2025-04-10T12:12:29","date_gmt":"2025-04-10T10:12:29","guid":{"rendered":"https:\/\/myspainfood.com\/producto\/dzem-od-breskve-the-old-factory-diet-280-g\/"},"modified":"2025-09-02T10:53:20","modified_gmt":"2025-09-02T08:53:20","slug":"dzem-od-breskve-the-old-factory-diet-280-g","status":"publish","type":"product","link":"https:\/\/myspainfood.com\/hr\/producto\/dzem-od-breskve-the-old-factory-diet-280-g\/","title":{"rendered":"D\u017eem od breskve The Old Factory DIET 280 g"},"content":{"rendered":"<p>D\u017eem od breskve La Vieja F\u00e1brica Diet ukusan je izbor za one koji \u017eele u\u017eivati \u200b\u200bu autenti\u010dnom okusu vo\u0107a bez dodavanja nepotrebnih kalorija svojoj prehrani. Ovaj d\u017eem, napravljen od odabranih breskvi i prema tradicionalnim receptima La Vieja F\u00e1brice, nudi svje\u017e i prirodan okus. <\/p>\n<p><strong>Porijeklo<\/strong> : \u0160panjolska Proizvo\u0111a\u010d: \u00c1ngel Camacho Alimentaci\u00f3n, SL<\/p>\n<p><strong>Adresa proizvo\u0111a\u010da<\/strong> : Avda. del Pilar, 6 \u2013 41530 Mor\u00f3n de la Frontera (Sevilla)<\/p>\n<p> <strong>Podrijetlo<\/strong> : Proizvod \u0160panjolske<\/p>\n<p><strong>Neto te\u017eina<\/strong> : 280 g<\/p>\n<p><strong>Dodatne obvezne informacije na etiketi<\/strong> : Sadr\u017ei 55 g breskve na 100 g.<\/p>\n<p><strong>Ukupni \u0161e\u0107eri<\/strong> : 42 g na 100 g.<\/p>\n","protected":false},"excerpt":{"rendered":"<p>D\u017eem od breskve La Vieja F\u00e1brica Diet ukusan je izbor za one koji \u017eele u\u017eivati \u200b\u200bu autenti\u010dnom okusu vo\u0107a bez dodavanja nepotrebnih kalorija svojoj prehrani. Ovaj d\u017eem, napravljen od odabranih breskvi i prema tradicionalnim receptima La Vieja F\u00e1brice, nudi svje\u017e i prirodan okus. Porijeklo : \u0160panjolska Proizvo\u0111a\u010d: \u00c1ngel Camacho Alimentaci\u00f3n, SL Adresa proizvo\u0111a\u010da : Avda. [&hellip;]<\/p>\n","protected":false},"featured_media":41240,"template":"","meta":{"_et_pb_use_builder":"","_et_pb_old_content":"","_et_gb_content_width":""},"product_brand":[1460],"product_cat":[1917],"product_tag":[],"class_list":{"0":"post-41234","1":"product","2":"type-product","3":"status-publish","4":"has-post-thumbnail","6":"product_brand-la-vieja-fabrica","7":"product_cat-konzerve","9":"first","10":"outofstock","11":"taxable","12":"shipping-taxable","13":"product-type-variable"},"_links":{"self":[{"href":"https:\/\/myspainfood.com\/hr\/wp-json\/wp\/v2\/product\/41234","targetHints":{"allow":["GET"]}}],"collection":[{"href":"https:\/\/myspainfood.com\/hr\/wp-json\/wp\/v2\/product"}],"about":[{"href":"https:\/\/myspainfood.com\/hr\/wp-json\/wp\/v2\/types\/product"}],"wp:featuredmedia":[{"embeddable":true,"href":"https:\/\/myspainfood.com\/hr\/wp-json\/wp\/v2\/media\/41240"}],"wp:attachment":[{"href":"https:\/\/myspainfood.com\/hr\/wp-json\/wp\/v2\/media?parent=41234"}],"wp:term":[{"taxonomy":"product_brand","embeddable":true,"href":"https:\/\/myspainfood.com\/hr\/wp-json\/wp\/v2\/product_brand?post=41234"},{"taxonomy":"product_cat","embeddable":true,"href":"https:\/\/myspainfood.com\/hr\/wp-json\/wp\/v2\/product_cat?post=41234"},{"taxonomy":"product_tag","embeddable":true,"href":"https:\/\/myspainfood.com\/hr\/wp-json\/wp\/v2\/product_tag?post=41234"}],"curies":[{"name":"wp","href":"https:\/\/api.w.org\/{rel}","templated":true}]}}