{"id":41288,"date":"2025-04-10T12:12:57","date_gmt":"2025-04-10T10:12:57","guid":{"rendered":"https:\/\/myspainfood.com\/producto\/a-inigo-okrugli-zeleni-grah-srednji-komadi-400-gr\/"},"modified":"2025-04-10T12:12:57","modified_gmt":"2025-04-10T10:12:57","slug":"a-inigo-okrugli-zeleni-grah-srednji-komadi-400-gr","status":"publish","type":"product","link":"https:\/\/myspainfood.com\/hr\/producto\/a-inigo-okrugli-zeleni-grah-srednji-komadi-400-gr\/","title":{"rendered":"A.I\u00f1igo Okrugli zeleni grah srednji komadi 400 gr"},"content":{"rendered":"<p>A.I\u00f1igo zeleni grah predstavlja izvrsnost u svje\u017eini i okusu. Ovaj zeleni grah, pa\u017eljivo odabran i ubran u trenutku svoje vrhunske zrelosti, idealan je izbor za svaki dnevni obrok. <\/p>\n<p><strong>Energetska vrijednost:<\/strong> 15,9 kJ \/ 67,5 kcal<\/p>\n<p><strong>Masti<\/strong> : 0 g<\/p>\n<p><strong>Od kojih zasi\u0107ene<\/strong> 0 g<\/p>\n<p><strong>Ugljikohidrati:<\/strong> 3,3 g<\/p>\n<p><strong>Od kojih \u0161e\u0107eri<\/strong> : 0,8 g<\/p>\n<p><strong>Dijetalna vlakna<\/strong> : 1,5 g<\/p>\n<p><strong>Proteini<\/strong> : 0,67 g<\/p>\n<p><strong>Sol<\/strong> : 0,5 g<\/p>\n","protected":false},"excerpt":{"rendered":"<p>A.I\u00f1igo zeleni grah predstavlja izvrsnost u svje\u017eini i okusu. Ovaj zeleni grah, pa\u017eljivo odabran i ubran u trenutku svoje vrhunske zrelosti, idealan je izbor za svaki dnevni obrok. Energetska vrijednost: 15,9 kJ \/ 67,5 kcal Masti : 0 g Od kojih zasi\u0107ene 0 g Ugljikohidrati: 3,3 g Od kojih \u0161e\u0107eri : 0,8 g Dijetalna vlakna [&hellip;]<\/p>\n","protected":false},"featured_media":41298,"template":"","meta":{"_et_pb_use_builder":"","_et_pb_old_content":"","_et_gb_content_width":""},"product_brand":[1461],"product_cat":[1917],"product_tag":[],"class_list":{"0":"post-41288","1":"product","2":"type-product","3":"status-publish","4":"has-post-thumbnail","6":"product_brand-a-inigo","7":"product_cat-konzerve","9":"first","10":"instock","11":"taxable","12":"shipping-taxable","13":"product-type-variable"},"_links":{"self":[{"href":"https:\/\/myspainfood.com\/hr\/wp-json\/wp\/v2\/product\/41288","targetHints":{"allow":["GET"]}}],"collection":[{"href":"https:\/\/myspainfood.com\/hr\/wp-json\/wp\/v2\/product"}],"about":[{"href":"https:\/\/myspainfood.com\/hr\/wp-json\/wp\/v2\/types\/product"}],"wp:featuredmedia":[{"embeddable":true,"href":"https:\/\/myspainfood.com\/hr\/wp-json\/wp\/v2\/media\/41298"}],"wp:attachment":[{"href":"https:\/\/myspainfood.com\/hr\/wp-json\/wp\/v2\/media?parent=41288"}],"wp:term":[{"taxonomy":"product_brand","embeddable":true,"href":"https:\/\/myspainfood.com\/hr\/wp-json\/wp\/v2\/product_brand?post=41288"},{"taxonomy":"product_cat","embeddable":true,"href":"https:\/\/myspainfood.com\/hr\/wp-json\/wp\/v2\/product_cat?post=41288"},{"taxonomy":"product_tag","embeddable":true,"href":"https:\/\/myspainfood.com\/hr\/wp-json\/wp\/v2\/product_tag?post=41288"}],"curies":[{"name":"wp","href":"https:\/\/api.w.org\/{rel}","templated":true}]}}