{"id":41343,"date":"2025-04-10T12:12:57","date_gmt":"2025-04-10T10:12:57","guid":{"rendered":"https:\/\/myspainfood.com\/producto\/a-inigo-rezana-mrkva-400-gr\/"},"modified":"2025-04-10T12:12:57","modified_gmt":"2025-04-10T10:12:57","slug":"a-inigo-rezana-mrkva-400-gr","status":"publish","type":"product","link":"https:\/\/myspainfood.com\/hr\/producto\/a-inigo-rezana-mrkva-400-gr\/","title":{"rendered":"A.I\u00f1igo rezana mrkva 400 gr"},"content":{"rendered":"<p>Mrkva A.I\u00f1igo savr\u0161en je izbor za one koji tra\u017ee kvalitetu i okus u svojoj hrani. Pa\u017eljivo uzgojene i pa\u017eljivo odabrane, ove mrkve nude hrskavu teksturu i sladak, prirodan okus koji \u0107e obogatiti svako jelo. <\/p>\n<p>&nbsp;<\/p>\n<p><strong>Energetska vrijednost:<\/strong> 71,4 kJ \/ 16,8 kcal<\/p>\n<p><strong>Zasi\u0107ene masti<\/strong> : 0 g<\/p>\n<p><strong>Ugljikohidrati<\/strong> : 4,2 g<\/p>\n<p><strong>Od kojih \u0161e\u0107eri:<\/strong> 2,3 g<\/p>\n<p><strong>Dijetalna vlakna<\/strong> : 1,4 g<\/p>\n<p><strong>Proteini<\/strong> : 0 g<\/p>\n<p><strong>Sol<\/strong> : 0,65 g<\/p>\n","protected":false},"excerpt":{"rendered":"<p>Mrkva A.I\u00f1igo savr\u0161en je izbor za one koji tra\u017ee kvalitetu i okus u svojoj hrani. Pa\u017eljivo uzgojene i pa\u017eljivo odabrane, ove mrkve nude hrskavu teksturu i sladak, prirodan okus koji \u0107e obogatiti svako jelo. &nbsp; Energetska vrijednost: 71,4 kJ \/ 16,8 kcal Zasi\u0107ene masti : 0 g Ugljikohidrati : 4,2 g Od kojih \u0161e\u0107eri: 2,3 [&hellip;]<\/p>\n","protected":false},"featured_media":41349,"template":"","meta":{"_et_pb_use_builder":"","_et_pb_old_content":"","_et_gb_content_width":""},"product_brand":[1461],"product_cat":[1917],"product_tag":[],"class_list":{"0":"post-41343","1":"product","2":"type-product","3":"status-publish","4":"has-post-thumbnail","6":"product_brand-a-inigo","7":"product_cat-konzerve","9":"first","10":"outofstock","11":"taxable","12":"shipping-taxable","13":"product-type-variable"},"_links":{"self":[{"href":"https:\/\/myspainfood.com\/hr\/wp-json\/wp\/v2\/product\/41343","targetHints":{"allow":["GET"]}}],"collection":[{"href":"https:\/\/myspainfood.com\/hr\/wp-json\/wp\/v2\/product"}],"about":[{"href":"https:\/\/myspainfood.com\/hr\/wp-json\/wp\/v2\/types\/product"}],"wp:featuredmedia":[{"embeddable":true,"href":"https:\/\/myspainfood.com\/hr\/wp-json\/wp\/v2\/media\/41349"}],"wp:attachment":[{"href":"https:\/\/myspainfood.com\/hr\/wp-json\/wp\/v2\/media?parent=41343"}],"wp:term":[{"taxonomy":"product_brand","embeddable":true,"href":"https:\/\/myspainfood.com\/hr\/wp-json\/wp\/v2\/product_brand?post=41343"},{"taxonomy":"product_cat","embeddable":true,"href":"https:\/\/myspainfood.com\/hr\/wp-json\/wp\/v2\/product_cat?post=41343"},{"taxonomy":"product_tag","embeddable":true,"href":"https:\/\/myspainfood.com\/hr\/wp-json\/wp\/v2\/product_tag?post=41343"}],"curies":[{"name":"wp","href":"https:\/\/api.w.org\/{rel}","templated":true}]}}