{"id":41470,"date":"2025-04-10T12:12:57","date_gmt":"2025-04-10T10:12:57","guid":{"rendered":"https:\/\/myspainfood.com\/producto\/dzem-od-sumskog-voca-stara-tvornica-280-gr\/"},"modified":"2025-04-10T12:12:57","modified_gmt":"2025-04-10T10:12:57","slug":"dzem-od-sumskog-voca-stara-tvornica-280-gr","status":"publish","type":"product","link":"https:\/\/myspainfood.com\/hr\/producto\/dzem-od-sumskog-voca-stara-tvornica-280-gr\/","title":{"rendered":"D\u017eem od \u0161umskog vo\u0107a Stara tvornica 280 gr"},"content":{"rendered":"<p>D\u017eem od \u0161umskog vo\u0107a La Vieja F\u00e1brica izvrsna je kombinacija najfinijeg \u0161umskog vo\u0107a, pa\u017eljivo odabranog kako bi ponudio jedinstven i ukusan okus. Ovaj proizvod isti\u010de se svojom zanatskom izradom i predano\u0161\u0107u kvaliteti, pru\u017eaju\u0107i gastronomsko iskustvo koje u svakoj \u017elici evocira bit prirode. <\/p>\n<p><span class=\"info-key \"><strong>Naziv jela<\/strong> :<\/span> D\u017eem od \u0161umskog vo\u0107a<\/p>\n<p><span class=\"info-key \"><strong>Naziv operatera<\/strong> :<\/span> \u00c1ngel Camacho Alimentaci\u00f3n, SL<\/p>\n<p><strong><span class=\"info-key \">Adresa operatera:<\/span><\/strong> Avda. del Pilar, 6 \u2013 41530 Mor\u00f3n de la Frontera (Sevilla)<\/p>\n<p><span class=\"info-key \"><strong>Mjesto podrijetla hrane<\/strong> :<\/span> Proizvod \u0160panjolske<\/p>\n<p><span class=\"info-key \"><strong>Neto koli\u010dina<\/strong> :<\/span> 350 g<\/p>\n<p><span class=\"info-key \"><strong>Ostale obvezne napomene na etiketi<\/strong> :<\/span> Napravljeno s 45 g \u0161umskog vo\u0107a na 100 g.<\/p>\n<p> <strong>Ukupni sadr\u017eaj \u0161e\u0107era<\/strong> 50 g na 100 g.<\/p>\n","protected":false},"excerpt":{"rendered":"<p>D\u017eem od \u0161umskog vo\u0107a La Vieja F\u00e1brica izvrsna je kombinacija najfinijeg \u0161umskog vo\u0107a, pa\u017eljivo odabranog kako bi ponudio jedinstven i ukusan okus. Ovaj proizvod isti\u010de se svojom zanatskom izradom i predano\u0161\u0107u kvaliteti, pru\u017eaju\u0107i gastronomsko iskustvo koje u svakoj \u017elici evocira bit prirode. Naziv jela : D\u017eem od \u0161umskog vo\u0107a Naziv operatera : \u00c1ngel Camacho Alimentaci\u00f3n, [&hellip;]<\/p>\n","protected":false},"featured_media":41475,"template":"","meta":{"_et_pb_use_builder":"","_et_pb_old_content":"","_et_gb_content_width":""},"product_brand":[1460],"product_cat":[1917],"product_tag":[],"class_list":{"0":"post-41470","1":"product","2":"type-product","3":"status-publish","4":"has-post-thumbnail","6":"product_brand-la-vieja-fabrica","7":"product_cat-konzerve","9":"first","10":"outofstock","11":"taxable","12":"shipping-taxable","13":"product-type-variable"},"_links":{"self":[{"href":"https:\/\/myspainfood.com\/hr\/wp-json\/wp\/v2\/product\/41470","targetHints":{"allow":["GET"]}}],"collection":[{"href":"https:\/\/myspainfood.com\/hr\/wp-json\/wp\/v2\/product"}],"about":[{"href":"https:\/\/myspainfood.com\/hr\/wp-json\/wp\/v2\/types\/product"}],"wp:featuredmedia":[{"embeddable":true,"href":"https:\/\/myspainfood.com\/hr\/wp-json\/wp\/v2\/media\/41475"}],"wp:attachment":[{"href":"https:\/\/myspainfood.com\/hr\/wp-json\/wp\/v2\/media?parent=41470"}],"wp:term":[{"taxonomy":"product_brand","embeddable":true,"href":"https:\/\/myspainfood.com\/hr\/wp-json\/wp\/v2\/product_brand?post=41470"},{"taxonomy":"product_cat","embeddable":true,"href":"https:\/\/myspainfood.com\/hr\/wp-json\/wp\/v2\/product_cat?post=41470"},{"taxonomy":"product_tag","embeddable":true,"href":"https:\/\/myspainfood.com\/hr\/wp-json\/wp\/v2\/product_tag?post=41470"}],"curies":[{"name":"wp","href":"https:\/\/api.w.org\/{rel}","templated":true}]}}