{"id":41920,"date":"2025-04-10T12:12:29","date_gmt":"2025-04-10T10:12:29","guid":{"rendered":"https:\/\/myspainfood.com\/producto\/mlado-crno-vino-santos-sodupe-rioja-zanemariti\/"},"modified":"2026-01-29T12:48:59","modified_gmt":"2026-01-29T11:48:59","slug":"mlado-crno-vino-santos-sodupe-rioja-zanemariti","status":"publish","type":"product","link":"https:\/\/myspainfood.com\/hr\/producto\/mlado-crno-vino-santos-sodupe-rioja-zanemariti\/","title":{"rendered":"Santos Sodupe Rioja Tinto Joven Zanemarivanje"},"content":{"rendered":"<p>Tradicionalna karbonska maceracija<\/p>\n<p>Hladna maceracija<\/p>\n<p>Sok pre\u0161ani pod niskim tlakom, slobodno iscije\u0111en<\/p>\n<p>\u010ci\u0161\u0107enje dekantiranjem (uklanjanje mulja)<\/p>\n<p>Fermentacija na kontroliranoj temperaturi<\/p>\n<p>Odabrani urod sa same loze<\/p>\n<p>Tehni\u010dke specifikacije<\/p>\n<p>Mlado crno vino<\/p>\n<p>85% Tempranillo, 10% Viura, 5% Graciano<\/p>\n<p>Vinarije Santos Sodupe<\/p>\n<p>San Asensio, La Rioja<\/p>\n<p>DOC Rioja<\/p>\n<p>75 cl \/ 12,5% vol.<\/p>\n<p>Sadr\u017ei sulfite<\/p>\n","protected":false},"excerpt":{"rendered":"<p>Tradicionalna karbonska maceracija Hladna maceracija Sok pre\u0161ani pod niskim tlakom, slobodno iscije\u0111en \u010ci\u0161\u0107enje dekantiranjem (uklanjanje mulja) Fermentacija na kontroliranoj temperaturi Odabrani urod sa same loze Tehni\u010dke specifikacije Mlado crno vino 85% Tempranillo, 10% Viura, 5% Graciano Vinarije Santos Sodupe San Asensio, La Rioja DOC Rioja 75 cl \/ 12,5% vol. Sadr\u017ei sulfite<\/p>\n","protected":false},"featured_media":41923,"template":"","meta":{"_et_pb_use_builder":"","_et_pb_old_content":"","_et_gb_content_width":""},"product_brand":[1459],"product_cat":[6286,4919],"product_tag":[],"class_list":{"0":"post-41920","1":"product","2":"type-product","3":"status-publish","4":"has-post-thumbnail","6":"product_brand-santos-sodupe","7":"product_cat-dosao-hr-2","8":"product_cat-pica","10":"first","11":"outofstock","12":"taxable","13":"shipping-taxable","14":"product-type-variable"},"_links":{"self":[{"href":"https:\/\/myspainfood.com\/hr\/wp-json\/wp\/v2\/product\/41920","targetHints":{"allow":["GET"]}}],"collection":[{"href":"https:\/\/myspainfood.com\/hr\/wp-json\/wp\/v2\/product"}],"about":[{"href":"https:\/\/myspainfood.com\/hr\/wp-json\/wp\/v2\/types\/product"}],"wp:featuredmedia":[{"embeddable":true,"href":"https:\/\/myspainfood.com\/hr\/wp-json\/wp\/v2\/media\/41923"}],"wp:attachment":[{"href":"https:\/\/myspainfood.com\/hr\/wp-json\/wp\/v2\/media?parent=41920"}],"wp:term":[{"taxonomy":"product_brand","embeddable":true,"href":"https:\/\/myspainfood.com\/hr\/wp-json\/wp\/v2\/product_brand?post=41920"},{"taxonomy":"product_cat","embeddable":true,"href":"https:\/\/myspainfood.com\/hr\/wp-json\/wp\/v2\/product_cat?post=41920"},{"taxonomy":"product_tag","embeddable":true,"href":"https:\/\/myspainfood.com\/hr\/wp-json\/wp\/v2\/product_tag?post=41920"}],"curies":[{"name":"wp","href":"https:\/\/api.w.org\/{rel}","templated":true}]}}