{"id":41965,"date":"2025-04-10T12:11:40","date_gmt":"2025-04-10T10:11:40","guid":{"rendered":"https:\/\/myspainfood.com\/producto\/nieva-cojonudos-ekstra-bijele-sparoge-13-16-vrlo-debele\/"},"modified":"2025-04-10T12:11:40","modified_gmt":"2025-04-10T10:11:40","slug":"nieva-cojonudos-ekstra-bijele-sparoge-13-16-vrlo-debele","status":"publish","type":"product","link":"https:\/\/myspainfood.com\/hr\/producto\/nieva-cojonudos-ekstra-bijele-sparoge-13-16-vrlo-debele\/","title":{"rendered":"Nieva &#8220;Cojonudos&#8221; ekstra bijele \u0161paroge 13\/16 vrlo debele"},"content":{"rendered":"<p>Uronite u izvrsnost Nievinih debelih bijelih \u0161paroga i otkrijte jedinstveno kulinarsko iskustvo! Svaka \u0161paroga pa\u017eljivo je odabrana i uzgojena na najplodnijim zemlji\u0161tima, \u0161to jam\u010di maksimalnu kvalitetu i svje\u017einu u svakom zalogaju. <\/p>\n<p>Bijele \u0161paroge marke Nieva isti\u010du se svojom velikodu\u0161nom veli\u010dinom i \u010dvrstom, so\u010dnom teksturom. S iznimno velikim promjerom, ove \u0161paroge su savr\u0161en izbor za one koji tra\u017ee intenzivan okus i ukusnu konzistenciju u svakoj porciji. <\/p>\n<p>Na\u0161e bijele \u0161paroge, dobivene s najpa\u017eljivije obra\u0111enih polja i ubrane u trenutku njihove vrhunske zrelosti, prirodno su blago koje \u0107e odu\u0161eviti va\u0161e nepce i podi\u0107i va\u0161a jela na nove kulinarske visine.<\/p>\n<p>U\u017eivajte u njegovom glatkom okusu s blago gorkom notom i nje\u017enoj, ali otpornoj teksturi. Bilo da ih u\u017eivate kao prilog uz glavna jela, dodajete ih svje\u017eim salatama ili ih uklju\u010dujete u gurmanske recepte, ekstra debele bijele \u0161paroge marke Nieva savr\u0161en su izbor za ljubitelje dobre hrane. <\/p>\n<p>Iznenadite svoje goste kulinarskom izvrsno\u0161\u0107u na\u0161ih bijelih \u0161paroga i pretvorite svaki obrok u nezaboravno iskustvo. Nabavite ih odmah i otkrijte za\u0161to je Nieva sinonim za iznimnu kvalitetu i okus u svakom zalogaju! <\/p>\n","protected":false},"excerpt":{"rendered":"<p>Uronite u izvrsnost Nievinih debelih bijelih \u0161paroga i otkrijte jedinstveno kulinarsko iskustvo! Svaka \u0161paroga pa\u017eljivo je odabrana i uzgojena na najplodnijim zemlji\u0161tima, \u0161to jam\u010di maksimalnu kvalitetu i svje\u017einu u svakom zalogaju. <\/p>\n","protected":false},"featured_media":41969,"template":"","meta":{"_et_pb_use_builder":"","_et_pb_old_content":"","_et_gb_content_width":""},"product_brand":[1458],"product_cat":[1917,6433],"product_tag":[],"class_list":{"0":"post-41965","1":"product","2":"type-product","3":"status-publish","4":"has-post-thumbnail","6":"product_brand-nieva-cojonudos","7":"product_cat-konzerve","8":"product_cat-sparoga","10":"first","11":"outofstock","12":"taxable","13":"shipping-taxable","14":"product-type-variable"},"_links":{"self":[{"href":"https:\/\/myspainfood.com\/hr\/wp-json\/wp\/v2\/product\/41965","targetHints":{"allow":["GET"]}}],"collection":[{"href":"https:\/\/myspainfood.com\/hr\/wp-json\/wp\/v2\/product"}],"about":[{"href":"https:\/\/myspainfood.com\/hr\/wp-json\/wp\/v2\/types\/product"}],"wp:featuredmedia":[{"embeddable":true,"href":"https:\/\/myspainfood.com\/hr\/wp-json\/wp\/v2\/media\/41969"}],"wp:attachment":[{"href":"https:\/\/myspainfood.com\/hr\/wp-json\/wp\/v2\/media?parent=41965"}],"wp:term":[{"taxonomy":"product_brand","embeddable":true,"href":"https:\/\/myspainfood.com\/hr\/wp-json\/wp\/v2\/product_brand?post=41965"},{"taxonomy":"product_cat","embeddable":true,"href":"https:\/\/myspainfood.com\/hr\/wp-json\/wp\/v2\/product_cat?post=41965"},{"taxonomy":"product_tag","embeddable":true,"href":"https:\/\/myspainfood.com\/hr\/wp-json\/wp\/v2\/product_tag?post=41965"}],"curies":[{"name":"wp","href":"https:\/\/api.w.org\/{rel}","templated":true}]}}